{"id":15430,"date":"2016-06-03T06:46:16","date_gmt":"2016-06-03T06:46:16","guid":{"rendered":"https:\/\/prosertek.comes\/?page_id=15430"},"modified":"2025-03-20T08:20:42","modified_gmt":"2025-03-20T07:20:42","slug":"sistemas-de-gestion","status":"publish","type":"page","link":"https:\/\/prosertek.com\/es\/sistemas-de-gestion\/","title":{"rendered":"Sistemas de Gesti\u00f3n"},"content":{"rendered":"<p>[vc_row][vc_column width=\u00bb1\/1&#8243;][vc_column_text]<\/p>\n<div class=\"bordes\" style=\"max-width: 90ch;\">\n<p>En Prosertek contamos con nuestro propio <strong>departamento de I+D,<\/strong> especializado en optimizar los procesos de fabricaci\u00f3n, sometidos a estrictos controles de calidad internos y a trav\u00e9s de terceros.<\/p>\n<p>Contamos, as\u00ed mismo, con nuestros <strong>propios laboratorios<\/strong>, equipados con la maquinaria\u00a0y la tecnolog\u00eda necesaria para el <strong>estudio de las materias primas<\/strong> con las que fabricamos nuestros equipos, y para el <strong>ensayo no destructivo<\/strong> de los mismos una vez fabricados. Esto nos permite realizar los <strong>controles de calidad<\/strong> que requieren los <strong>diferentes est\u00e1ndares internacionales.<\/strong><\/p>\n<p>Esta es la raz\u00f3n por la que hemos conseguido las <strong>certificaciones m\u00e1s importantes<\/strong> que avalan la adecuaci\u00f3n de nuestros equipamientos portuarios a las diferentes directivas y normativas internacionales, incluyendo las certificaciones <strong>ISO, OSHAS, ATEX, IECEX o EC.<\/strong><\/p>\n<\/div>\n<p style=\"text-align: center;\"><a class=\"btn\" href=\"#contacto\">Contacta con Nosotros<\/a><\/p>\n<p>[\/vc_column_text][\/vc_column][\/vc_row][vc_row][vc_column width=\u00bb1\/1&#8243;][vc_column_text]<\/p>\n<h2 style=\"text-align: center;\">Nuestros Certificados<\/h2>\n<p>[\/vc_column_text][\/vc_column][\/vc_row][vc_row row_id=\u00bbcertificados\u00bb][vc_column width=\u00bb1\/1&#8243;]<div class=\"single_image wpb_content_element align-center   \" data-animation=\"none\" data-delay=\"0\"><a href=\"https:\/\/prosertek.com\/wp-content\/uploads\/Certificate-ISO-9001-PROSERTEK-S.L.-269432-97602708.pdf\" target=\"_blank\"><img loading=\"lazy\" decoding=\"async\" width=\"212\" height=\"300\" src=\"https:\/\/prosertek.com\/wp-content\/uploads\/ISO-9001-212x300.png\" class=\"attachment-medium\" alt=\"ISO 9001\" srcset=\"https:\/\/prosertek.com\/wp-content\/uploads\/ISO-9001-212x300.png 212w, https:\/\/prosertek.com\/wp-content\/uploads\/ISO-9001.png 605w\" sizes=\"auto, (max-width: 212px) 100vw, 212px\" \/><\/a><span class=\"single_image_caption\">ISO 9001<\/span><\/div><div class=\"single_image wpb_content_element align-center   \" data-animation=\"none\" data-delay=\"0\"><a href=\"https:\/\/prosertek.com\/wp-content\/uploads\/Certificate-ISO-14001-PROSERTEK-S.L.-269432-97602758.pdf\" target=\"_blank\"><img loading=\"lazy\" decoding=\"async\" width=\"212\" height=\"300\" src=\"https:\/\/prosertek.com\/wp-content\/uploads\/ISO-14001-212x300.png\" class=\"attachment-medium\" alt=\"ISO 14001\" srcset=\"https:\/\/prosertek.com\/wp-content\/uploads\/ISO-14001-212x300.png 212w, https:\/\/prosertek.com\/wp-content\/uploads\/ISO-14001.png 607w\" sizes=\"auto, (max-width: 212px) 100vw, 212px\" \/><\/a><span class=\"single_image_caption\">ISO 14001<\/span><\/div><div class=\"single_image wpb_content_element align-center   \" data-animation=\"none\" data-delay=\"0\"><a href=\"https:\/\/prosertek.com\/wp-content\/uploads\/Certificate-ISO-45001-PROSERTEK-S.L.-269432-97602785.pdf\" target=\"_blank\"><img loading=\"lazy\" decoding=\"async\" width=\"211\" height=\"300\" src=\"https:\/\/prosertek.com\/wp-content\/uploads\/ISO-45001-211x300.png\" class=\"attachment-medium\" alt=\"ISO 45001\" srcset=\"https:\/\/prosertek.com\/wp-content\/uploads\/ISO-45001-211x300.png 211w, https:\/\/prosertek.com\/wp-content\/uploads\/ISO-45001.png 602w\" sizes=\"auto, (max-width: 211px) 100vw, 211px\" \/><\/a><span class=\"single_image_caption\">ISO 45001<\/span><\/div><div class=\"single_image wpb_content_element align-center   \" data-animation=\"none\" data-delay=\"0\"><a href=\"https:\/\/prosertek.comwp-content\/uploads\/Politica_SGI_es.pdf\" target=\"_blank\"><img loading=\"lazy\" decoding=\"async\" width=\"212\" height=\"300\" src=\"https:\/\/prosertek.com\/wp-content\/uploads\/Poli\u0301tica-Sistema-Integrado-de-Gestio\u0301n-212x300.png\" class=\"attachment-medium\" alt=\"Poli\u0301tica Sistema Integrado de Gestio\u0301n\" srcset=\"https:\/\/prosertek.com\/wp-content\/uploads\/Poli\u0301tica-Sistema-Integrado-de-Gestio\u0301n-212x300.png 212w, https:\/\/prosertek.com\/wp-content\/uploads\/Poli\u0301tica-Sistema-Integrado-de-Gestio\u0301n.png 606w\" sizes=\"auto, (max-width: 212px) 100vw, 212px\" \/><\/a><span class=\"single_image_caption\">Poli\u0301tica Sistema Integrado de Gestio\u0301n<\/span><\/div>[\/vc_column][\/vc_row][vc_row][vc_column width=\u00bb1\/1&#8243;][vc_widget_sidebar sidebar_id=\u00bbnewsletter\u00bb][\/vc_column][\/vc_row][vc_row row_id=\u00bbcontacto\u00bb][vc_column width=\u00bb1\/1&#8243;][vc_column_text]<\/p>\n<h5>Contacta con nosotros<\/h5>\n<p>[\/vc_column_text][vc_column_text]<script type=\"text\/javascript\" src=\"\/\/ports.prosertek.com\/form\/generate.js?id=5\"><\/script>[\/vc_column_text][\/vc_column][\/vc_row]<\/p>\n","protected":false},"excerpt":{"rendered":"<p>[vc_row][vc_column width=\u00bb1\/1&#8243;][vc_column_text] En Prosertek contamos con nuestro propio departamento de I+D, especializado en optimizar los procesos de fabricaci\u00f3n, sometidos a estrictos controles de calidad internos y a trav\u00e9s de terceros. Contamos, as\u00ed mismo, con nuestros propios laboratorios, equipados con la maquinaria\u00a0y la tecnolog\u00eda necesaria para el estudio de las materias primas con las que fabricamos nuestros equipos, y para el ensayo no destructivo de los mismos una vez fabricados. Esto nos permite realizar los controles de calidad que requieren los diferentes est\u00e1ndares internacionales. Esta es la raz\u00f3n por la que hemos conseguido las certificaciones m\u00e1s importantes que avalan la adecuaci\u00f3n de nuestros equipamientos portuarios a las diferentes directivas y normativas internacionales, incluyendo las certificaciones ISO, OSHAS, ATEX, IECEX o EC. Contacta con Nosotros [\/vc_column_text][\/vc_column][\/vc_row][vc_row][vc_column width=\u00bb1\/1&#8243;][vc_column_text] Nuestros Certificados [\/vc_column_text][\/vc_column][\/vc_row][vc_row row_id=\u00bbcertificados\u00bb][vc_column width=\u00bb1\/1&#8243;][\/vc_column][\/vc_row][vc_row][vc_column width=\u00bb1\/1&#8243;][vc_widget_sidebar sidebar_id=\u00bbnewsletter\u00bb][\/vc_column][\/vc_row][vc_row row_id=\u00bbcontacto\u00bb][vc_column width=\u00bb1\/1&#8243;][vc_column_text] Contacta con nosotros [\/vc_column_text][vc_column_text][\/vc_column_text][\/vc_column][\/vc_row]<\/p>\n","protected":false},"author":1,"featured_media":0,"parent":0,"menu_order":0,"comment_status":"closed","ping_status":"closed","template":"","meta":{"_acf_changed":false,"footnotes":""},"class_list":["post-15430","page","type-page","status-publish","hentry"],"acf":[],"_links":{"self":[{"href":"https:\/\/prosertek.com\/es\/wp-json\/wp\/v2\/pages\/15430","targetHints":{"allow":["GET"]}}],"collection":[{"href":"https:\/\/prosertek.com\/es\/wp-json\/wp\/v2\/pages"}],"about":[{"href":"https:\/\/prosertek.com\/es\/wp-json\/wp\/v2\/types\/page"}],"author":[{"embeddable":true,"href":"https:\/\/prosertek.com\/es\/wp-json\/wp\/v2\/users\/1"}],"replies":[{"embeddable":true,"href":"https:\/\/prosertek.com\/es\/wp-json\/wp\/v2\/comments?post=15430"}],"version-history":[{"count":4,"href":"https:\/\/prosertek.com\/es\/wp-json\/wp\/v2\/pages\/15430\/revisions"}],"predecessor-version":[{"id":30542,"href":"https:\/\/prosertek.com\/es\/wp-json\/wp\/v2\/pages\/15430\/revisions\/30542"}],"wp:attachment":[{"href":"https:\/\/prosertek.com\/es\/wp-json\/wp\/v2\/media?parent=15430"}],"curies":[{"name":"wp","href":"https:\/\/api.w.org\/{rel}","templated":true}]}}