{"id":20027,"date":"2018-06-18T13:21:30","date_gmt":"2018-06-18T12:21:30","guid":{"rendered":"https:\/\/prosertek.comes\/?page_id=20027"},"modified":"2023-10-23T12:55:41","modified_gmt":"2023-10-23T11:55:41","slug":"aviso-legal","status":"publish","type":"page","link":"https:\/\/prosertek.com\/es\/aviso-legal\/","title":{"rendered":"Aviso legal"},"content":{"rendered":"<h2>Pol\u00edtica de privacidad<\/h2>\n<p>Nuestra Pol\u00edtica de Privacidad se ha dise\u00f1ado de acuerdo con el Reglamento General de Protecci\u00f3n de Datos de la UE 2016\/679, relativo a la protecci\u00f3n de las personas f\u00edsicas en lo que respecta al tratamiento de datos personales y a la libre circulaci\u00f3n de estos datos.<\/p>\n<p>Al facilitarnos sus datos, usted declara haber le\u00eddo y conocer la presente Pol\u00edtica de Privacidad, prestando su consentimiento inequ\u00edvoco y expreso al tratamiento de sus datos personales de acuerdo a las finalidades y t\u00e9rminos aqu\u00ed expresados. La empresa podr\u00e1 modificar la presente pol\u00edtica de privacidad, para adaptarla a las novedades legislativas, jurisprudenciales o de interpretaci\u00f3n de la Agencia Espa\u00f1ola de Protecci\u00f3n de Datos.<\/p>\n<h3><strong>1.\u00a0\u00a0\u00a0\u00a0 <\/strong><strong>Datos del responsable del tratamiento<\/strong><\/h3>\n<p>PROSERTEK, S.L.<br \/>CIF: B95695417<br \/>Direcci\u00f3n postal: Iparraguirre, 59, 5\u00ba &#8211; 48980 Santurtzi (Bizkaia) &#8211; Espa\u00f1a<br \/>Tel\u00e9fono: (+34) 944 831 775<br \/>Correo electr.: prosertek@prosertek.com<\/p>\n<h3><strong>2.\u00a0\u00a0\u00a0\u00a0 <\/strong><strong>Finalidad<\/strong><\/h3>\n<p><strong>\u00bfCon qu\u00e9 finalidad tratamos sus datos personales?<\/strong><\/p>\n<p>En PROSERTEK, S.L. tratamos la informaci\u00f3n que nos facilitan las personas interesadas con el fin de poder ofrecerle informaci\u00f3n sobre los productos de su inter\u00e9s y gestionar la relaci\u00f3n comercial.<\/p>\n<p><strong>\u00bfPor cu\u00e1nto tiempo conservaremos sus datos?<\/strong><\/p>\n<p>Los datos personales proporcionados se conservar\u00e1n mientras se mantenga la relaci\u00f3n mercantil o no se solicite su supresi\u00f3n por el interesado.<\/p>\n<h3><strong>3.\u00a0\u00a0\u00a0\u00a0 <\/strong><strong>Legitimaci\u00f3n<\/strong><\/h3>\n<p><strong>\u00bfCu\u00e1l es la legitimaci\u00f3n para el tratamiento de sus datos?<\/strong><\/p>\n<p>La base legal para el tratamiento de sus datos es solicitar su consentimiento para el tratamiento de sus datos personales de conformidad con lo establecido en el Reglamento Europeo (UE) 2016\/279 sobre protecci\u00f3n de datos personales. En el caso de nuestros clientes y proveedores, el tratamiento est\u00e1 legitimado por la ejecuci\u00f3n de un acuerdo de suministro de productos.<\/p>\n<h3><strong>4.\u00a0\u00a0\u00a0\u00a0 <\/strong><strong>Destinatarios<\/strong><\/h3>\n<p><strong>\u00bfA qu\u00e9 destinatarios se comunicar\u00e1n sus datos?<\/strong><\/p>\n<p>Los datos facilitados no ser\u00e1n comunicados ni cedidos a terceros, salvo en los casos de cumplimiento legal o aquellos necesarios para cumplir con nuestras obligaciones con las Administraciones Tributarias, Seguridad Social y entidades financieras.<\/p>\n<h3><strong>5.\u00a0\u00a0\u00a0\u00a0 <\/strong><strong>Derechos<\/strong><\/h3>\n<p><strong>\u00bfCu\u00e1les son sus derechos cuando nos facilita sus datos?<\/strong><\/p>\n<p>Cualquier persona tiene derecho a obtener confirmaci\u00f3n sobre si en PROSERTEK, S.L. estamos tratando datos personales que les conciernan o no.<\/p>\n<p>Las personas interesadas tienen derecho a acceder a sus datos personales, solicitar la rectificaci\u00f3n de los datos inexactos o, en su caso, solicitar su supresi\u00f3n cuando, entre otros motivos, los datos ya no sean necesarios para los fines que fueron recogidos.<br \/>En determinadas circunstancias, los interesados podr\u00e1n solicitar la limitaci\u00f3n del tratamiento de sus datos, en cuyo caso \u00fanicamente los conservaremos para el ejercicio o la defensa de reclamaciones.<\/p>\n<p>En determinadas circunstancias y por motivos relacionados con su situaci\u00f3n particular, los interesados podr\u00e1n oponerse al tratamiento de sus datos. PROSERTEK, S.L. dejar\u00e1 de tratar los datos, salvo por motivos leg\u00edtimos imperiosos o el ejercicio o la defensa de posibles reclamaciones.<\/p>\n<p>Para el ejercicio de sus derechos, deber\u00e1 indicar en su solicitud su nombre completo y derecho que ejercita, junto con una copia de su DNI o documento equivalente acreditativo de su identidad.<\/p>\n<p>Adem\u00e1s, tendr\u00e1 derecho a presentar una reclamaci\u00f3n ante la Agencia Espa\u00f1ola de Protecci\u00f3n de Datos, cuando no haya obtenido satisfacci\u00f3n en el ejercicio de sus derechos.<\/p>\n\n\n<h2 class=\"wp-block-heading\"><strong>Apoyo desarrollo internacional y entorno<\/strong><\/h2>\n\n\n\n<p>PROSERTEK SL en el marco del Programa ICEX Next, ha contado con el apoyo de ICEX y con la cofinanciaci\u00f3n del fondo europeo FEDER. La finalidad de este apoyo es contribuir al desarrollo internacional de la empresa y su entorno.<\/p>\n\n\n\n<figure class=\"wp-block-gallery has-nested-images columns-default is-cropped wp-block-gallery-1 is-layout-flex wp-block-gallery-is-layout-flex\">\n<figure class=\"wp-block-image size-large\"><img loading=\"lazy\" decoding=\"async\" width=\"400\" height=\"319\" data-id=\"28972\" src=\"https:\/\/prosertek.com\/wp-content\/uploads\/logotipo-union-europea.webp\" alt=\"\" class=\"wp-image-28972\" srcset=\"https:\/\/prosertek.com\/wp-content\/uploads\/logotipo-union-europea.webp 400w, https:\/\/prosertek.com\/wp-content\/uploads\/logotipo-union-europea-300x239.webp 300w\" sizes=\"auto, (max-width: 400px) 100vw, 400px\" \/><\/figure>\n<\/figure>\n\n\n\n<h2 class=\"wp-block-heading\"><strong>Pol\u00edtica de cookies<\/strong><\/h2>\n\n\n\n<p>En PROSERTEK, S.L. utilizamos cookies con el objetivo de prestar un mejor servicio y proporcionarte una mejor experiencia de navegaci\u00f3n. Queremos informar de manera clara y precisa sobre las cookies que utilizamos, detallando a continuaci\u00f3n, qu\u00e9 es una cookie, para qu\u00e9 sirve, qu\u00e9 tipos de cookies utilizamos, cu\u00e1l es su finalidad y c\u00f3mo puede configurarlas o deshabilitarlas si as\u00ed lo desea.<\/p>\n\n\n\n<p><strong>\u00bfQu\u00e9 es una cookie y para qu\u00e9 sirve?<\/strong><\/p>\n\n\n\n<p>Una cookie es un peque\u00f1o archivo que se almacena en el ordenador del usuario, tablet, smartphone o cualquier otro dispositivo con informaci\u00f3n sobre la navegaci\u00f3n.<\/p>\n\n\n\n<p>El conjunto de cookies de todos nuestros usuarios nos ayuda a mejorar la calidad de nuestra web, permiti\u00e9ndonos controlar qu\u00e9 p\u00e1ginas son \u00fatiles, cu\u00e1les no y cu\u00e1les son susceptibles de mejora.<\/p>\n\n\n\n<p>Las cookies son esenciales para el funcionamiento de internet, aportando innumerables ventajas en la prestaci\u00f3n de servicios interactivos, facilitando la navegaci\u00f3n y usabilidad de nuestra web. En ning\u00fan caso las cookies podr\u00edan da\u00f1ar su equipo. Por contra, el que est\u00e9n activas nos ayuda a identificar y resolver los errores.<\/p>\n\n\n\n<p><strong>\u00bfQu\u00e9 tipos de cookies utilizamos?<\/strong><\/p>\n\n\n\n<p>Seg\u00fan la entidad que la gestiona:<\/p>\n\n\n\n<ul class=\"wp-block-list\"><li>Cookies propias: son aquellas que se env\u00edan a su equipo desde nuestros propios equipos o dominios y desde el que prestamos el servicio que nos solicitan los usuarios.<\/li><li>Cookies de terceros: son aquellas que se env\u00edan a su equipo desde un equipo o dominio que no es gestionado por nosotros, sino por otra entidad colaboradora. Como por ejemplo, las usadas por redes sociales, o por contenido externo, como Google Maps.<\/li><\/ul>\n\n\n\n<p>Seg\u00fan el plazo de tiempo que permanecen activadas:<\/p>\n\n\n\n<ul class=\"wp-block-list\"><li>Cookies de sesi\u00f3n: son cookies temporales que permanecen en el archivo de cookies de su navegador hasta que abandona la p\u00e1gina web, por lo que ninguna queda registrada en el disco duro de su ordenador. La informaci\u00f3n obtenida por medio de estas cookies sirve para analizar pautas de tr\u00e1fico en la web. A la larga, esto nos permite proporcionar una mejor experiencia para mejorar el contenido y facilitar su uso.<\/li><li>Cookies persistentes: son almacenadas en el disco duro y nuestra web las lee cada vez que realiza una nueva visita. Una cookie persistente posee una fecha de expiraci\u00f3n determinada. La cookie dejar\u00e1 de funcionar despu\u00e9s de esa fecha.<\/li><\/ul>\n\n\n\n<p>Seg\u00fan su finalidad:<\/p>\n\n\n\n<ul class=\"wp-block-list\"><li>Cookies t\u00e9cnicas: son aquellas necesarias para la navegaci\u00f3n y el buen funcionamiento de nuestra p\u00e1gina web. Permiten, por ejemplo, controlar el tr\u00e1fico y la comunicaci\u00f3n de datos, acceder a partes de acceso restringido, utilizar elementos de seguridad, almacenar contenidos para poder difundir v\u00eddeos o compartir contenidos a trav\u00e9s de redes sociales.<\/li><li>Cookies de personalizaci\u00f3n: son aquellas que permiten acceder al servicio con unas caracter\u00edsticas predefinidas en funci\u00f3n de una serie de criterios, como por ejemplo el idioma, el tipo de navegador a trav\u00e9s del cual se accede al servicio, la configuraci\u00f3n regional desde donde se accede al servicio, etc.<\/li><li>Cookies de an\u00e1lisis: son aquellas que nos permiten cuantificar el n\u00famero de usuarios y as\u00ed realizar la medici\u00f3n y an\u00e1lisis estad\u00edstico de la utilizaci\u00f3n que hacen los usuarios de los servicios prestados. Para ello se analiza su navegaci\u00f3n en nuestra p\u00e1gina web, con el fin de mejorar la oferta de productos y servicios que ofrecemos.<\/li><li>Cookies publicitarias: son aquellas que permiten la gesti\u00f3n, de la forma m\u00e1s eficaz posible, de los espacios publicitarios que se pudieran incluir en nuestra p\u00e1gina web.<\/li><li>Cookies de publicidad comportamental: estas cookies almacenan informaci\u00f3n del comportamiento de los usuarios obtenida a trav\u00e9s de la observaci\u00f3n continuada. Gracias a ellas, podemos conocer los h\u00e1bitos de navegaci\u00f3n en internet y mostrar publicidad relacionada con su perfil de navegaci\u00f3n.<\/li><\/ul>\n\n\n\n<p><strong>Finalidad de cada una de las cookies utilizadas<\/strong><\/p>\n\n\n\n<p>A continuaci\u00f3n detallamos las cookies utilizadas en nuestra web y la finalidad de las mismas.<\/p>\n\n\n\n<p><strong>Relaci\u00f3n de cookies utilizadas en el dominio Prosertek.com<\/strong><\/p>\n\n\n\n<figure class=\"wp-block-table\"><table><tbody><tr><th><strong>NOMBRE<\/strong><\/th><th><strong>SERVIDOR DE ENV\u00cdO<\/strong><\/th><th><strong>EXPLICACI\u00d3N<\/strong><\/th><th><strong>FINALIDAD<\/strong><\/th><th><strong>PROPIA\/ TERCEROS<\/strong><\/th><\/tr><tr><td>_dc_gtm_UA<\/td><td>prosertek.com<\/td><td>Cookies utilizadas por Google Analytics cuando la implementaci\u00f3n es a trav\u00e9s de Google Tag Manager.<\/td><td>Anal\u00edticas<\/td><td>Propia<\/td><\/tr><tr><td>_ga<\/td><td>.gstatic.com<\/td><td>Cookies utilizadas por Google Analytics que contiene un identificador an\u00f3nimo usado para distinguir usuarios<\/td><td>Anal\u00edticas<\/td><td>Terceros<\/td><\/tr><tr><td>_ga<\/td><td>.prosertek.com<\/td><td>Cookies utilizadas por Google Analytics que contiene un identificador an\u00f3nimo usado para distinguir usuarios<\/td><td>Anal\u00edticas<\/td><td>Propia<\/td><\/tr><tr><td>_gat_UA<\/td><td>.prosertek.com<\/td><td>Se usa para diferenciar entre los diferentes objetos de seguimiento creados en la sesi\u00f3n. La cookie se crea al cargar la librer\u00eda javascript y no existe una versi\u00f3n previa de la cookie _gat. La cookie se actualiza cada vez que env\u00eda los datos a Google Analytics.<\/td><td>Estrictamente necesaria<\/td><td>Propia<\/td><\/tr><tr><td>_gid<\/td><td>.prosertek.com<\/td><td>Google Analytics utiliza esta cookie para almacenar y actualizar un valor \u00fanico para cada p\u00e1gina visitada. La cookie se actualiza cada vez que env\u00eda los datos a Google Analytics.<\/td><td>Anal\u00edticas<\/td><td>Propia<\/td><\/tr><tr><td>_icl_current_language<\/td><td>.prosertek.com<\/td><td>Identifica el lenguaje del usuario<\/td><td>T\u00e9cnica<\/td><td>Propia<\/td><\/tr><tr><td>_ym_isad<\/td><td>.prosertek.com<\/td><td>Se utilizan para medir y analizar el tr\u00e1fico de esta web. Son las cookies que utiliza el script de Yandex Metrica perteneciente a la empresa Yandex.<\/td><td>Anal\u00edticas<\/td><td>Propia<\/td><\/tr><tr><td>_ym_uid<\/td><td>.yandex.ru<\/td><td>An\u00e1lisis del tr\u00e1fico web.<\/td><td>Anal\u00edticas<\/td><td>Terceros<\/td><\/tr><tr><td>_ym_uid<\/td><td>.prosertek.com<\/td><td>An\u00e1lisis del tr\u00e1fico web.<\/td><td>Anal\u00edticas<\/td><td>Propia<\/td><\/tr><tr><td>_ym_visorc<\/td><td>.prosertek.com<\/td><td>An\u00e1lisis del tr\u00e1fico web.<\/td><td>Anal\u00edticas<\/td><td>Propia<\/td><\/tr><tr><td>gtm_auth<\/td><td>www.googletagmanager.com<\/td><td>Se utiliza para testear Google Tag Manager<\/td><td>Anal\u00edticas<\/td><td>Terceros<\/td><\/tr><tr><td>gtm_debug<\/td><td>www.googletagmanager.com<\/td><td>Se utiliza para testear Google Tag Manager<\/td><td>Anal\u00edticas<\/td><td>Terceros<\/td><\/tr><tr><td>gtm_preview<\/td><td>www.googletagmanager.com<\/td><td>Se utiliza para testear Google Tag Manager<\/td><td>Anal\u00edticas<\/td><td>Terceros<\/td><\/tr><tr><td>i<\/td><td>.yandex.ru<\/td><td>Se utilizan para medir y analizar el tr\u00e1fico de esta web. Son las cookies que utiliza el script de Yandex Metrica perteneciente a la empresa Yandex.<\/td><td>Anal\u00edticas<\/td><td>Terceros<\/td><\/tr><tr><td>yabs-sid<\/td><td>mc.yandex.ru<\/td><td>Se utilizan para medir y analizar el tr\u00e1fico de esta web. Son las cookies que utiliza el script de Yandex Metrica perteneciente a la empresa Yandex.<\/td><td>Anal\u00edticas<\/td><td>Terceros<\/td><\/tr><tr><td>yandexuid<\/td><td>.yandex.ru<\/td><td>Se utilizan para medir y analizar el tr\u00e1fico de esta web. Son las cookies que utiliza el script de Yandex Metrica perteneciente a la empresa Yandex.<\/td><td>Anal\u00edticas<\/td><td>Terceros<\/td><\/tr><tr><td>yp<\/td><td>.yandex.ru<\/td><td>Se utilizan para medir y analizar el tr\u00e1fico de esta web. Son las cookies que utiliza el script de Yandex Metrica perteneciente a la empresa Yandex.<\/td><td>Anal\u00edticas<\/td><td>Terceros<\/td><\/tr><\/tbody><\/table><\/figure>\n\n\n\n<p><strong>\u00bfC\u00f3mo puede el usuario configurar o deshabilitar sus cookies?<\/strong><\/p>\n\n\n\n<p>Puede permitir, bloquear o eliminar las cookies instaladas en su equipo mediante la configuraci\u00f3n de las opciones de tu navegador de Internet. En caso de que no permita la instalaci\u00f3n de cookies en su navegador es posible que no pueda acceder a algunos de los servicios y que su experiencia en nuestra web pueda resultar menos satisfactoria.<\/p>\n\n\n\n<p>En los siguientes enlaces tiene a tu disposici\u00f3n toda la informaci\u00f3n para configurar o deshabilitar sus cookies en cada navegador:<\/p>\n\n\n\n<ul class=\"wp-block-list\"><li><a href=\"https:\/\/support.google.com\/chrome\/answer\/95647?hl=es\" target=\"_blank\" rel=\"noreferrer noopener\">Google Chrome<\/a><\/li><li><a href=\"https:\/\/support.mozilla.org\/es\/kb\/habilitar-y-deshabilitar-cookies-que-los-sitios-we\" target=\"_blank\" rel=\"noreferrer noopener\">Mozilla Firefox<\/a><\/li><li><a href=\"http:\/\/windows.microsoft.com\/es-es\/windows-vista\/block-or-allow-cookies\" target=\"_blank\" rel=\"noreferrer noopener\">Internet Explorer<\/a><\/li><li><a href=\"https:\/\/support.apple.com\/kb\/PH21411?viewlocale=es_ES&amp;locale=es_ES\" target=\"_blank\" rel=\"noreferrer noopener\">Safari<\/a><\/li><li><a href=\"http:\/\/support.apple.com\/kb\/ht1677?viewlocale=es_es\" target=\"_blank\" rel=\"noreferrer noopener\">Safari para IOS (iPhone y iPad)<\/a><\/li><li><a href=\"https:\/\/support.google.com\/chrome\/answer\/2392971?hl=es\" target=\"_blank\" rel=\"noreferrer noopener\">Chrome para Android<\/a><\/li><\/ul>\n","protected":false},"excerpt":{"rendered":"<p>Pol\u00edtica de privacidad Nuestra Pol\u00edtica de Privacidad se ha dise\u00f1ado de acuerdo con el Reglamento General de Protecci\u00f3n de Datos de la UE 2016\/679, relativo a la protecci\u00f3n de las personas f\u00edsicas en lo que respecta al tratamiento de datos personales y a la libre circulaci\u00f3n de estos datos. Al facilitarnos sus datos, usted declara haber le\u00eddo y conocer la presente Pol\u00edtica de Privacidad, prestando su consentimiento inequ\u00edvoco y expreso al tratamiento de sus datos personales de acuerdo a las finalidades y t\u00e9rminos aqu\u00ed expresados. La empresa podr\u00e1 modificar la presente pol\u00edtica de privacidad, para adaptarla a las novedades legislativas, jurisprudenciales o de interpretaci\u00f3n de la Agencia Espa\u00f1ola de Protecci\u00f3n de Datos. 1.\u00a0\u00a0\u00a0\u00a0 Datos del responsable del tratamiento PROSERTEK, S.L.CIF: B95695417Direcci\u00f3n postal: Iparraguirre, 59, 5\u00ba &#8211; 48980 Santurtzi (Bizkaia) &#8211; Espa\u00f1aTel\u00e9fono: (+34) 944 831 775Correo electr.: prosertek@prosertek.com 2.\u00a0\u00a0\u00a0\u00a0 Finalidad \u00bfCon qu\u00e9 finalidad tratamos sus datos personales? En PROSERTEK, S.L. tratamos la informaci\u00f3n que nos facilitan las personas interesadas con el fin de poder ofrecerle informaci\u00f3n sobre los productos de su inter\u00e9s y gestionar la relaci\u00f3n comercial. \u00bfPor cu\u00e1nto tiempo conservaremos sus datos? Los datos personales proporcionados se conservar\u00e1n mientras se mantenga la relaci\u00f3n mercantil o no se solicite su supresi\u00f3n [&hellip;]<\/p>\n","protected":false},"author":1,"featured_media":0,"parent":0,"menu_order":0,"comment_status":"closed","ping_status":"closed","template":"","meta":{"_acf_changed":false,"footnotes":""},"class_list":["post-20027","page","type-page","status-publish","hentry"],"acf":[],"_links":{"self":[{"href":"https:\/\/prosertek.com\/es\/wp-json\/wp\/v2\/pages\/20027","targetHints":{"allow":["GET"]}}],"collection":[{"href":"https:\/\/prosertek.com\/es\/wp-json\/wp\/v2\/pages"}],"about":[{"href":"https:\/\/prosertek.com\/es\/wp-json\/wp\/v2\/types\/page"}],"author":[{"embeddable":true,"href":"https:\/\/prosertek.com\/es\/wp-json\/wp\/v2\/users\/1"}],"replies":[{"embeddable":true,"href":"https:\/\/prosertek.com\/es\/wp-json\/wp\/v2\/comments?post=20027"}],"version-history":[{"count":1,"href":"https:\/\/prosertek.com\/es\/wp-json\/wp\/v2\/pages\/20027\/revisions"}],"predecessor-version":[{"id":28976,"href":"https:\/\/prosertek.com\/es\/wp-json\/wp\/v2\/pages\/20027\/revisions\/28976"}],"wp:attachment":[{"href":"https:\/\/prosertek.com\/es\/wp-json\/wp\/v2\/media?parent=20027"}],"curies":[{"name":"wp","href":"https:\/\/api.w.org\/{rel}","templated":true}]}}