{"id":21418,"date":"2020-03-06T15:49:59","date_gmt":"2020-03-06T13:49:59","guid":{"rendered":"https:\/\/prosertek.comes\/?page_id=21418"},"modified":"2023-11-21T14:49:41","modified_gmt":"2023-11-21T13:49:41","slug":"ppu","status":"publish","type":"page","link":"https:\/\/prosertek.com\/es\/servicios\/ppu\/","title":{"rendered":"Portable Pilot Unit: <span>Sistema de ayuda a la navegaci\u00f3n<\/span>"},"content":{"rendered":"<p>[vc_row type=\u00bbfull_width_section\u00bb class=\u00bbcenter-vert\u00bb][vc_column el_class=\u00bbserv-img\u00bb width=\u00bb1\/2&#8243;]<div class=\"single_image wpb_content_element align-left   \" data-animation=\"none\" data-delay=\"0\"><img loading=\"lazy\" decoding=\"async\" width=\"589\" height=\"548\" src=\"https:\/\/prosertek.com\/wp-content\/uploads\/portable-pilot-unit-1.jpg\" class=\"attachment-full\" alt=\"\" srcset=\"https:\/\/prosertek.com\/wp-content\/uploads\/portable-pilot-unit-1.jpg 589w, https:\/\/prosertek.com\/wp-content\/uploads\/portable-pilot-unit-1-300x279.jpg 300w\" sizes=\"auto, (max-width: 589px) 100vw, 589px\" \/><\/div>[\/vc_column][vc_column width=\u00bb1\/2&#8243;][vc_column_text]<\/p>\n<h2 class=\"servicio-h2\">Sistema de ayuda a la navegaci\u00f3n<\/h2>\n<div class=\"bordes\">\n<p>En un tiempo en que los buques son cada vez m\u00e1s grandes, mientras que las infraestructuras portuarias no var\u00edan, atracar un barco en puerto es cada vez m\u00e1s complicado.Nuestro sistema de navegaci\u00f3n Portable Pilot Unit (PPU) es el m\u00e1s preciso del mercado, permitiendo <strong>controlar incluso las embarcaciones m\u00e1s grandes con extrema precisi\u00f3n y confiabilidad.<\/strong><\/p>\n<\/div>\n<p style=\"text-align: center;\"><a class=\"btn\" href=\"#contacto\">Pide m\u00e1s Informaci\u00f3n<\/a><\/p>\n<p>[\/vc_column_text][\/vc_column][\/vc_row][vc_row top_padding=\u00bb50&#8243; class=\u00bbabajo-vert\u00bb][vc_column width=\u00bb1\/2&#8243;]<div class=\"single_image wpb_content_element align-left   \" data-animation=\"none\" data-delay=\"0\"><img loading=\"lazy\" decoding=\"async\" width=\"750\" height=\"380\" src=\"https:\/\/prosertek.com\/wp-content\/uploads\/ppu-ad_navigation.jpg\" class=\"attachment-full\" alt=\"\" srcset=\"https:\/\/prosertek.com\/wp-content\/uploads\/ppu-ad_navigation.jpg 750w, https:\/\/prosertek.com\/wp-content\/uploads\/ppu-ad_navigation-300x152.jpg 300w\" sizes=\"auto, (max-width: 750px) 100vw, 750px\" \/><\/div>[\/vc_column][vc_column width=\u00bb1\/2&#8243;][vc_column_text]<\/p>\n<h2 class=\"ppu-h2\">Peque\u00f1o tama\u00f1o,<br \/>\ngrandes prestaciones<\/h2>\n<p>Los PPU de la empresa <a href=\"http:\/\/www.adnav.com\/\" target=\"_blank\" rel=\"noopener\">Ad Navigation<\/a>, que Prosertek distribuye en exclusiva en la Pen\u00ednsula, sorprenden por su reducid\u00edsimo tama\u00f1o y una precisi\u00f3n nunca vista hasta ahora:<\/p>\n<ul style=\"margin-left: 40px;\">\n<li><strong>Precisi\u00f3n de posicionamiento<\/strong> de proa\/popa y velocidades: 1 cm.<\/li>\n<li><strong>Discrepancias de rumbo<\/strong> inferiores a <strong>0,01 grados<\/strong>.<\/li>\n<li><strong>Ligero y f\u00e1cil de transportar:<\/strong> solo 600 gr por sensor.<\/li>\n<li>Totalmente <strong>inal\u00e1mbrico<\/strong>.<\/li>\n<li><strong>F\u00e1cil instalaci\u00f3n:<\/strong> operativo en unos segundos.<\/li>\n<\/ul>\n<p>[\/vc_column_text][\/vc_column][\/vc_row][vc_row top_padding=\u00bb50&#8243; row_id=\u00bbppu-row\u00bb][vc_column width=\u00bb1\/1&#8243;][vc_column_text]<\/p>\n<p style=\"text-align: center; margin-top: 60px;\"><a class=\"btn\" href=\"#contacto\">Contacta con Nosotros<\/a><\/p>\n<p>[\/vc_column_text][\/vc_column][\/vc_row][vc_row top_padding=\u00bb50&#8243; row_id=\u00bbppu-row\u00bb][vc_column width=\u00bb1\/2&#8243;][vc_column_text el_class=\u00bbmax-45&#8243;]<\/p>\n<h2 class=\"ppu-h2\">Compacto<\/h2>\n<p>El sistema completo consta de<strong> 3 unidades POD, peque\u00f1as, ligeras y resistentes<\/strong> que se comunican de manera inal\u00e1mbrica con el sistema de cartas n\u00e1uticas electr\u00f3nicas, lo que permite su f\u00e1cil transporte e instalaci\u00f3n.[\/vc_column_text][\/vc_column][vc_column width=\u00bb1\/2&#8243;]<div class=\"single_image wpb_content_element align-left   \" data-animation=\"none\" data-delay=\"0\"><img loading=\"lazy\" decoding=\"async\" width=\"800\" height=\"276\" src=\"https:\/\/prosertek.com\/wp-content\/uploads\/instalacion-ppu.jpg\" class=\"attachment-full\" alt=\"\" srcset=\"https:\/\/prosertek.com\/wp-content\/uploads\/instalacion-ppu.jpg 800w, https:\/\/prosertek.com\/wp-content\/uploads\/instalacion-ppu-300x104.jpg 300w\" sizes=\"auto, (max-width: 800px) 100vw, 800px\" \/><\/div>[\/vc_column][\/vc_row][vc_row top_padding=\u00bb50&#8243; row_id=\u00bbppu-row\u00bb][vc_column width=\u00bb1\/2&#8243;]<div class=\"single_image wpb_content_element align-left   \" data-animation=\"none\" data-delay=\"0\"><img loading=\"lazy\" decoding=\"async\" width=\"800\" height=\"333\" src=\"https:\/\/prosertek.com\/wp-content\/uploads\/ppu.jpg\" class=\"attachment-full\" alt=\"\" srcset=\"https:\/\/prosertek.com\/wp-content\/uploads\/ppu.jpg 800w, https:\/\/prosertek.com\/wp-content\/uploads\/ppu-300x125.jpg 300w\" sizes=\"auto, (max-width: 800px) 100vw, 800px\" \/><\/div>[\/vc_column][vc_column width=\u00bb1\/2&#8243;][vc_column_text]<\/p>\n<h2 class=\"ppu-h2\">Tecnolog\u00eda inal\u00e1mbrica<\/h2>\n<p>El PPU obtiene mediciones utilizando t\u00e9cnicas de \u00faltima generaci\u00f3n GPS \/ GLONASS \/ BeiDou y Galileo Real Time Kinematic (RTK), junto con sensores RoT extremadamente precisos. Adem\u00e1s, utiliza una red de comunicaci\u00f3n UHF entre los POD, para <strong>evitar la p\u00e9rdida de se\u00f1al debida a interferencias<\/strong>.[\/vc_column_text][\/vc_column][\/vc_row][vc_row top_padding=\u00bb50&#8243; row_id=\u00bbppu-row\u00bb][vc_column width=\u00bb1\/2&#8243;][vc_column_text]<\/p>\n<h2 class=\"ppu-h2\">F\u00e1cil de instalar<\/h2>\n<p>Nuestros PPU pueden transportarse en una mochila y se instalan en segundos. Con los 3 POD y un port\u00e1til, y gracias a la conexi\u00f3n inal\u00e1mbrica, <strong>todo estar\u00e1 operativo en unos instantes.<\/strong>[\/vc_column_text][\/vc_column][vc_column width=\u00bb1\/2&#8243;]<div class=\"single_image wpb_content_element align-left   \" data-animation=\"none\" data-delay=\"0\"><img loading=\"lazy\" decoding=\"async\" width=\"515\" height=\"266\" src=\"https:\/\/prosertek.com\/wp-content\/uploads\/ppu-3.jpg\" class=\"attachment-full\" alt=\"\" srcset=\"https:\/\/prosertek.com\/wp-content\/uploads\/ppu-3.jpg 515w, https:\/\/prosertek.com\/wp-content\/uploads\/ppu-3-300x155.jpg 300w\" sizes=\"auto, (max-width: 515px) 100vw, 515px\" \/><\/div>[\/vc_column][vc_column width=\u00bb1\/1&#8243;][vc_column_text]<\/p>\n<p style=\"text-align: center; margin-top: 60px;\"><a class=\"btn\" href=\"https:\/\/prosertek.comes\/contacto\/\">Pide m\u00e1s Informaci\u00f3n<\/a><\/p>\n<p>[\/vc_column_text][\/vc_column][\/vc_row][vc_row row_id=\u00bbcontacto\u00bb][vc_column width=\u00bb1\/1&#8243;][vc_column_text]<\/p>\n<h5>Contacta con nosotros<\/h5>\n<p>[\/vc_column_text][vc_column_text]<script type=\"text\/javascript\" src=\"\/\/ports.prosertek.com\/form\/generate.js?id=5\"><\/script>[\/vc_column_text][\/vc_column][\/vc_row]<\/p>\n","protected":false},"excerpt":{"rendered":"<p>[vc_row type=\u00bbfull_width_section\u00bb class=\u00bbcenter-vert\u00bb][vc_column el_class=\u00bbserv-img\u00bb width=\u00bb1\/2&#8243;][\/vc_column][vc_column width=\u00bb1\/2&#8243;][vc_column_text] Sistema de ayuda a la navegaci\u00f3n En un tiempo en que los buques son cada vez m\u00e1s grandes, mientras que las infraestructuras portuarias no var\u00edan, atracar un barco en puerto es cada vez m\u00e1s complicado.Nuestro sistema de navegaci\u00f3n Portable Pilot Unit (PPU) es el m\u00e1s preciso del mercado, permitiendo controlar incluso las embarcaciones m\u00e1s grandes con extrema precisi\u00f3n y confiabilidad. Pide m\u00e1s Informaci\u00f3n [\/vc_column_text][\/vc_column][\/vc_row][vc_row top_padding=\u00bb50&#8243; class=\u00bbabajo-vert\u00bb][vc_column width=\u00bb1\/2&#8243;][\/vc_column][vc_column width=\u00bb1\/2&#8243;][vc_column_text] Peque\u00f1o tama\u00f1o, grandes prestaciones Los PPU de la empresa Ad Navigation, que Prosertek distribuye en exclusiva en la Pen\u00ednsula, sorprenden por su reducid\u00edsimo tama\u00f1o y una precisi\u00f3n nunca vista hasta ahora: Precisi\u00f3n de posicionamiento de proa\/popa y velocidades: 1 cm. Discrepancias de rumbo inferiores a 0,01 grados. Ligero y f\u00e1cil de transportar: solo 600 gr por sensor. Totalmente inal\u00e1mbrico. F\u00e1cil instalaci\u00f3n: operativo en unos segundos. [\/vc_column_text][\/vc_column][\/vc_row][vc_row top_padding=\u00bb50&#8243; row_id=\u00bbppu-row\u00bb][vc_column width=\u00bb1\/1&#8243;][vc_column_text] Contacta con Nosotros [\/vc_column_text][\/vc_column][\/vc_row][vc_row top_padding=\u00bb50&#8243; row_id=\u00bbppu-row\u00bb][vc_column width=\u00bb1\/2&#8243;][vc_column_text el_class=\u00bbmax-45&#8243;] Compacto El sistema completo consta de 3 unidades POD, peque\u00f1as, ligeras y resistentes que se comunican de manera inal\u00e1mbrica con el sistema de cartas n\u00e1uticas electr\u00f3nicas, lo que permite su f\u00e1cil transporte e instalaci\u00f3n.[\/vc_column_text][\/vc_column][vc_column width=\u00bb1\/2&#8243;][\/vc_column][\/vc_row][vc_row top_padding=\u00bb50&#8243; row_id=\u00bbppu-row\u00bb][vc_column width=\u00bb1\/2&#8243;][\/vc_column][vc_column width=\u00bb1\/2&#8243;][vc_column_text] Tecnolog\u00eda inal\u00e1mbrica El PPU obtiene mediciones utilizando t\u00e9cnicas de \u00faltima [&hellip;]<\/p>\n","protected":false},"author":1,"featured_media":21740,"parent":21312,"menu_order":0,"comment_status":"closed","ping_status":"closed","template":"","meta":{"_acf_changed":false,"footnotes":""},"class_list":["post-21418","page","type-page","status-publish","has-post-thumbnail","hentry"],"acf":[],"_links":{"self":[{"href":"https:\/\/prosertek.com\/es\/wp-json\/wp\/v2\/pages\/21418","targetHints":{"allow":["GET"]}}],"collection":[{"href":"https:\/\/prosertek.com\/es\/wp-json\/wp\/v2\/pages"}],"about":[{"href":"https:\/\/prosertek.com\/es\/wp-json\/wp\/v2\/types\/page"}],"author":[{"embeddable":true,"href":"https:\/\/prosertek.com\/es\/wp-json\/wp\/v2\/users\/1"}],"replies":[{"embeddable":true,"href":"https:\/\/prosertek.com\/es\/wp-json\/wp\/v2\/comments?post=21418"}],"version-history":[{"count":1,"href":"https:\/\/prosertek.com\/es\/wp-json\/wp\/v2\/pages\/21418\/revisions"}],"predecessor-version":[{"id":29061,"href":"https:\/\/prosertek.com\/es\/wp-json\/wp\/v2\/pages\/21418\/revisions\/29061"}],"up":[{"embeddable":true,"href":"https:\/\/prosertek.com\/es\/wp-json\/wp\/v2\/pages\/21312"}],"wp:featuredmedia":[{"embeddable":true,"href":"https:\/\/prosertek.com\/es\/wp-json\/wp\/v2\/media\/21740"}],"wp:attachment":[{"href":"https:\/\/prosertek.com\/es\/wp-json\/wp\/v2\/media?parent=21418"}],"curies":[{"name":"wp","href":"https:\/\/api.w.org\/{rel}","templated":true}]}}