{"id":22534,"date":"2021-04-26T09:55:43","date_gmt":"2021-04-26T08:55:43","guid":{"rendered":"https:\/\/prosertek.comes\/?page_id=22534"},"modified":"2021-04-26T09:56:29","modified_gmt":"2021-04-26T08:56:29","slug":"muchas-gracias","status":"publish","type":"page","link":"https:\/\/prosertek.com\/es\/contacto\/muchas-gracias\/","title":{"rendered":"Muchas gracias"},"content":{"rendered":"<p>[vc_row][vc_column width=\u00bb1\/1&#8243;][vc_column_text]<\/p>\n<h1 style=\"text-align: center; font-family: Montserrat; font-weight: bold; font-size: 54px; margin-top: 100px;\">\u00a1MUCHAS GRACIAS!<\/h1>\n<p>[\/vc_column_text][vc_column_text]<\/p>\n<p class=\"rojo\" style=\"text-align: center;\">Hemos recibido correctamente tu mensaje y nos pondremos en contacto contigo tan pronto como nos sea posible.<\/p>\n<p class=\"rojo\" style=\"text-align: center;\">Mientras tanto, te invitamos a seguir navegando por nuestra web.<\/p>\n<p>[\/vc_column_text][\/vc_column][\/vc_row][vc_row][vc_column][vc_column_text]<\/p>\n<h2 style=\"text-align: center;\">Nuestros Productos m\u00e1s Buscados<\/h2>\n<p>[\/vc_column_text][vc_column_text]<\/p>\n<ul class=\"lista productos\">\n<li><a href=\"https:\/\/prosertek.comes\/equipamiento-portuario\/bas\/\"><img loading=\"lazy\" decoding=\"async\" class=\"aligncenter size-medium wp-image-22281\" src=\"https:\/\/prosertek.comwp-content\/uploads\/bas-3-300x213.jpg\" alt=\"BAS: Sistema de Ayuda al Atraque\" width=\"300\" height=\"213\" srcset=\"https:\/\/prosertek.com\/wp-content\/uploads\/bas-3-300x213.jpg 300w, https:\/\/prosertek.com\/wp-content\/uploads\/bas-3.jpg 696w\" sizes=\"auto, (max-width: 300px) 100vw, 300px\" \/><span class=\"lista-span\">Sistemas de<br \/>\nAyuda al Atraque<\/span><\/a><\/li>\n<li><a href=\"https:\/\/prosertek.comes\/equipamiento-portuario\/ganchos-escape-rapido\/\"><img loading=\"lazy\" decoding=\"async\" class=\"aligncenter size-medium wp-image-22284\" src=\"https:\/\/prosertek.comwp-content\/uploads\/ganchos-300x213.jpg\" alt=\"Ganchos\" width=\"300\" height=\"213\" srcset=\"https:\/\/prosertek.com\/wp-content\/uploads\/ganchos-300x213.jpg 300w, https:\/\/prosertek.com\/wp-content\/uploads\/ganchos.jpg 696w\" sizes=\"auto, (max-width: 300px) 100vw, 300px\" \/><span class=\"lista-span\">Ganchos de<br \/>\nEscape R\u00e1pido<\/span><\/a><\/li>\n<li><a href=\"https:\/\/prosertek.comes\/equipamiento-portuario\/pasarelas-embarque\/\"><img loading=\"lazy\" decoding=\"async\" class=\"aligncenter size-medium wp-image-22286\" src=\"https:\/\/prosertek.comwp-content\/uploads\/pasarelas-embarque-300x213.jpg\" alt=\"Pasarelas de Embarque\" width=\"300\" height=\"213\" srcset=\"https:\/\/prosertek.com\/wp-content\/uploads\/pasarelas-embarque-300x213.jpg 300w, https:\/\/prosertek.com\/wp-content\/uploads\/pasarelas-embarque.jpg 696w\" sizes=\"auto, (max-width: 300px) 100vw, 300px\" \/><span class=\"lista-span\">Pasarelas de<br \/>\nembarque<\/span><\/a><\/li>\n<li><a href=\"https:\/\/prosertek.comes\/equipamiento-portuario\/gruas\/\"><img loading=\"lazy\" decoding=\"async\" class=\"aligncenter size-medium wp-image-22285\" src=\"https:\/\/prosertek.comwp-content\/uploads\/gruas-300x213.jpg\" alt=\"Gr\u00faas Portuarias\" width=\"300\" height=\"213\" srcset=\"https:\/\/prosertek.com\/wp-content\/uploads\/gruas-300x213.jpg 300w, https:\/\/prosertek.com\/wp-content\/uploads\/gruas.jpg 696w\" sizes=\"auto, (max-width: 300px) 100vw, 300px\" \/><span class=\"lista-span\">Gr\u00faas portuarias<\/span><\/a><\/li>\n<li><a href=\"https:\/\/prosertek.comes\/equipamiento-portuario\/defensas\/\"><img loading=\"lazy\" decoding=\"async\" class=\"aligncenter size-medium wp-image-22283\" src=\"https:\/\/prosertek.comwp-content\/uploads\/defensas-1-300x213.jpg\" alt=\"Defensas Marinas\" width=\"300\" height=\"213\" srcset=\"https:\/\/prosertek.com\/wp-content\/uploads\/defensas-1-300x213.jpg 300w, https:\/\/prosertek.com\/wp-content\/uploads\/defensas-1.jpg 696w\" sizes=\"auto, (max-width: 300px) 100vw, 300px\" \/><span class=\"lista-span\">Defensas marinas<\/span><\/a><\/li>\n<li><a href=\"https:\/\/prosertek.comes\/equipamiento-portuario\/bolardos\/\"><img loading=\"lazy\" decoding=\"async\" class=\"aligncenter size-medium wp-image-22297\" src=\"https:\/\/prosertek.comwp-content\/uploads\/bolardos-1-300x213.jpg\" alt=\"Bolardos\" width=\"300\" height=\"213\" srcset=\"https:\/\/prosertek.com\/wp-content\/uploads\/bolardos-1-300x213.jpg 300w, https:\/\/prosertek.com\/wp-content\/uploads\/bolardos-1.jpg 696w\" sizes=\"auto, (max-width: 300px) 100vw, 300px\" \/><span class=\"lista-span\">Bolardos<\/span><\/a><\/li>\n<\/ul>\n<p>[\/vc_column_text][vc_column_text]<\/p>\n<p style=\"text-align: center;\"><a class=\"btn\" href=\"https:\/\/prosertek.comes\/equipamiento-portuario\/\">Ver todos los Productos<\/a><\/p>\n<p>[\/vc_column_text][vc_column_text]<\/p>\n<p>[\/vc_column_text][\/vc_column][\/vc_row][vc_row type=\u00bbfull_width_section\u00bb][vc_column][vc_widget_sidebar sidebar_id=\u00bbnewsletter\u00bb][\/vc_column][\/vc_row][vc_row type=\u00bbfull_width_section\u00bb][vc_column][vc_column_text]<\/p>\n<h2 style=\"text-align: center;\">Nuestros Descargables<\/h2>\n<p>[\/vc_column_text][vc_column_text]<\/p>\n<p>[\/vc_column_text][\/vc_column][\/vc_row][vc_row][vc_column width=\u00bb1\/3&#8243;][vc_column_text]<\/p>\n<h3 style=\"text-align: center;\">Gu\u00eda de puertos en Norteam\u00e9rica<\/h3>\n<p>[\/vc_column_text]<div class=\"single_image wpb_content_element align-left   \" data-animation=\"none\" data-delay=\"0\"><a href=\"https:\/\/prosertek.comes\/descargas\/descargar-puertos-en-norteamerica\/\" target=\"_self\"><img loading=\"lazy\" decoding=\"async\" width=\"575\" height=\"575\" src=\"https:\/\/prosertek.com\/wp-content\/uploads\/puertos-en-norteamerica.png\" class=\"attachment-full\" alt=\"\" \/><\/a><\/div>[vc_column_text]<\/p>\n<p style=\"text-align: center;\"><a class=\"btn\" href=\"https:\/\/prosertek.comes\/descargas\/descargar-puertos-en-norteamerica\/\">Descargar<\/a><\/p>\n<p>[\/vc_column_text][\/vc_column][vc_column width=\u00bb1\/3&#8243;][vc_column_text]<\/p>\n<h3 style=\"text-align: center;\">Gu\u00eda de Nuevas Tecnolog\u00edas en Equipamiento Portuario<\/h3>\n<p>[\/vc_column_text]<div class=\"single_image wpb_content_element align-left   \" data-animation=\"none\" data-delay=\"0\"><a href=\"https:\/\/prosertek.comes\/descargas\/descargar-nuevas-tecnologias-en-equipamiento-portuario\/\" target=\"_self\"><img loading=\"lazy\" decoding=\"async\" width=\"575\" height=\"575\" src=\"https:\/\/prosertek.com\/wp-content\/uploads\/nuevas-tecnologias-equipamiento-portuario.png\" class=\"attachment-full\" alt=\"\" srcset=\"https:\/\/prosertek.com\/wp-content\/uploads\/nuevas-tecnologias-equipamiento-portuario.png 575w, https:\/\/prosertek.com\/wp-content\/uploads\/nuevas-tecnologias-equipamiento-portuario-150x150.png 150w, https:\/\/prosertek.com\/wp-content\/uploads\/nuevas-tecnologias-equipamiento-portuario-300x300.png 300w, https:\/\/prosertek.com\/wp-content\/uploads\/nuevas-tecnologias-equipamiento-portuario-80x80.png 80w, https:\/\/prosertek.com\/wp-content\/uploads\/nuevas-tecnologias-equipamiento-portuario-500x500.png 500w\" sizes=\"auto, (max-width: 575px) 100vw, 575px\" \/><\/a><\/div>[vc_column_text]<\/p>\n<p style=\"text-align: center;\"><a class=\"btn\" href=\"https:\/\/prosertek.comes\/descargas\/descargar-nuevas-tecnologias-en-equipamiento-portuario\/\">Descargar<\/a><\/p>\n<p>[\/vc_column_text][\/vc_column][vc_column width=\u00bb1\/3&#8243;][vc_column_text]<\/p>\n<h3 style=\"text-align: center;\">Gu\u00eda de Prevenci\u00f3n de Accidentes en Puertos<\/h3>\n<p>[\/vc_column_text]<div class=\"single_image wpb_content_element align-left   \" data-animation=\"none\" data-delay=\"0\"><a href=\"https:\/\/prosertek.comes\/descargas\/descargar-guia-prevencion-accidentes-puertos\/\" target=\"_self\"><img loading=\"lazy\" decoding=\"async\" width=\"575\" height=\"575\" src=\"https:\/\/prosertek.com\/wp-content\/uploads\/guia-prevencion-accidentes-puertos.png\" class=\"attachment-full\" alt=\"\" srcset=\"https:\/\/prosertek.com\/wp-content\/uploads\/guia-prevencion-accidentes-puertos.png 575w, https:\/\/prosertek.com\/wp-content\/uploads\/guia-prevencion-accidentes-puertos-150x150.png 150w, https:\/\/prosertek.com\/wp-content\/uploads\/guia-prevencion-accidentes-puertos-300x300.png 300w, https:\/\/prosertek.com\/wp-content\/uploads\/guia-prevencion-accidentes-puertos-80x80.png 80w, https:\/\/prosertek.com\/wp-content\/uploads\/guia-prevencion-accidentes-puertos-500x500.png 500w\" sizes=\"auto, (max-width: 575px) 100vw, 575px\" \/><\/a><\/div>[vc_column_text]<\/p>\n<p style=\"text-align: center;\"><a class=\"btn\" href=\"https:\/\/prosertek.comes\/descargas\/descargar-guia-prevencion-accidentes-puertos\/\">Descargar<\/a><\/p>\n<p>[\/vc_column_text][\/vc_column][\/vc_row][vc_row type=\u00bbfull_width_section\u00bb][vc_column][vc_column_text]<\/p>\n<p style=\"text-align: center;\"><a class=\"btn\" href=\"https:\/\/prosertek.comes\/blog\/\">Ver m\u00e1s Descargables<\/a><\/p>\n<p>[\/vc_column_text][vc_column_text]<\/p>\n<p>[\/vc_column_text][\/vc_column][\/vc_row][vc_row][vc_column][vc_column_text]<\/p>\n<h2 style=\"text-align: center;\">Art\u00edculos Destacados<\/h2>\n<p>[\/vc_column_text]<div class=\"latest-blog style-white\"\"><div class=\"blog-carousel\"><div class=\"blog-item\"><a href=\"https:\/\/prosertek.com\/es\/blog\/resiliencia-portuaria-mantenimiento-predictivo\/\" title=\"Resiliencia Portuaria: Mantenimiento Predictivo y protecci\u00f3n de las inversiones a largo plazo\" class=\"blog-pic\"><img decoding=\"async\" src=\"https:\/\/prosertek.com\/wp-content\/uploads\/mantenimiento-predictivo-2-1-600x400.png\" alt=\"Resiliencia Portuaria: Mantenimiento Predictivo y protecci\u00f3n de las inversiones a largo plazo\" \/><span class=\"blog-overlay\"><\/span><i class=\"fa fa-align-left\"><\/i><\/a><div class=\"blog-item-description\">\n\t\t\t\t\t\t\t<h4><a href=\"https:\/\/prosertek.com\/es\/blog\/resiliencia-portuaria-mantenimiento-predictivo\/\" title=\"Resiliencia Portuaria: Mantenimiento Predictivo y protecci\u00f3n de las inversiones a largo plazo\">Resiliencia Portuaria: Mantenimiento Predictivo y protecci\u00f3n de las inversiones a largo plazo<\/a><\/h4>\n\t\t\t\t\t  \t\t<div>El sector portuario gestiona algunas de las infraestructuras m\u00e1s estrat\u00e9gicas para el comercio global. Sus activos (muelles, equipos de amarre,... <a class=\"read-more-link\" href=\"https:\/\/prosertek.com\/es\/blog\/resiliencia-portuaria-mantenimiento-predictivo\/\">Leer art\u00edculo m\u00edo  &rarr;<\/a><\/div>\n\t\t\t\t\t  \t\t<span>25 enero, 2026<\/span>\n\t\t\t\t  \t\t<\/div><\/div><div class=\"blog-item\"><a href=\"https:\/\/prosertek.com\/es\/blog\/bas-ppu-puerto-just-in-time\/\" title=\"Liderando la precisi\u00f3n: BAS y PPU como aceleradores digitales para el puerto Just-in-Time (JIT)\" class=\"blog-pic\"><img decoding=\"async\" src=\"https:\/\/prosertek.com\/wp-content\/uploads\/21-600x400.png\" alt=\"Liderando la precisi\u00f3n: BAS y PPU como aceleradores digitales para el puerto Just-in-Time (JIT)\" \/><span class=\"blog-overlay\"><\/span><i class=\"fa fa-align-left\"><\/i><\/a><div class=\"blog-item-description\">\n\t\t\t\t\t\t\t<h4><a href=\"https:\/\/prosertek.com\/es\/blog\/bas-ppu-puerto-just-in-time\/\" title=\"Liderando la precisi\u00f3n: BAS y PPU como aceleradores digitales para el puerto Just-in-Time (JIT)\">Liderando la precisi\u00f3n: BAS y PPU como aceleradores digitales para el puerto Just-in-Time (JIT)<\/a><\/h4>\n\t\t\t\t\t  \t\t<div>En la nueva era del Puerto 4.0, la eficiencia, la sostenibilidad y la digitalizaci\u00f3n ya no son una aspiraci\u00f3n, sino... <a class=\"read-more-link\" href=\"https:\/\/prosertek.com\/es\/blog\/bas-ppu-puerto-just-in-time\/\">Leer art\u00edculo m\u00edo  &rarr;<\/a><\/div>\n\t\t\t\t\t  \t\t<span>2 diciembre, 2025<\/span>\n\t\t\t\t  \t\t<\/div><\/div><div class=\"blog-item\"><a href=\"https:\/\/prosertek.com\/es\/blog\/pasarelas-embarque-pasajeros-cruceros-ferries\/\" title=\"Pasarelas de embarque de pasajeros: c\u00f3mo garantizar un embarque seguro y c\u00f3modo en terminales de cruceros y ferries\" class=\"blog-pic\"><img decoding=\"async\" src=\"https:\/\/prosertek.com\/wp-content\/uploads\/2-13-600x400.png\" alt=\"Pasarelas de embarque de pasajeros: c\u00f3mo garantizar un embarque seguro y c\u00f3modo en terminales de cruceros y ferries\" \/><span class=\"blog-overlay\"><\/span><i class=\"fa fa-align-left\"><\/i><\/a><div class=\"blog-item-description\">\n\t\t\t\t\t\t\t<h4><a href=\"https:\/\/prosertek.com\/es\/blog\/pasarelas-embarque-pasajeros-cruceros-ferries\/\" title=\"Pasarelas de embarque de pasajeros: c\u00f3mo garantizar un embarque seguro y c\u00f3modo en terminales de cruceros y ferries\">Pasarelas de embarque de pasajeros: c\u00f3mo garantizar un embarque seguro y c\u00f3modo en terminales de cruceros y ferries<\/a><\/h4>\n\t\t\t\t\t  \t\t<div>En las terminales de cruceros y ferries, el embarque es uno de los momentos m\u00e1s cr\u00edticos tanto desde el punto... <a class=\"read-more-link\" href=\"https:\/\/prosertek.com\/es\/blog\/pasarelas-embarque-pasajeros-cruceros-ferries\/\">Leer art\u00edculo m\u00edo  &rarr;<\/a><\/div>\n\t\t\t\t\t  \t\t<span>1 diciembre, 2025<\/span>\n\t\t\t\t  \t\t<\/div><\/div><div class=\"blog-item\"><a href=\"https:\/\/prosertek.com\/es\/blog\/ganchos-escape-rapido-seguridad-atraque\/\" title=\"&lt;h1&gt;Ganchos de escape r\u00e1pido: la pieza clave que garantiza seguridad y agilidad en operaciones portuarias &lt;\/h1&gt;\" class=\"blog-pic\"><img decoding=\"async\" src=\"https:\/\/prosertek.com\/wp-content\/uploads\/image-1-600x400.gif\" alt=\"&lt;h1&gt;Ganchos de escape r\u00e1pido: la pieza clave que garantiza seguridad y agilidad en operaciones portuarias &lt;\/h1&gt;\" \/><span class=\"blog-overlay\"><\/span><i class=\"fa fa-align-left\"><\/i><\/a><div class=\"blog-item-description\">\n\t\t\t\t\t\t\t<h4><a href=\"https:\/\/prosertek.com\/es\/blog\/ganchos-escape-rapido-seguridad-atraque\/\" title=\"&lt;h1&gt;Ganchos de escape r\u00e1pido: la pieza clave que garantiza seguridad y agilidad en operaciones portuarias &lt;\/h1&gt;\">&lt;h1&gt;Ganchos de escape r\u00e1pido: la pieza clave que garantiza seguridad y agilidad en operaciones portuarias &lt;\/h1&gt;<\/a><\/h4>\n\t\t\t\t\t  \t\t<div>En las maniobras de atraque, la seguridad y la eficiencia no admiten errores. Una de las soluciones m\u00e1s avanzadas para... <a class=\"read-more-link\" href=\"https:\/\/prosertek.com\/es\/blog\/ganchos-escape-rapido-seguridad-atraque\/\">Leer art\u00edculo m\u00edo  &rarr;<\/a><\/div>\n\t\t\t\t\t  \t\t<span>8 septiembre, 2025<\/span>\n\t\t\t\t  \t\t<\/div><\/div><div class=\"blog-item\"><a href=\"https:\/\/prosertek.com\/es\/blog\/operacion-atraque-defensas-portuarias\/\" title=\"Claves para una operaci\u00f3n de atraque segura: el papel de las defensas portuarias\" class=\"blog-pic\"><img decoding=\"async\" src=\"https:\/\/prosertek.com\/wp-content\/uploads\/Harbour-fenders-Prosertek-600x400.png\" alt=\"Claves para una operaci\u00f3n de atraque segura: el papel de las defensas portuarias\" \/><span class=\"blog-overlay\"><\/span><i class=\"fa fa-align-left\"><\/i><\/a><div class=\"blog-item-description\">\n\t\t\t\t\t\t\t<h4><a href=\"https:\/\/prosertek.com\/es\/blog\/operacion-atraque-defensas-portuarias\/\" title=\"Claves para una operaci\u00f3n de atraque segura: el papel de las defensas portuarias\">Claves para una operaci\u00f3n de atraque segura: el papel de las defensas portuarias<\/a><\/h4>\n\t\t\t\t\t  \t\t<div>Las operaciones de atraque son una de las maniobras m\u00e1s delicadas en un puerto. Cada vez que un buque se... <a class=\"read-more-link\" href=\"https:\/\/prosertek.com\/es\/blog\/operacion-atraque-defensas-portuarias\/\">Leer art\u00edculo m\u00edo  &rarr;<\/a><\/div>\n\t\t\t\t\t  \t\t<span>8 julio, 2025<\/span>\n\t\t\t\t  \t\t<\/div><\/div><div class=\"blog-item\"><a href=\"https:\/\/prosertek.com\/es\/blog\/gangway-telescopica-operaciones-portuarias\/\" title=\"Gangway telesc\u00f3pica: qu\u00e9 es y c\u00f3mo mejora las operaciones portuarias\" class=\"blog-pic\"><img decoding=\"async\" src=\"https:\/\/prosertek.com\/wp-content\/uploads\/Gangway-telescopica-600x400.png\" alt=\"Gangway telesc\u00f3pica: qu\u00e9 es y c\u00f3mo mejora las operaciones portuarias\" \/><span class=\"blog-overlay\"><\/span><i class=\"fa fa-align-left\"><\/i><\/a><div class=\"blog-item-description\">\n\t\t\t\t\t\t\t<h4><a href=\"https:\/\/prosertek.com\/es\/blog\/gangway-telescopica-operaciones-portuarias\/\" title=\"Gangway telesc\u00f3pica: qu\u00e9 es y c\u00f3mo mejora las operaciones portuarias\">Gangway telesc\u00f3pica: qu\u00e9 es y c\u00f3mo mejora las operaciones portuarias<\/a><\/h4>\n\t\t\t\t\t  \t\t<div>En el entorno portuario actual, donde la seguridad operativa y la eficiencia log\u00edstica son imprescindibles, cada elemento de la infraestructura... <a class=\"read-more-link\" href=\"https:\/\/prosertek.com\/es\/blog\/gangway-telescopica-operaciones-portuarias\/\">Leer art\u00edculo m\u00edo  &rarr;<\/a><\/div>\n\t\t\t\t\t  \t\t<span>20 junio, 2025<\/span>\n\t\t\t\t  \t\t<\/div><\/div><\/div><\/div><div class=\"clear\"><\/div>[vc_column_text]<\/p>\n<p>[\/vc_column_text][vc_column_text]<\/p>\n<p style=\"text-align: center;\"><a class=\"btn\" href=\"https:\/\/prosertek.comes\/blog\/\">Ir al Blog<\/a><\/p>\n<p>[\/vc_column_text][\/vc_column][\/vc_row]<\/p>\n","protected":false},"excerpt":{"rendered":"<p>[vc_row][vc_column width=\u00bb1\/1&#8243;][vc_column_text] \u00a1MUCHAS GRACIAS! [\/vc_column_text][vc_column_text] Hemos recibido correctamente tu mensaje y nos pondremos en contacto contigo tan pronto como nos sea posible. Mientras tanto, te invitamos a seguir navegando por nuestra web. [\/vc_column_text][\/vc_column][\/vc_row][vc_row][vc_column][vc_column_text] Nuestros Productos m\u00e1s Buscados [\/vc_column_text][vc_column_text] Sistemas de Ayuda al Atraque Ganchos de Escape R\u00e1pido Pasarelas de embarque Gr\u00faas portuarias Defensas marinas Bolardos [\/vc_column_text][vc_column_text] Ver todos los Productos [\/vc_column_text][vc_column_text] [\/vc_column_text][\/vc_column][\/vc_row][vc_row type=\u00bbfull_width_section\u00bb][vc_column][vc_widget_sidebar sidebar_id=\u00bbnewsletter\u00bb][\/vc_column][\/vc_row][vc_row type=\u00bbfull_width_section\u00bb][vc_column][vc_column_text] Nuestros Descargables [\/vc_column_text][vc_column_text] [\/vc_column_text][\/vc_column][\/vc_row][vc_row][vc_column width=\u00bb1\/3&#8243;][vc_column_text] Gu\u00eda de puertos en Norteam\u00e9rica [\/vc_column_text][vc_column_text] Descargar [\/vc_column_text][\/vc_column][vc_column width=\u00bb1\/3&#8243;][vc_column_text] Gu\u00eda de Nuevas Tecnolog\u00edas en Equipamiento Portuario [\/vc_column_text][vc_column_text] Descargar [\/vc_column_text][\/vc_column][vc_column width=\u00bb1\/3&#8243;][vc_column_text] Gu\u00eda de Prevenci\u00f3n de Accidentes en Puertos [\/vc_column_text][vc_column_text] Descargar [\/vc_column_text][\/vc_column][\/vc_row][vc_row type=\u00bbfull_width_section\u00bb][vc_column][vc_column_text] Ver m\u00e1s Descargables [\/vc_column_text][vc_column_text] [\/vc_column_text][\/vc_column][\/vc_row][vc_row][vc_column][vc_column_text] Art\u00edculos Destacados [\/vc_column_text][vc_column_text] [\/vc_column_text][vc_column_text] Ir al Blog [\/vc_column_text][\/vc_column][\/vc_row]<\/p>\n","protected":false},"author":1,"featured_media":0,"parent":15434,"menu_order":0,"comment_status":"closed","ping_status":"closed","template":"","meta":{"_acf_changed":false,"footnotes":""},"class_list":["post-22534","page","type-page","status-publish","hentry"],"acf":[],"_links":{"self":[{"href":"https:\/\/prosertek.com\/es\/wp-json\/wp\/v2\/pages\/22534","targetHints":{"allow":["GET"]}}],"collection":[{"href":"https:\/\/prosertek.com\/es\/wp-json\/wp\/v2\/pages"}],"about":[{"href":"https:\/\/prosertek.com\/es\/wp-json\/wp\/v2\/types\/page"}],"author":[{"embeddable":true,"href":"https:\/\/prosertek.com\/es\/wp-json\/wp\/v2\/users\/1"}],"replies":[{"embeddable":true,"href":"https:\/\/prosertek.com\/es\/wp-json\/wp\/v2\/comments?post=22534"}],"version-history":[{"count":0,"href":"https:\/\/prosertek.com\/es\/wp-json\/wp\/v2\/pages\/22534\/revisions"}],"up":[{"embeddable":true,"href":"https:\/\/prosertek.com\/es\/wp-json\/wp\/v2\/pages\/15434"}],"wp:attachment":[{"href":"https:\/\/prosertek.com\/es\/wp-json\/wp\/v2\/media?parent=22534"}],"curies":[{"name":"wp","href":"https:\/\/api.w.org\/{rel}","templated":true}]}}