{"id":25349,"date":"2021-05-11T14:02:45","date_gmt":"2021-05-11T13:02:45","guid":{"rendered":"https:\/\/prosertek.com?page_id=25349"},"modified":"2024-03-06T17:38:38","modified_gmt":"2024-03-06T16:38:38","slug":"premios-prensa","status":"publish","type":"page","link":"https:\/\/prosertek.com\/es\/sobre-nosotros\/premios-prensa\/","title":{"rendered":"PREMIOS Y MENCIONES EN PRENSA"},"content":{"rendered":"<p>[vc_row type=\u00bbfull_width_section\u00bb class=\u00bbcenter-vert\u00bb][vc_column el_class=\u00bbserv-img\u00bb width=\u00bb1\/2&#8243;]<div class=\"single_image wpb_content_element align-center   \" data-animation=\"none\" data-delay=\"0\"><img loading=\"lazy\" decoding=\"async\" width=\"673\" height=\"368\" src=\"https:\/\/prosertek.com\/wp-content\/uploads\/imagen-seccion-principal.jpg\" class=\"attachment-full\" alt=\"Premios ON\" srcset=\"https:\/\/prosertek.com\/wp-content\/uploads\/imagen-seccion-principal.jpg 673w, https:\/\/prosertek.com\/wp-content\/uploads\/imagen-seccion-principal-300x164.jpg 300w\" sizes=\"auto, (max-width: 673px) 100vw, 673px\" \/><\/div>[\/vc_column][vc_column width=\u00bb1\/2&#8243;][vc_column_text]<\/p>\n<div class=\"bordes\">\n<p>M\u00e1s de 20 a\u00f1os de experiencia en el sector del equipamiento portuario y un constante af\u00e1n por la innovaci\u00f3n y la superaci\u00f3n de nuevos retos ha llevado a Prosertek a recibir numerosos premios y menciones en prensa a lo largo de su historia.<\/p>\n<p>Gracias a personal altamente cualificado y motivado, Prosertek est\u00e1 en continuo proceso de reinvenci\u00f3n para mejorar su competitividad, definiendo nuevos retos ya sea en producto, proceso, mercado y organizaci\u00f3n.<\/p>\n<\/div>\n<p>[\/vc_column_text][\/vc_column][\/vc_row][vc_row][vc_column width=\u00bb1\/1&#8243;][vc_column_text]<\/p>\n<h2>PREMIOS<\/h2>\n<hr class=\"hr-titulo\" \/>\n<p>[\/vc_column_text][\/vc_column][\/vc_row][vc_row row_id=\u00bbppu-row\u00bb][vc_column column_center=\u00bbtrue\u00bb width=\u00bb1\/2&#8243;]<div class=\"single_image wpb_content_element align-center   \" data-animation=\"none\" data-delay=\"0\"><img loading=\"lazy\" decoding=\"async\" width=\"416\" height=\"239\" src=\"https:\/\/prosertek.com\/wp-content\/uploads\/premios-imagen-1.jpg\" class=\"attachment-full\" alt=\"\" srcset=\"https:\/\/prosertek.com\/wp-content\/uploads\/premios-imagen-1.jpg 416w, https:\/\/prosertek.com\/wp-content\/uploads\/premios-imagen-1-300x172.jpg 300w\" sizes=\"auto, (max-width: 416px) 100vw, 416px\" \/><\/div>[\/vc_column][vc_column column_center=\u00bbtrue\u00bb width=\u00bb1\/2&#8243;][vc_column_text]<\/p>\n<style>#page-wrap h3::after{display:none}<\/style>\n<h3 style=\"text-align: left; color: #000;\">Mejor PYME 2018 | Premios PYME<\/h3>\n<p style=\"text-align: left;\">En 2018 Prosertek recibi\u00f3 el reconocimiento a la mejor PYME, que premia el desempe\u00f1o de las peque\u00f1as y medianas empresas, cuya actividad es fundamental para la generaci\u00f3n de empleo y riqueza. Prosertek tambi\u00e9n fue reconocida por su apuesta por la internacionalizaci\u00f3n y sus proyectos innovadores.<\/p>\n<p>[\/vc_column_text][vc_column_text]<\/p>\n<p style=\"text-align: right; font-weight: bold;\"><a href=\"https:\/\/prosertek.comes\/blog\/prosertek-mejor-pyme-2018\/\">Leer m\u00e1s <img decoding=\"async\" src=\"https:\/\/prosertek.comwp-content\/uploads\/icono-leer-mas.png\" \/><\/a><\/p>\n<p>[\/vc_column_text][\/vc_column][\/vc_row][vc_row row_id=\u00bbppu-row\u00bb][vc_column column_center=\u00bbtrue\u00bb width=\u00bb1\/2&#8243;]<div class=\"single_image wpb_content_element align-center   \" data-animation=\"none\" data-delay=\"0\"><img loading=\"lazy\" decoding=\"async\" width=\"280\" height=\"285\" src=\"https:\/\/prosertek.com\/wp-content\/uploads\/premios-imagen-2.jpg\" class=\"attachment-full\" alt=\"\" srcset=\"https:\/\/prosertek.com\/wp-content\/uploads\/premios-imagen-2.jpg 280w, https:\/\/prosertek.com\/wp-content\/uploads\/premios-imagen-2-80x80.jpg 80w\" sizes=\"auto, (max-width: 280px) 100vw, 280px\" \/><\/div>[\/vc_column][vc_column column_center=\u00bbtrue\u00bb width=\u00bb1\/2&#8243;][vc_column_text]<\/p>\n<style>#page-wrap h3::after{display:none}<\/style>\n<h3 style=\"text-align: left; color: #000;\">Mejor Proyecto de Innovaci\u00f3n 2018 | Premios ON<\/h3>\n<p style=\"text-align: left;\">En 2018 Prosertek recibi\u00f3 el Premio ON al Mejor Proyecto de Innovaci\u00f3n, el cual reconoce a las pymes de Bizkaia por su contribuci\u00f3n a la generaci\u00f3n de actividad econ\u00f3mica y empleo.<\/p>\n<p>[\/vc_column_text][vc_column_text]<\/p>\n<p style=\"text-align: right; font-weight: bold;\"><a href=\"https:\/\/prosertek.comes\/blog\/prosertek-premio-innovacion\/\">Leer m\u00e1s <img decoding=\"async\" src=\"https:\/\/prosertek.comwp-content\/uploads\/icono-leer-mas.png\" \/><\/a><\/p>\n<p>[\/vc_column_text][\/vc_column][\/vc_row][vc_row row_id=\u00bbppu-row\u00bb][vc_column column_center=\u00bbtrue\u00bb width=\u00bb1\/2&#8243;]<div class=\"single_image wpb_content_element align-center   \" data-animation=\"none\" data-delay=\"0\"><img loading=\"lazy\" decoding=\"async\" width=\"416\" height=\"239\" src=\"https:\/\/prosertek.com\/wp-content\/uploads\/premios-imagen-3.jpg\" class=\"attachment-full\" alt=\"\" srcset=\"https:\/\/prosertek.com\/wp-content\/uploads\/premios-imagen-3.jpg 416w, https:\/\/prosertek.com\/wp-content\/uploads\/premios-imagen-3-300x172.jpg 300w\" sizes=\"auto, (max-width: 416px) 100vw, 416px\" \/><\/div>[\/vc_column][vc_column column_center=\u00bbtrue\u00bb width=\u00bb1\/2&#8243;][vc_column_text]<\/p>\n<style>#page-wrap h3::after{display:none}<\/style>\n<h3 style=\"text-align: left; color: #000;\">Premio Marcelo Gangoiti | Edici\u00f3n XXII<\/h3>\n<p style=\"text-align: left;\">En 2018, Prosertek fue galardonada con el Premio Marcelo Gangoitia durante la vigesimosegunda edici\u00f3n del mismo. Se trata de un premio que reconoce a las empresas que apuestan por generar riqueza en Bizkaia, ya sea por inversiones, creaci\u00f3n de empleo, innovaci\u00f3n o cuidado del medio ambiente.<\/p>\n<p>[\/vc_column_text][vc_column_text]<\/p>\n<p style=\"text-align: right; font-weight: bold;\"><a href=\"https:\/\/prosertek.comes\/blog\/prosertek-premio-marcelo-gangoiti\/\">Leer m\u00e1s <img decoding=\"async\" src=\"https:\/\/prosertek.comwp-content\/uploads\/icono-leer-mas.png\" \/><\/a><\/p>\n<p>[\/vc_column_text][\/vc_column][\/vc_row][vc_row row_id=\u00bbppu-row\u00bb][vc_column column_center=\u00bbtrue\u00bb width=\u00bb1\/2&#8243;]<div class=\"single_image wpb_content_element align-center   \" data-animation=\"none\" data-delay=\"0\"><img loading=\"lazy\" decoding=\"async\" width=\"320\" height=\"192\" src=\"https:\/\/prosertek.com\/wp-content\/uploads\/premios-innovacion-industrial.jpg\" class=\"attachment-full\" alt=\"\" srcset=\"https:\/\/prosertek.com\/wp-content\/uploads\/premios-innovacion-industrial.jpg 320w, https:\/\/prosertek.com\/wp-content\/uploads\/premios-innovacion-industrial-300x180.jpg 300w\" sizes=\"auto, (max-width: 320px) 100vw, 320px\" \/><\/div>[\/vc_column][vc_column column_center=\u00bbtrue\u00bb width=\u00bb1\/2&#8243;][vc_column_text]<\/p>\n<style>#page-wrap h3::after{display:none}<\/style>\n<h3 style=\"text-align: left; color: #000;\">Premio Innovaci\u00f3n Industrial 2017<\/h3>\n<p style=\"text-align: left;\">El 6 de abril de 2017 Prosertek recibi\u00f3 el Premio a la Innovaci\u00f3n Industrial en el Kursaal de Donostia. Este premio es concedido anualmente por la empresa Iberm\u00e1tica, para reconocer a empresas \u00e1giles, innovadoras y con vocaci\u00f3n de expansi\u00f3n.<\/p>\n<p>[\/vc_column_text][vc_column_text]<\/p>\n<p style=\"text-align: right; font-weight: bold;\"><a href=\"https:\/\/prosertek.comes\/blog\/prosertek-premio-innovacion-industrial\">Leer m\u00e1s <img decoding=\"async\" src=\"https:\/\/prosertek.comwp-content\/uploads\/icono-leer-mas.png\" \/><\/a><\/p>\n<p>[\/vc_column_text][\/vc_column][\/vc_row][vc_row row_id=\u00bbppu-row\u00bb][vc_column column_center=\u00bbtrue\u00bb width=\u00bb1\/2&#8243;]<div class=\"single_image wpb_content_element align-center   \" data-animation=\"none\" data-delay=\"0\"><img loading=\"lazy\" decoding=\"async\" width=\"385\" height=\"193\" src=\"https:\/\/prosertek.com\/wp-content\/uploads\/premios-imagen-4.jpg\" class=\"attachment-full\" alt=\"\" srcset=\"https:\/\/prosertek.com\/wp-content\/uploads\/premios-imagen-4.jpg 385w, https:\/\/prosertek.com\/wp-content\/uploads\/premios-imagen-4-300x150.jpg 300w\" sizes=\"auto, (max-width: 385px) 100vw, 385px\" \/><\/div>[\/vc_column][vc_column column_center=\u00bbtrue\u00bb width=\u00bb1\/2&#8243;][vc_column_text]<\/p>\n<style>#page-wrap h3::after{display:none}<\/style>\n<h3 style=\"text-align: left; color: #000;\">Premio Quality Innovation Award 2017<\/h3>\n<p style=\"text-align: left;\">Prosertek recibi\u00f3 en 2017 el premio internacional Quality Innovation Award (QIA). Se trata de una competici\u00f3n de car\u00e1cter internacional creada para estimular el surgimiento y desarrollo de innovaciones de producto, de proceso, organizativas, etc.<\/p>\n<p>[\/vc_column_text][vc_column_text]<\/p>\n<p style=\"text-align: right; font-weight: bold;\"><a href=\"https:\/\/prosertek.comes\/blog\/prosertek-premio-quality-innovation-award-2016\/\">Leer m\u00e1s <img decoding=\"async\" src=\"https:\/\/prosertek.comwp-content\/uploads\/icono-leer-mas.png\" \/><\/a><\/p>\n<p>[\/vc_column_text][\/vc_column][\/vc_row][vc_row row_id=\u00bbppu-row\u00bb][vc_column column_center=\u00bbtrue\u00bb width=\u00bb1\/2&#8243;]<div class=\"single_image wpb_content_element align-center   \" data-animation=\"none\" data-delay=\"0\"><img loading=\"lazy\" decoding=\"async\" width=\"393\" height=\"152\" src=\"https:\/\/prosertek.com\/wp-content\/uploads\/premios-imagen-5.jpg\" class=\"attachment-full\" alt=\"\" srcset=\"https:\/\/prosertek.com\/wp-content\/uploads\/premios-imagen-5.jpg 393w, https:\/\/prosertek.com\/wp-content\/uploads\/premios-imagen-5-300x116.jpg 300w\" sizes=\"auto, (max-width: 393px) 100vw, 393px\" \/><\/div>[\/vc_column][vc_column column_center=\u00bbtrue\u00bb width=\u00bb1\/2&#8243;][vc_column_text]<\/p>\n<style>#page-wrap h3::after{display:none}<\/style>\n<h3 style=\"text-align: left; color: #000;\">Premio Euskalit Gesti\u00f3n Avanzada 2016<\/h3>\n<p style=\"text-align: left;\">En 2016 Prosertek fue galardonada con el Premio a la Gesti\u00f3n Avanzada del Gobierno Vasco, gestionado por EUSKALIT. Este premio tiene como objetivo reconocer a las organizaciones m\u00e1s avanzadas e identificar las mejores pr\u00e1cticas de gesti\u00f3n de Euskadi.<\/p>\n<p>[\/vc_column_text][vc_column_text]<\/p>\n<p style=\"text-align: right; font-weight: bold;\"><a href=\"https:\/\/prosertek.comes\/blog\/prosertek-innovacion-gestion-avanzada\/\">Leer m\u00e1s <img decoding=\"async\" src=\"https:\/\/prosertek.comwp-content\/uploads\/icono-leer-mas.png\" \/><\/a><\/p>\n<p>[\/vc_column_text][\/vc_column][\/vc_row][vc_row][vc_column width=\u00bb1\/1&#8243;][vc_column_text]<\/p>\n<h2>MENCIONES EN PRENSA<\/h2>\n<hr class=\"hr-titulo\" \/>\n<p>[\/vc_column_text][\/vc_column][\/vc_row][vc_row][vc_column el_class=\u00bbborde-rojo\u00bb width=\u00bb1\/2&#8243;]<div class=\"single_image wpb_content_element align-center   \" data-animation=\"none\" data-delay=\"0\"><img loading=\"lazy\" decoding=\"async\" width=\"229\" height=\"61\" src=\"https:\/\/prosertek.com\/wp-content\/uploads\/menciones-prensa-hempel.jpg\" class=\"attachment-full\" alt=\"\" \/><\/div>[vc_column_text el_class=\u00bbcapa-roja\u00bb]Hempel News | 2017[\/vc_column_text][vc_column_text]<\/p>\n<p style=\"font-size: 14px;\">Hempel News es la revista corporativa de Hempel, una compa\u00f1\u00eda global que ofrece productos en las industrias protectora, marina, decorativa, de contenedores y yates.<\/p>\n<p style=\"font-size: 14px;\">En el n\u00famero de oto\u00f1o de 2017, Hempel News calificaba la pasarela m\u00f3vil de Prosertek en la terminal de cruceros de Bilbao como \u201cuna vanguardista pieza de ingenier\u00eda\u201d y \u201cla m\u00e1s moderna del mundo\u201d.<\/p>\n<p>[\/vc_column_text][vc_column_text]<\/p>\n<p style=\"text-align: right; font-weight: bold;\"><a href=\"https:\/\/prosertek.comes\/blog\/pasarela-maritima-cruceros-bilbao\/\">Leer m\u00e1s <img decoding=\"async\" src=\"https:\/\/prosertek.comwp-content\/uploads\/icono-leer-mas.png\" \/><\/a><\/p>\n<p>[\/vc_column_text][\/vc_column][vc_column el_class=\u00bbborde-rojo\u00bb width=\u00bb1\/2&#8243;]<div class=\"single_image wpb_content_element align-center   \" data-animation=\"none\" data-delay=\"0\"><img loading=\"lazy\" decoding=\"async\" width=\"215\" height=\"61\" src=\"https:\/\/prosertek.com\/wp-content\/uploads\/menciones-prensa-asepeyo.jpg\" class=\"attachment-full\" alt=\"\" \/><\/div>[vc_column_text el_class=\u00bbcapa-roja\u00bb]Asepeyo | 2014[\/vc_column_text][vc_column_text]<\/p>\n<p style=\"font-size: 14px;\">La mutua Asepeyo concedi\u00f3 a Prosertek un bonus por su gesti\u00f3n en prevenci\u00f3n de riesgos laborales durante el ejercicio de 2014.<\/p>\n<p style=\"font-size: 14px;\">Se trata de un incentivo econ\u00f3mico sobre las cuotas por contingencias profesionales que otorga la Direcci\u00f3n General de Ordenaci\u00f3n de la Seguridad Social, a trav\u00e9s de la mutua.<\/p>\n<p>[\/vc_column_text][vc_column_text]<\/p>\n<p style=\"text-align: right; font-weight: bold;\"><a href=\"https:\/\/prosertek.comes\/blog\/prosertek-reduce-siniestralidad\/\">Leer m\u00e1s <img decoding=\"async\" src=\"https:\/\/prosertek.comwp-content\/uploads\/icono-leer-mas.png\" \/><\/a><\/p>\n<p>[\/vc_column_text][\/vc_column][\/vc_row][vc_row bg_image=\u00bb25469&#8243; text_color=\u00bblight\u00bb text_align=\u00bbcenter\u00bb top_padding=\u00bb80&#8243; bottom_padding=\u00bb40&#8243; row_id=\u00bbcatalogo\u00bb][vc_column width=\u00bb1\/1&#8243;][vc_column_text]<\/p>\n<h2>\u00bfQuieres conocer nuestros productos?<\/h2>\n<p style=\"font-size: 20px;\">El grupo Prosertek est\u00e1 formado por un equipo de profesionales especializados en el dise\u00f1o, la fabricaci\u00f3n y la instalaci\u00f3n de equipamiento portuario.<\/p>\n<p>[\/vc_column_text][vc_column_text]<\/p>\n<p style=\"text-align: center; font-weight: bold;\"><a class=\"btn\" style=\"color: #000;\" href=\"https:\/\/prosertek.com\/es\/sobre-nosotros\/galeria\/\">VER PRODUCTOS &gt;<\/a><\/p>\n<p>[\/vc_column_text][\/vc_column][\/vc_row][vc_row row_id=\u00bbcontacto\u00bb][vc_column width=\u00bb1\/1&#8243;][vc_column_text]<\/p>\n<h5>CONTACTA CON NOSOTROS<\/h5>\n<p>[\/vc_column_text][\/vc_column][\/vc_row]<\/p>\n","protected":false},"excerpt":{"rendered":"<p>[vc_row type=\u00bbfull_width_section\u00bb class=\u00bbcenter-vert\u00bb][vc_column el_class=\u00bbserv-img\u00bb width=\u00bb1\/2&#8243;][\/vc_column][vc_column width=\u00bb1\/2&#8243;][vc_column_text] M\u00e1s de 20 a\u00f1os de experiencia en el sector del equipamiento portuario y un constante af\u00e1n por la innovaci\u00f3n y la superaci\u00f3n de nuevos retos ha llevado a Prosertek a recibir numerosos premios y menciones en prensa a lo largo de su historia. Gracias a personal altamente cualificado y motivado, Prosertek est\u00e1 en continuo proceso de reinvenci\u00f3n para mejorar su competitividad, definiendo nuevos retos ya sea en producto, proceso, mercado y organizaci\u00f3n. [\/vc_column_text][\/vc_column][\/vc_row][vc_row][vc_column width=\u00bb1\/1&#8243;][vc_column_text] PREMIOS [\/vc_column_text][\/vc_column][\/vc_row][vc_row row_id=\u00bbppu-row\u00bb][vc_column column_center=\u00bbtrue\u00bb width=\u00bb1\/2&#8243;][\/vc_column][vc_column column_center=\u00bbtrue\u00bb width=\u00bb1\/2&#8243;][vc_column_text] Mejor PYME 2018 | Premios PYME En 2018 Prosertek recibi\u00f3 el reconocimiento a la mejor PYME, que premia el desempe\u00f1o de las peque\u00f1as y medianas empresas, cuya actividad es fundamental para la generaci\u00f3n de empleo y riqueza. Prosertek tambi\u00e9n fue reconocida por su apuesta por la internacionalizaci\u00f3n y sus proyectos innovadores. [\/vc_column_text][vc_column_text] Leer m\u00e1s [\/vc_column_text][\/vc_column][\/vc_row][vc_row row_id=\u00bbppu-row\u00bb][vc_column column_center=\u00bbtrue\u00bb width=\u00bb1\/2&#8243;][\/vc_column][vc_column column_center=\u00bbtrue\u00bb width=\u00bb1\/2&#8243;][vc_column_text] Mejor Proyecto de Innovaci\u00f3n 2018 | Premios ON En 2018 Prosertek recibi\u00f3 el Premio ON al Mejor Proyecto de Innovaci\u00f3n, el cual reconoce a las pymes de Bizkaia por su contribuci\u00f3n a la generaci\u00f3n de actividad econ\u00f3mica y empleo. [\/vc_column_text][vc_column_text] Leer m\u00e1s [\/vc_column_text][\/vc_column][\/vc_row][vc_row row_id=\u00bbppu-row\u00bb][vc_column column_center=\u00bbtrue\u00bb width=\u00bb1\/2&#8243;][\/vc_column][vc_column column_center=\u00bbtrue\u00bb width=\u00bb1\/2&#8243;][vc_column_text] Premio Marcelo Gangoiti | Edici\u00f3n [&hellip;]<\/p>\n","protected":false},"author":1,"featured_media":21740,"parent":15436,"menu_order":0,"comment_status":"closed","ping_status":"closed","template":"","meta":{"_acf_changed":false,"footnotes":""},"class_list":["post-25349","page","type-page","status-publish","has-post-thumbnail","hentry"],"acf":[],"_links":{"self":[{"href":"https:\/\/prosertek.com\/es\/wp-json\/wp\/v2\/pages\/25349","targetHints":{"allow":["GET"]}}],"collection":[{"href":"https:\/\/prosertek.com\/es\/wp-json\/wp\/v2\/pages"}],"about":[{"href":"https:\/\/prosertek.com\/es\/wp-json\/wp\/v2\/types\/page"}],"author":[{"embeddable":true,"href":"https:\/\/prosertek.com\/es\/wp-json\/wp\/v2\/users\/1"}],"replies":[{"embeddable":true,"href":"https:\/\/prosertek.com\/es\/wp-json\/wp\/v2\/comments?post=25349"}],"version-history":[{"count":2,"href":"https:\/\/prosertek.com\/es\/wp-json\/wp\/v2\/pages\/25349\/revisions"}],"predecessor-version":[{"id":29526,"href":"https:\/\/prosertek.com\/es\/wp-json\/wp\/v2\/pages\/25349\/revisions\/29526"}],"up":[{"embeddable":true,"href":"https:\/\/prosertek.com\/es\/wp-json\/wp\/v2\/pages\/15436"}],"wp:featuredmedia":[{"embeddable":true,"href":"https:\/\/prosertek.com\/es\/wp-json\/wp\/v2\/media\/21740"}],"wp:attachment":[{"href":"https:\/\/prosertek.com\/es\/wp-json\/wp\/v2\/media?parent=25349"}],"curies":[{"name":"wp","href":"https:\/\/api.w.org\/{rel}","templated":true}]}}