{"id":29096,"date":"2023-12-04T10:20:26","date_gmt":"2023-12-04T09:20:26","guid":{"rendered":"https:\/\/prosertek.com\/?page_id=29096"},"modified":"2026-03-18T08:59:02","modified_gmt":"2026-03-18T07:59:02","slug":"home","status":"publish","type":"page","link":"https:\/\/prosertek.com\/fr\/","title":{"rendered":"Home"},"content":{"rendered":"<p>[vc_row type=\u00a0\u00bbfull_width_section\u00a0\u00bb bg_image=\u00a0\u00bb22424&Prime; bg_repeat=\u00a0\u00bbno-repeat\u00a0\u00bb top_padding=\u00a0\u00bb20&Prime; bottom_padding=\u00a0\u00bb100&Prime; row_id=\u00a0\u00bbhero\u00a0\u00bb bg_position=\u00a0\u00bbleft top\u00a0\u00bb][vc_column][vc_column_text]<\/p>\n<h1>Soci\u00e9t\u00e9 europ\u00e9enne leader dans l&rsquo;\u00e9quipement portuaire<\/h1>\n<p>En tant qu&rsquo;entreprise europ\u00e9enne de premier plan dans la conception, la fabrication, l&rsquo;installation et la maintenance d&rsquo;\u00e9quipements portuaires depuis 1992. Nous sommes pr\u00e9sentes dans plus de 50 pays \u00e0 travers tous les continents. Notre exp\u00e9rience et la confiance de nos clients reposent sur la mise en \u0153uvre r\u00e9ussie de solutions innovantes et efficaces dans le domaine des quais et des terminaux portuaires. <a class=\"btn rojo\" href=\"https:\/\/prosertek.com\/fr\/telechargements\/catalogue-general-de-prosertek\/\">T\u00e9l\u00e9charger le catalogue<\/a> <a class=\"btn transparente\" href=\"https:\/\/prosertek.com\/fr\/contactez-nous\/\">Contacter<\/a><\/p>\n<p>[\/vc_column_text][\/vc_column][\/vc_row][vc_row text_align=\u00a0\u00bbcenter\u00a0\u00bb top_padding=\u00a0\u00bb20&Prime; bottom_padding=\u00a0\u00bb0&Prime; bg_position=\u00a0\u00bbleft top\u00a0\u00bb][vc_column][vc_column_text]<\/p>\n<h2 style=\"text-align: center;\">Solutions et \u00e9quipements pour les quais<\/h2>\n<p style=\"text-align: center;\">D\u00e9couvrez notre catalogue : solutions d&rsquo;accostage et d&rsquo;amarrage pour les bateaux et syst\u00e8mes d&rsquo;acc\u00e8s pour les personnes et les charges l\u00e9g\u00e8res, dans tous les types de quais. Nos \u00e9quipements et solutions sont con\u00e7us et fabriqu\u00e9s pour apporter une s\u00e9curit\u00e9 maximale aux op\u00e9rations de tous les types de navires.<\/p>\n<p>[\/vc_column_text][\/vc_column][\/vc_row][vc_row type=\u00a0\u00bbfull_width_section\u00a0\u00bb top_padding=\u00a0\u00bb20&Prime; bottom_padding=\u00a0\u00bb100&Prime; class=\u00a0\u00bbhome-product\u00a0\u00bb bg_position=\u00a0\u00bbleft top\u00a0\u00bb][vc_column width=\u00a0\u00bb1\/4&Prime;]<div class=\"single_image wpb_content_element align-right   \" data-animation=\"none\" data-delay=\"0\"><img loading=\"lazy\" decoding=\"async\" width=\"600\" height=\"400\" src=\"https:\/\/prosertek.com\/wp-content\/uploads\/bas-3-600x400.jpg\" class=\"attachment-portfolio\" alt=\"\" \/><\/div>[\/vc_column][vc_column width=\u00a0\u00bb1\/4&Prime;][vc_column_text]<\/p>\n<h3>BAS: Syst\u00e8me d&rsquo;aide \u00e0 l&rsquo;accostage<\/h3>\n<p>Le Syst\u00e8me d&rsquo;aide \u00e0 l&rsquo;accostage BAS (Berthing Aid System) vous permet la surveillance des op\u00e9rations d&rsquo;accostage et d&rsquo;amarrage dans les terminaux maritimes (ainsi que tous les param\u00e8tres qui interviennent dans ces op\u00e9rations). Ce syst\u00e8me fournit des informations qui am\u00e9liorent les op\u00e9rations et garantissent un accostage s\u00fbr du navire, facilitant ainsi des op\u00e9rations s\u00fbres et efficaces.<\/p>\n<p><a class=\"btn\" href=\"https:\/\/prosertek.com\/fr\/equipements-portuaires\/bas-systeme-daide-a-laccostage\/\">En savoir plus<\/a><\/p>\n<p>[\/vc_column_text][\/vc_column][vc_column width=\u00a0\u00bb1\/4&Prime;]<div class=\"single_image wpb_content_element align-right   \" data-animation=\"none\" data-delay=\"0\"><img loading=\"lazy\" decoding=\"async\" width=\"600\" height=\"400\" src=\"https:\/\/prosertek.com\/wp-content\/uploads\/ganchos-600x400.jpg\" class=\"attachment-portfolio\" alt=\"\" \/><\/div>[\/vc_column][vc_column width=\u00a0\u00bb1\/4&Prime;][vc_column_text]<\/p>\n<h3>Crochets \u00e0 d\u00e9gagement rapide<\/h3>\n<p>Disponibles \u00a0en format simple, double, triple ou quadruple, nos crochets \u00e0 d\u00e9gagement rapide garantissent un amarrage s\u00fbr, rapide et fiable. Nous offrons des services de conception, de fabrication, d&rsquo;essai, d&rsquo;installation et de maintenance\u00a0de crochets \u00e0 d\u00e9gagement rapide.<\/p>\n<p><a class=\"btn\" href=\"https:\/\/prosertek.com\/fr\/equipements-portuaires\/crocs\/\">En savoir plus<\/a><\/p>\n<p>[\/vc_column_text][\/vc_column][\/vc_row][vc_row type=\u00a0\u00bbfull_width_section\u00a0\u00bb top_padding=\u00a0\u00bb20&Prime; bottom_padding=\u00a0\u00bb100&Prime; class=\u00a0\u00bbhome-product\u00a0\u00bb bg_position=\u00a0\u00bbleft top\u00a0\u00bb][vc_column width=\u00a0\u00bb1\/4&Prime;]<div class=\"single_image wpb_content_element align-right   \" data-animation=\"none\" data-delay=\"0\"><img loading=\"lazy\" decoding=\"async\" width=\"310\" height=\"395\" src=\"https:\/\/prosertek.com\/wp-content\/uploads\/pasarelas-telescopicas-1.jpg\" class=\"attachment-portfolio\" alt=\"\" srcset=\"https:\/\/prosertek.com\/wp-content\/uploads\/pasarelas-telescopicas-1.jpg 310w, https:\/\/prosertek.com\/wp-content\/uploads\/pasarelas-telescopicas-1-235x300.jpg 235w\" sizes=\"auto, (max-width: 310px) 100vw, 310px\" \/><\/div>[\/vc_column][vc_column width=\u00a0\u00bb1\/4&Prime;][vc_column_text]<\/p>\n<h3>Passerelles d&rsquo;acc\u00e8s aux navires<\/h3>\n<p>Les Passerelles d&rsquo;acc\u00e8s aux navires permettent l&rsquo;acc\u00e8s du port au navire et vice versa. Nos passerelles offrent un acc\u00e8s optimal et s\u00fbr \u00e0 tous les types de navires, m\u00eame dans les conditions environnementales les plus s\u00e9v\u00e8res <strong>.<\/strong>Il existe deux configurations diff\u00e9rentes : le type\u00a0 tour\u00a0et le type \u00a0colonne.<\/p>\n<p><a class=\"btn\" href=\"https:\/\/prosertek.com\/fr\/equipements-portuaires\/crocs\/\">En savoir plus<\/a><\/p>\n<p>[\/vc_column_text][\/vc_column][vc_column width=\u00a0\u00bb1\/4&Prime;]<div class=\"single_image wpb_content_element align-right   \" data-animation=\"none\" data-delay=\"0\"><img loading=\"lazy\" decoding=\"async\" width=\"320\" height=\"243\" src=\"https:\/\/prosertek.com\/wp-content\/uploads\/pasarelas-de-embarque.jpg\" class=\"attachment-portfolio\" alt=\"\" srcset=\"https:\/\/prosertek.com\/wp-content\/uploads\/pasarelas-de-embarque.jpg 320w, https:\/\/prosertek.com\/wp-content\/uploads\/pasarelas-de-embarque-300x228.jpg 300w\" sizes=\"auto, (max-width: 320px) 100vw, 320px\" \/><\/div>[\/vc_column][vc_column width=\u00a0\u00bb1\/4&Prime;][vc_column_text]<\/p>\n<h3>Passerelles d&#8217;embarquement<\/h3>\n<p>Ils sont con\u00e7us pour faciliter le transit des personnes entre le navire et le quai et vice versa. Ils peuvent fonctionner dans des conditions environnementales difficiles, prot\u00e9geant les passagers des conditions m\u00e9t\u00e9orologiques les plus extr\u00eames. Con\u00e7us avec un haut degr\u00e9 d&rsquo;adaptabilit\u00e9, ils peuvent \u00eatre utilis\u00e9s dans de nombreuses circonstances diff\u00e9rentes.<\/p>\n<p><a class=\"btn\" href=\"https:\/\/prosertek.com\/fr\/equipements-portuaires\/passerelles-dembarquement-des-passagers-pour-les-ports\/\">En savoir plus<\/a><\/p>\n<p>[\/vc_column_text][\/vc_column][\/vc_row][vc_row type=\u00a0\u00bbfull_width_section\u00a0\u00bb top_padding=\u00a0\u00bb20&Prime; bottom_padding=\u00a0\u00bb100&Prime; class=\u00a0\u00bbhome-product\u00a0\u00bb bg_position=\u00a0\u00bbleft top\u00a0\u00bb][vc_column width=\u00a0\u00bb1\/4&Prime;]<div class=\"single_image wpb_content_element align-right   \" data-animation=\"none\" data-delay=\"0\"><img loading=\"lazy\" decoding=\"async\" width=\"600\" height=\"400\" src=\"https:\/\/prosertek.com\/wp-content\/uploads\/gruas-600x400.jpg\" class=\"attachment-portfolio\" alt=\"\" \/><\/div>[\/vc_column][vc_column width=\u00a0\u00bb1\/4&Prime;][vc_column_text]<\/p>\n<h3>Grues portuaires<\/h3>\n<p>Les grues sont utilis\u00e9es pour faciliter le d\u00e9roulement du chargement entre le port et les navires. Elles sont g\u00e9n\u00e9ralement install\u00e9es sur une grande vari\u00e9t\u00e9 de structures, comme une passerelle t\u00e9lescopique. C&rsquo;est pourquoi elles peuvent \u00eatre fabriqu\u00e9es avec diff\u00e9rentes fixations et port\u00e9es , ou \u00eatre \u00e9quip\u00e9es de diff\u00e9rents accessoires.<\/p>\n<p><a class=\"btn\" href=\"https:\/\/prosertek.com\/fr\/equipements-portuaires\/equipement-portuaire\/\">En savoir plus<\/a><\/p>\n<p>[\/vc_column_text][\/vc_column][vc_column width=\u00a0\u00bb1\/4&Prime;]<div class=\"single_image wpb_content_element align-right   \" data-animation=\"none\" data-delay=\"0\"><img loading=\"lazy\" decoding=\"async\" width=\"600\" height=\"400\" src=\"https:\/\/prosertek.com\/wp-content\/uploads\/defensas-1-600x400.jpg\" class=\"attachment-portfolio\" alt=\"\" \/><\/div>[\/vc_column][vc_column width=\u00a0\u00bb1\/4&Prime;][vc_column_text]<\/p>\n<h3>D\u00e9fenses d&rsquo;accostage maritimes<\/h3>\n<p>Les D\u00e9fenses d&rsquo;accostage sont con\u00e7ues pour absorber l&rsquo;\u00e9nergie cin\u00e9tique des navires lors de leur interaction avec une jet\u00e9e, un quai ou un autre navire. Elles emp\u00eachent les dommages survenant entre les navires et toute autre structure de mouillage.Une d\u00e9fense absorbe l&rsquo;impact du navire contre le quai lors de l&rsquo;accostage.<\/p>\n<p><a class=\"btn\" href=\"https:\/\/prosertek.com\/fr\/equipements-portuaires\/defenses\/\">En savoir plus <\/a><\/p>\n<p>[\/vc_column_text][\/vc_column][\/vc_row][vc_row type=\u00a0\u00bbfull_width_section\u00a0\u00bb top_padding=\u00a0\u00bb20&Prime; bottom_padding=\u00a0\u00bb20&Prime; class=\u00a0\u00bbhome-product\u00a0\u00bb bg_position=\u00a0\u00bbleft top\u00a0\u00bb][vc_column width=\u00a0\u00bb1\/4&Prime;][\/vc_column][vc_column width=\u00a0\u00bb1\/4&Prime;]<div class=\"single_image wpb_content_element align-right   \" data-animation=\"none\" data-delay=\"0\"><img loading=\"lazy\" decoding=\"async\" width=\"600\" height=\"400\" src=\"https:\/\/prosertek.com\/wp-content\/uploads\/bolardos-1-600x400.jpg\" class=\"attachment-portfolio\" alt=\"\" \/><\/div>[\/vc_column][vc_column width=\u00a0\u00bb1\/4&Prime;][vc_column_text]<\/p>\n<h3>Bollards marins<\/h3>\n<p>Les bollards constituent la base d&rsquo;un syst\u00e8me d&rsquo;amarrage ad\u00e9quat.. Chaque type de bollard assure que le navire soit fermement attach\u00e9 au terminal portuaire, au moyen d&rsquo;un ancrage solide et s\u00fbr pour ses amarres.<\/p>\n<p><a class=\"btn\" href=\"https:\/\/prosertek.com\/fr\/equipements-portuaires\/bollards\/\">En savoir plus<\/a><\/p>\n<p>[\/vc_column_text][\/vc_column][vc_column width=\u00a0\u00bb1\/4&Prime;][\/vc_column][\/vc_row][vc_row top_padding=\u00a0\u00bb20&Prime; bottom_padding=\u00a0\u00bb0&Prime;][vc_column width=\u00a0\u00bb1\/1&Prime;][vc_column_text]<\/p>\n<h2 style=\"text-align: center;\">Qualit\u00e9 europ\u00e9enne \u00e0 l&rsquo;\u00e9chelle mondiale<\/h2>\n<p>[\/vc_column_text]<div class=\"video-embed  wpb_content_element\"><iframe loading=\"lazy\" title=\"Prosertek: compa\u00f1\u00eda l\u00edder en equipamiento portuario\" width=\"1161\" height=\"653\" src=\"https:\/\/www.youtube.com\/embed\/TXrj8ucu1pw?feature=oembed\" frameborder=\"0\" allow=\"accelerometer; autoplay; clipboard-write; encrypted-media; gyroscope; picture-in-picture; web-share\" referrerpolicy=\"strict-origin-when-cross-origin\" allowfullscreen><\/iframe><\/div>[\/vc_column][\/vc_row][vc_row top_padding=\u00a0\u00bb20&Prime; bottom_padding=\u00a0\u00bb0&Prime;][vc_column width=\u00a0\u00bb1\/1&Prime;][vc_column_text]<\/p>\n<h2 style=\"text-align: center;\">Des clients qui nous font confiance pour leurs \u00e9quipements portuaires<\/h2>\n<p>[\/vc_column_text][vc_column_text]<\/p>\n<p style=\"text-align: center;\">Nos solutions d&rsquo;accostage, d&rsquo;amarrage et d&rsquo;acc\u00e8s aux navires sont pr\u00e9sentes dans les ports du monde entier.<\/p>\n<p style=\"text-align: center;\">Les autorit\u00e9s portuaires et les entreprises font confiance au savoir-faire et \u00e0 la qualit\u00e9 de Prosertek, ainsi qu&rsquo;\u00e0 son service apr\u00e8s-vente.<\/p>\n<p>[\/vc_column_text][\/vc_column][\/vc_row][vc_row top_padding=\u00a0\u00bb20&Prime; bottom_padding=\u00a0\u00bb0&Prime; bg_position=\u00a0\u00bbleft top\u00a0\u00bb][vc_column][vc_column_text]<\/p>\n<h2 style=\"text-align: center;\">Services<\/h2>\n<p>[\/vc_column_text][vc_column_text]<\/p>\n<p style=\"text-align: center;\"><span class=\"fontstyle0\">Notre \u00e9ventail de services comprend tout ce dont vous avez besoin pour garder vos installations portuaires en parfait \u00e9tat. La maintenance pr\u00e9ventive et corrective esteffectu\u00e9e par un personnel technique expert et avec les moyens les plus avanc\u00e9s,ce qui garantit la plus haute qualit\u00e9 du travail et la plus stricte s\u00e9curit\u00e9 des installations.<\/span><\/p>\n<p>[\/vc_column_text][vc_column_text]<\/p>\n<ul class=\"servicios\">\n<li><img loading=\"lazy\" decoding=\"async\" class=\"alignnone wp-image-22021 size-full\" src=\"https:\/\/prosertek.com\/wp-content\/uploads\/icono-mantenimiento.png\" alt=\"Mantenimiento Subacu\u00e1tico\" width=\"140\" height=\"114\" \/><br \/>\n<h2><a href=\"https:\/\/prosertek.com\/fr\/services\/services-de-maintenance-sous-marine\/\">Maintenance sous-marine<\/a><\/h2>\n<p><a class=\"btn\" href=\"https:\/\/prosertek.com\/fr\/services\/services-de-maintenance-sous-marine\/\"><span class=\"fontstyle0\">PLUS D&rsquo;INFORMATIONS<\/span><\/a><\/li>\n<li style=\"flex-basis: 440px;\"><img loading=\"lazy\" decoding=\"async\" class=\"alignnone wp-image-22019 size-full\" src=\"https:\/\/prosertek.com\/wp-content\/uploads\/icono-ensayos-bolardos.png\" alt=\"Ensayos Bolardos\" width=\"140\" height=\"114\" \/><br \/>\n<h2><a href=\"https:\/\/prosertek.com\/fr\/services\/controle-non-destructif-des-bollards\/\">Contr\u00f4le des bollards<\/a><\/h2>\n<p><a class=\"btn\" href=\"https:\/\/prosertek.com\/fr\/services\/controle-non-destructif-des-bollards\/\"><span class=\"fontstyle0\">PLUS D&rsquo;INFORMATIONS<\/span><\/a><\/li>\n<li><img loading=\"lazy\" decoding=\"async\" class=\"alignnone wp-image-22023 size-full\" src=\"https:\/\/prosertek.com\/wp-content\/uploads\/icono-sat.png\" alt=\"SAT\" width=\"140\" height=\"114\" \/><br \/>\n<h2><a href=\"https:\/\/prosertek.com\/fr\/services\/service-dassistance-technique\/\">Service d&rsquo;assistance technique<\/a><\/h2>\n<p><a class=\"btn\" href=\"https:\/\/prosertek.com\/fr\/services\/service-dassistance-technique\/\"><span class=\"fontstyle0\">PLUS D&rsquo;INFORMATIONS<\/span><\/a><\/li>\n<li style=\"flex-basis: 360px;\"><img loading=\"lazy\" decoding=\"async\" class=\"alignnone wp-image-22022 size-full\" src=\"https:\/\/prosertek.com\/wp-content\/uploads\/icono-portable-pilot-unit.png\" alt=\"Portable Pilot Unit\" width=\"140\" height=\"114\" \/><br \/>\n<h2><a href=\"https:\/\/prosertek.com\/fr\/services\/portable-pilot-unit-systeme-daide-a-la-navigation\/\">Portable Pilot Unit: Syst\u00e8me d&rsquo;aide \u00e0 la navigation<\/a><\/h2>\n<p><a class=\"btn\" href=\"https:\/\/prosertek.com\/fr\/services\/portable-pilot-unit-systeme-daide-a-la-navigation\/\"><span class=\"fontstyle0\">PLUS D&rsquo;INFORMATIONS<\/span><\/a><\/li>\n<li><img loading=\"lazy\" decoding=\"async\" class=\"alignnone wp-image-22108 size-full\" src=\"https:\/\/prosertek.com\/wp-content\/uploads\/icono-ingenieria.png\" alt=\"\" width=\"140\" height=\"114\" \/><br \/>\n<h2><a href=\"https:\/\/prosertek.com\/fr\/services\/ingenierie\/\">Ing\u00e9nierie<\/a><\/h2>\n<p><a class=\"btn\" href=\"https:\/\/prosertek.com\/fr\/services\/ingenierie\/\">PLUS D&rsquo;INFORMATIONS<\/a><\/li>\n<\/ul>\n<p>[\/vc_column_text][\/vc_column][\/vc_row][vc_row top_padding=\u00a0\u00bb20&Prime; bottom_padding=\u00a0\u00bb0&Prime; bg_position=\u00a0\u00bbleft top\u00a0\u00bb][vc_column][vc_column_text]<\/p>\n<h2 style=\"text-align: center;\">Contact<\/h2>\n<p>[\/vc_column_text][vc_column_text]<\/p>\n<p style=\"text-align: center;\">Contactez-nous pour en savoir plus sur nos solutions d&rsquo;accostage, d&rsquo;amarrage et d&rsquo;acc\u00e8s aux navires ou sur les services d&rsquo;ing\u00e9nierie et de maintenance des installations maritimes. Nous vous informerons sans engagement.<\/p>\n<p style=\"text-align: center;\"><a class=\"btn\" href=\"https:\/\/prosertek.com\/fr\/contactez-nous\/\">CONTACTEZ NOUS<\/a><\/p>\n<p>[\/vc_column_text][\/vc_column][\/vc_row][vc_row bg_color=\u00a0\u00bb#fafafa\u00a0\u00bb top_padding=\u00a0\u00bb0&Prime; bottom_padding=\u00a0\u00bb20&Prime; row_id=\u00a0\u00bbcatalogo\u00a0\u00bb bg_position=\u00a0\u00bbleft top\u00a0\u00bb][vc_column width=\u00a0\u00bb1\/2&Prime;]<div class=\"single_image wpb_content_element align-right   \" data-animation=\"none\" data-delay=\"0\"><img loading=\"lazy\" decoding=\"async\" width=\"412\" height=\"307\" src=\"https:\/\/prosertek.com\/wp-content\/uploads\/catalogo-general.png\" class=\"attachment-full\" alt=\"\" srcset=\"https:\/\/prosertek.com\/wp-content\/uploads\/catalogo-general.png 412w, https:\/\/prosertek.com\/wp-content\/uploads\/catalogo-general-300x224.png 300w\" sizes=\"auto, (max-width: 412px) 100vw, 412px\" \/><\/div>[\/vc_column][vc_column width=\u00a0\u00bb1\/2&Prime;][vc_column_text]<span style=\"font-size: 22px; font-weight: 400;\">T\u00e9l\u00e9chargez notre guide<\/span> Nouvelles technologies en mati\u00e8re d&rsquo;\u00e9quipements portuaires <a class=\"btn\" href=\"https:\/\/prosertek.com\/fr\/telechargements\/telecharger-les-nouvelles-technologies-dans-les-equipments-portuaries\/\">T\u00e9l\u00e9charger le guide<\/a>[\/vc_column_text][\/vc_column][\/vc_row][vc_row][vc_column width=\u00a0\u00bb1\/1&Prime;]<div class=\"single_image wpb_content_element align-left   \" data-animation=\"none\" data-delay=\"0\"><img loading=\"lazy\" decoding=\"async\" width=\"2048\" height=\"1436\" src=\"https:\/\/prosertek.com\/wp-content\/uploads\/CArtel-FEder.png\" class=\"attachment-full\" alt=\"Cartel Feder\" srcset=\"https:\/\/prosertek.com\/wp-content\/uploads\/CArtel-FEder.png 2048w, https:\/\/prosertek.com\/wp-content\/uploads\/CArtel-FEder-300x210.png 300w, https:\/\/prosertek.com\/wp-content\/uploads\/CArtel-FEder-1024x718.png 1024w, https:\/\/prosertek.com\/wp-content\/uploads\/CArtel-FEder-1536x1077.png 1536w\" sizes=\"auto, (max-width: 2048px) 100vw, 2048px\" \/><\/div>[\/vc_column][\/vc_row]<\/p>\n","protected":false},"excerpt":{"rendered":"<p>[vc_row type=\u00a0\u00bbfull_width_section\u00a0\u00bb bg_image=\u00a0\u00bb22424&Prime; bg_repeat=\u00a0\u00bbno-repeat\u00a0\u00bb top_padding=\u00a0\u00bb20&Prime; bottom_padding=\u00a0\u00bb100&Prime; row_id=\u00a0\u00bbhero\u00a0\u00bb bg_position=\u00a0\u00bbleft top\u00a0\u00bb][vc_column][vc_column_text] Soci\u00e9t\u00e9 europ\u00e9enne leader dans l&rsquo;\u00e9quipement portuaire En tant qu&rsquo;entreprise europ\u00e9enne de premier plan dans la conception, la fabrication, l&rsquo;installation et la maintenance d&rsquo;\u00e9quipements portuaires depuis 1992. Nous sommes pr\u00e9sentes dans plus de 50 pays \u00e0 travers tous les continents. Notre exp\u00e9rience et la confiance de nos clients reposent sur la mise en \u0153uvre r\u00e9ussie de solutions innovantes et efficaces dans le domaine des quais et des terminaux portuaires. T\u00e9l\u00e9charger le catalogue Contacter [\/vc_column_text][\/vc_column][\/vc_row][vc_row text_align=\u00a0\u00bbcenter\u00a0\u00bb top_padding=\u00a0\u00bb20&Prime; bottom_padding=\u00a0\u00bb0&Prime; bg_position=\u00a0\u00bbleft top\u00a0\u00bb][vc_column][vc_column_text] Solutions et \u00e9quipements pour les quais D\u00e9couvrez notre catalogue : solutions d&rsquo;accostage et d&rsquo;amarrage pour les bateaux et syst\u00e8mes d&rsquo;acc\u00e8s pour les personnes et les charges l\u00e9g\u00e8res, dans tous les types de quais. Nos \u00e9quipements et solutions sont con\u00e7us et fabriqu\u00e9s pour apporter une s\u00e9curit\u00e9 maximale aux op\u00e9rations de tous les types de navires. [\/vc_column_text][\/vc_column][\/vc_row][vc_row type=\u00a0\u00bbfull_width_section\u00a0\u00bb top_padding=\u00a0\u00bb20&Prime; bottom_padding=\u00a0\u00bb100&Prime; class=\u00a0\u00bbhome-product\u00a0\u00bb bg_position=\u00a0\u00bbleft top\u00a0\u00bb][vc_column width=\u00a0\u00bb1\/4&Prime;][\/vc_column][vc_column width=\u00a0\u00bb1\/4&Prime;][vc_column_text] BAS: Syst\u00e8me d&rsquo;aide \u00e0 l&rsquo;accostage Le Syst\u00e8me d&rsquo;aide \u00e0 l&rsquo;accostage BAS (Berthing Aid System) vous permet la surveillance des op\u00e9rations d&rsquo;accostage et d&rsquo;amarrage dans les terminaux maritimes (ainsi que tous les param\u00e8tres qui interviennent dans ces op\u00e9rations). Ce syst\u00e8me fournit des informations qui am\u00e9liorent les op\u00e9rations et garantissent un accostage [&hellip;]<\/p>\n","protected":false},"author":1,"featured_media":0,"parent":0,"menu_order":0,"comment_status":"closed","ping_status":"closed","template":"","meta":{"_acf_changed":false,"footnotes":""},"class_list":["post-29096","page","type-page","status-publish","hentry"],"acf":[],"_links":{"self":[{"href":"https:\/\/prosertek.com\/fr\/wp-json\/wp\/v2\/pages\/29096","targetHints":{"allow":["GET"]}}],"collection":[{"href":"https:\/\/prosertek.com\/fr\/wp-json\/wp\/v2\/pages"}],"about":[{"href":"https:\/\/prosertek.com\/fr\/wp-json\/wp\/v2\/types\/page"}],"author":[{"embeddable":true,"href":"https:\/\/prosertek.com\/fr\/wp-json\/wp\/v2\/users\/1"}],"replies":[{"embeddable":true,"href":"https:\/\/prosertek.com\/fr\/wp-json\/wp\/v2\/comments?post=29096"}],"version-history":[{"count":24,"href":"https:\/\/prosertek.com\/fr\/wp-json\/wp\/v2\/pages\/29096\/revisions"}],"predecessor-version":[{"id":31433,"href":"https:\/\/prosertek.com\/fr\/wp-json\/wp\/v2\/pages\/29096\/revisions\/31433"}],"wp:attachment":[{"href":"https:\/\/prosertek.com\/fr\/wp-json\/wp\/v2\/media?parent=29096"}],"curies":[{"name":"wp","href":"https:\/\/api.w.org\/{rel}","templated":true}]}}