{"id":29133,"date":"2023-12-07T08:50:37","date_gmt":"2023-12-07T07:50:37","guid":{"rendered":"https:\/\/prosertek.com\/?page_id=29133"},"modified":"2023-12-14T14:27:30","modified_gmt":"2023-12-14T13:27:30","slug":"catalogue-general-de-prosertek","status":"publish","type":"page","link":"https:\/\/prosertek.com\/fr\/telechargements\/catalogue-general-de-prosertek\/","title":{"rendered":"Catalogue g\u00e9n\u00e9ral de Prosertek"},"content":{"rendered":"<p>[vc_row][vc_column width=\u00a0\u00bb2\/3&Prime;]<div class=\"single_image wpb_content_element align-left   \" data-animation=\"none\" data-delay=\"0\"><img loading=\"lazy\" decoding=\"async\" width=\"730\" height=\"465\" src=\"https:\/\/prosertek.com\/wp-content\/uploads\/catalog-1.jpg\" class=\"attachment-full\" alt=\"\" srcset=\"https:\/\/prosertek.com\/wp-content\/uploads\/catalog-1.jpg 730w, https:\/\/prosertek.com\/wp-content\/uploads\/catalog-1-300x191.jpg 300w\" sizes=\"auto, (max-width: 730px) 100vw, 730px\" \/><\/div>[\/vc_column][vc_column width=\u00a0\u00bb1\/3&Prime;][vc_column_text]Pour obtenir notre guide, veuillez remplir le formulaire ci-dessous et le t\u00e9l\u00e9chargement d\u00e9marrera automatiquement (si vous rencontrez un probl\u00e8me, contactez-nous \u00e0 l&rsquo;adresse prosertek@prosertek.com).<br \/>\n<script type=\"text\/javascript\" src=\"\/\/ports.prosertek.com\/form\/generate.js?id=39\"><\/script>[\/vc_column_text][\/vc_column][\/vc_row]<\/p>\n","protected":false},"excerpt":{"rendered":"<p>[vc_row][vc_column width=\u00a0\u00bb2\/3&Prime;][\/vc_column][vc_column width=\u00a0\u00bb1\/3&Prime;][vc_column_text]Pour obtenir notre guide, veuillez remplir le formulaire ci-dessous et le t\u00e9l\u00e9chargement d\u00e9marrera automatiquement (si vous rencontrez un probl\u00e8me, contactez-nous \u00e0 l&rsquo;adresse prosertek@prosertek.com). [\/vc_column_text][\/vc_column][\/vc_row]<\/p>\n","protected":false},"author":3,"featured_media":0,"parent":29231,"menu_order":0,"comment_status":"closed","ping_status":"closed","template":"","meta":{"_acf_changed":false,"footnotes":""},"class_list":["post-29133","page","type-page","status-publish","hentry"],"acf":[],"_links":{"self":[{"href":"https:\/\/prosertek.com\/fr\/wp-json\/wp\/v2\/pages\/29133","targetHints":{"allow":["GET"]}}],"collection":[{"href":"https:\/\/prosertek.com\/fr\/wp-json\/wp\/v2\/pages"}],"about":[{"href":"https:\/\/prosertek.com\/fr\/wp-json\/wp\/v2\/types\/page"}],"author":[{"embeddable":true,"href":"https:\/\/prosertek.com\/fr\/wp-json\/wp\/v2\/users\/3"}],"replies":[{"embeddable":true,"href":"https:\/\/prosertek.com\/fr\/wp-json\/wp\/v2\/comments?post=29133"}],"version-history":[{"count":4,"href":"https:\/\/prosertek.com\/fr\/wp-json\/wp\/v2\/pages\/29133\/revisions"}],"predecessor-version":[{"id":29373,"href":"https:\/\/prosertek.com\/fr\/wp-json\/wp\/v2\/pages\/29133\/revisions\/29373"}],"up":[{"embeddable":true,"href":"https:\/\/prosertek.com\/fr\/wp-json\/wp\/v2\/pages\/29231"}],"wp:attachment":[{"href":"https:\/\/prosertek.com\/fr\/wp-json\/wp\/v2\/media?parent=29133"}],"curies":[{"name":"wp","href":"https:\/\/api.w.org\/{rel}","templated":true}]}}