{"id":29154,"date":"2023-12-07T09:31:20","date_gmt":"2023-12-07T08:31:20","guid":{"rendered":"https:\/\/prosertek.com\/?page_id=29154"},"modified":"2023-12-14T16:22:42","modified_gmt":"2023-12-14T15:22:42","slug":"portable-pilot-unit-systeme-daide-a-la-navigation","status":"publish","type":"page","link":"https:\/\/prosertek.com\/fr\/services\/portable-pilot-unit-systeme-daide-a-la-navigation\/","title":{"rendered":"Portable Pilot Unit : Syst\u00e8me d&rsquo;aide \u00e0 la navigation"},"content":{"rendered":"<p>[vc_row type=\u00a0\u00bbfull_width_section\u00a0\u00bb class=\u00a0\u00bbcenter-vert\u00a0\u00bb][vc_column el_class=\u00a0\u00bbserv-img\u00a0\u00bb width=\u00a0\u00bb1\/2&Prime;]<div class=\"single_image wpb_content_element align-left   \" data-animation=\"none\" data-delay=\"0\"><img loading=\"lazy\" decoding=\"async\" width=\"589\" height=\"548\" src=\"https:\/\/prosertek.com\/wp-content\/uploads\/portable-pilot-unit-1.jpg\" class=\"attachment-full\" alt=\"\" srcset=\"https:\/\/prosertek.com\/wp-content\/uploads\/portable-pilot-unit-1.jpg 589w, https:\/\/prosertek.com\/wp-content\/uploads\/portable-pilot-unit-1-300x279.jpg 300w\" sizes=\"auto, (max-width: 589px) 100vw, 589px\" \/><\/div>[\/vc_column][vc_column width=\u00a0\u00bb1\/2&Prime;][vc_column_text]<\/p>\n<h2 class=\"servicio-h2\">Syst\u00e8me d&rsquo;aide \u00e0 la navigation<\/h2>\n<div class=\"bordes\">\n<p>Les navires deviennent de plus en plus grands et les infrastructures portuaires restent les m\u00eames, ce qui rend de plus en plus difficile l&rsquo;accostage d&rsquo;un navire dans un port. Notre syst\u00e8me de navigation Portable Pilot Unit (PPU) est le plus pr\u00e9cis du march\u00e9 et permet de contr\u00f4ler les plus grands navires avec une pr\u00e9cision et une fiabilit\u00e9 extr\u00eames.<\/p>\n<\/div>\n<p style=\"text-align: center;\"><a class=\"btn\" href=\"#contact\">Demander plus d&rsquo;informations<\/a><\/p>\n<p>[\/vc_column_text][\/vc_column][\/vc_row][vc_row top_padding=\u00a0\u00bb50&Prime; class=\u00a0\u00bbabajo-vert\u00a0\u00bb][vc_column width=\u00a0\u00bb1\/2&Prime;]<div class=\"single_image wpb_content_element align-left   \" data-animation=\"none\" data-delay=\"0\"><img loading=\"lazy\" decoding=\"async\" width=\"750\" height=\"380\" src=\"https:\/\/prosertek.com\/wp-content\/uploads\/ppu-ad_navigation.jpg\" class=\"attachment-full\" alt=\"\" srcset=\"https:\/\/prosertek.com\/wp-content\/uploads\/ppu-ad_navigation.jpg 750w, https:\/\/prosertek.com\/wp-content\/uploads\/ppu-ad_navigation-300x152.jpg 300w\" sizes=\"auto, (max-width: 750px) 100vw, 750px\" \/><\/div>[\/vc_column][vc_column width=\u00a0\u00bb1\/2&Prime;][vc_column_text]<\/p>\n<h2 class=\"ppu-h2\">Petit format,<br \/>\ngrandes prestations<\/h2>\n<p>Les PPU de la soci\u00e9t\u00e9 Ad Navigation, que Prosertek distribue exclusivement dans la p\u00e9ninsule ib\u00e9rique, surprennent par leur tr\u00e8s petite taille et une pr\u00e9cision jamais vue auparavant :<\/p>\n<ul style=\"margin-left: 40px;\">\n<li><strong>Pr\u00e9cision de positionnement de l&rsquo;arc, de la poupe et vitesses<\/strong> : 1 cm.<\/li>\n<li>D\u00e9calages de cap inf\u00e9rieurs \u00e0 0,01 degr\u00e9s.<\/li>\n<li><strong>L\u00e9ger et facile \u00e0 transporter:<\/strong> 600 g par capteur.<\/li>\n<li>Enti\u00e8rement <strong>sans fil.<\/strong><\/li>\n<li><strong>Installation facile:<\/strong> op\u00e9rationnelle en quelques secondes.<\/li>\n<\/ul>\n<p>[\/vc_column_text][\/vc_column][\/vc_row][vc_row top_padding=\u00a0\u00bb50&Prime; row_id=\u00a0\u00bbppu-row\u00a0\u00bb][vc_column width=\u00a0\u00bb1\/1&Prime;][vc_column_text]<\/p>\n<p style=\"text-align: center; margin-top: 60px;\"><a class=\"btn\" href=\"#contact\">Contactez nous<\/a><\/p>\n<p>[\/vc_column_text][\/vc_column][\/vc_row][vc_row top_padding=\u00a0\u00bb50&Prime; row_id=\u00a0\u00bbppu-row\u00a0\u00bb][vc_column width=\u00a0\u00bb1\/2&Prime;][vc_column_text el_class=\u00a0\u00bbmax-45&Prime;]<\/p>\n<h2 class=\"ppu-h2\">Compact<\/h2>\n<p>Le syst\u00e8me complet se compose de 3 petites unit\u00e9s POD l\u00e9g\u00e8res et robustes qui communiquent sans fil avec le syst\u00e8me de cartographie \u00e9lectronique, ce qui facilite le transport et l&rsquo;installation.[\/vc_column_text][\/vc_column][vc_column width=\u00a0\u00bb1\/2&Prime;]<div class=\"single_image wpb_content_element align-left   \" data-animation=\"none\" data-delay=\"0\"><img loading=\"lazy\" decoding=\"async\" width=\"800\" height=\"276\" src=\"https:\/\/prosertek.com\/wp-content\/uploads\/instalacion-ppu.jpg\" class=\"attachment-full\" alt=\"\" srcset=\"https:\/\/prosertek.com\/wp-content\/uploads\/instalacion-ppu.jpg 800w, https:\/\/prosertek.com\/wp-content\/uploads\/instalacion-ppu-300x104.jpg 300w\" sizes=\"auto, (max-width: 800px) 100vw, 800px\" \/><\/div>[\/vc_column][\/vc_row][vc_row top_padding=\u00a0\u00bb50&Prime; row_id=\u00a0\u00bbppu-row\u00a0\u00bb][vc_column width=\u00a0\u00bb1\/2&Prime;]<div class=\"single_image wpb_content_element align-left   \" data-animation=\"none\" data-delay=\"0\"><img loading=\"lazy\" decoding=\"async\" width=\"800\" height=\"333\" src=\"https:\/\/prosertek.com\/wp-content\/uploads\/ppu.jpg\" class=\"attachment-full\" alt=\"\" srcset=\"https:\/\/prosertek.com\/wp-content\/uploads\/ppu.jpg 800w, https:\/\/prosertek.com\/wp-content\/uploads\/ppu-300x125.jpg 300w\" sizes=\"auto, (max-width: 800px) 100vw, 800px\" \/><\/div>[\/vc_column][vc_column width=\u00a0\u00bb1\/2&Prime;][vc_column_text]<\/p>\n<h2 class=\"ppu-h2\">Technologie sans fil<\/h2>\n<p>Le PPU obtient des mesures en utilisant les techniques de pointe GPS \/ GLONASS \/ BeiDou et Galileo Real Time Kinematic (RTK), ainsi que des capteurs RoT extr\u00eamement pr\u00e9cis.<br \/>\nDe plus, il utilise un r\u00e9seau de communication UHF entre les POD afin d&rsquo;\u00e9viter les pertes de signal dues aux interf\u00e9rences.[\/vc_column_text][\/vc_column][\/vc_row][vc_row top_padding=\u00a0\u00bb50&Prime; row_id=\u00a0\u00bbppu-row\u00a0\u00bb][vc_column width=\u00a0\u00bb1\/2&Prime;][vc_column_text]<\/p>\n<h2 class=\"ppu-h2\">Facile \u00e0 installer<\/h2>\n<p>Nos PPU peuvent \u00eatre transport\u00e9s dans un sac \u00e0 dos et install\u00e9s en quelques secondes. Avec les 3 POD et un ordinateur portable, et gr\u00e2ce \u00e0 la connexion sans fil, tout sera op\u00e9rationnel en quelques instants.<br \/>\n[\/vc_column_text][\/vc_column][vc_column width=\u00a0\u00bb1\/2&Prime;]<div class=\"single_image wpb_content_element align-left   \" data-animation=\"none\" data-delay=\"0\"><img loading=\"lazy\" decoding=\"async\" width=\"515\" height=\"266\" src=\"https:\/\/prosertek.com\/wp-content\/uploads\/ppu-3.jpg\" class=\"attachment-full\" alt=\"\" srcset=\"https:\/\/prosertek.com\/wp-content\/uploads\/ppu-3.jpg 515w, https:\/\/prosertek.com\/wp-content\/uploads\/ppu-3-300x155.jpg 300w\" sizes=\"auto, (max-width: 515px) 100vw, 515px\" \/><\/div>[\/vc_column][vc_column width=\u00a0\u00bb1\/1&Prime;][vc_column_text]<\/p>\n<p style=\"text-align: center; margin-top: 60px;\"><a class=\"btn\" href=\"https:\/\/prosertek.com\/fr\/contactez-nous\/\">Demander plus d&rsquo;informations<\/a><\/p>\n<p>[\/vc_column_text][\/vc_column][\/vc_row][vc_row row_id=\u00a0\u00bbcontacto\u00a0\u00bb][vc_column width=\u00a0\u00bb1\/1&Prime;][vc_column_text]<\/p>\n<h5>Contactez nous<\/h5>\n<p><script type=\"text\/javascript\" src=\"\/\/ports.prosertek.com\/form\/generate.js?id=33\"><\/script>[\/vc_column_text][\/vc_column][\/vc_row]<\/p>\n","protected":false},"excerpt":{"rendered":"<p>[vc_row type=\u00a0\u00bbfull_width_section\u00a0\u00bb class=\u00a0\u00bbcenter-vert\u00a0\u00bb][vc_column el_class=\u00a0\u00bbserv-img\u00a0\u00bb width=\u00a0\u00bb1\/2&Prime;][\/vc_column][vc_column width=\u00a0\u00bb1\/2&Prime;][vc_column_text] Syst\u00e8me d&rsquo;aide \u00e0 la navigation Les navires deviennent de plus en plus grands et les infrastructures portuaires restent les m\u00eames, ce qui rend de plus en plus difficile l&rsquo;accostage d&rsquo;un navire dans un port. Notre syst\u00e8me de navigation Portable Pilot Unit (PPU) est le plus pr\u00e9cis du march\u00e9 et permet de contr\u00f4ler les plus grands navires avec une pr\u00e9cision et une fiabilit\u00e9 extr\u00eames. Demander plus d&rsquo;informations [\/vc_column_text][\/vc_column][\/vc_row][vc_row top_padding=\u00a0\u00bb50&Prime; class=\u00a0\u00bbabajo-vert\u00a0\u00bb][vc_column width=\u00a0\u00bb1\/2&Prime;][\/vc_column][vc_column width=\u00a0\u00bb1\/2&Prime;][vc_column_text] Petit format, grandes prestations Les PPU de la soci\u00e9t\u00e9 Ad Navigation, que Prosertek distribue exclusivement dans la p\u00e9ninsule ib\u00e9rique, surprennent par leur tr\u00e8s petite taille et une pr\u00e9cision jamais vue auparavant : Pr\u00e9cision de positionnement de l&rsquo;arc, de la poupe et vitesses : 1 cm. D\u00e9calages de cap inf\u00e9rieurs \u00e0 0,01 degr\u00e9s. L\u00e9ger et facile \u00e0 transporter: 600 g par capteur. Enti\u00e8rement sans fil. Installation facile: op\u00e9rationnelle en quelques secondes. [\/vc_column_text][\/vc_column][\/vc_row][vc_row top_padding=\u00a0\u00bb50&Prime; row_id=\u00a0\u00bbppu-row\u00a0\u00bb][vc_column width=\u00a0\u00bb1\/1&Prime;][vc_column_text] Contactez nous [\/vc_column_text][\/vc_column][\/vc_row][vc_row top_padding=\u00a0\u00bb50&Prime; row_id=\u00a0\u00bbppu-row\u00a0\u00bb][vc_column width=\u00a0\u00bb1\/2&Prime;][vc_column_text el_class=\u00a0\u00bbmax-45&Prime;] Compact Le syst\u00e8me complet se compose de 3 petites unit\u00e9s POD l\u00e9g\u00e8res et robustes qui communiquent sans fil avec le syst\u00e8me de cartographie \u00e9lectronique, ce qui facilite le transport et l&rsquo;installation.[\/vc_column_text][\/vc_column][vc_column width=\u00a0\u00bb1\/2&Prime;][\/vc_column][\/vc_row][vc_row top_padding=\u00a0\u00bb50&Prime; row_id=\u00a0\u00bbppu-row\u00a0\u00bb][vc_column width=\u00a0\u00bb1\/2&Prime;][\/vc_column][vc_column width=\u00a0\u00bb1\/2&Prime;][vc_column_text] Technologie sans fil Le PPU obtient [&hellip;]<\/p>\n","protected":false},"author":3,"featured_media":28160,"parent":29269,"menu_order":0,"comment_status":"closed","ping_status":"closed","template":"","meta":{"_acf_changed":false,"footnotes":""},"class_list":["post-29154","page","type-page","status-publish","has-post-thumbnail","hentry"],"acf":[],"_links":{"self":[{"href":"https:\/\/prosertek.com\/fr\/wp-json\/wp\/v2\/pages\/29154","targetHints":{"allow":["GET"]}}],"collection":[{"href":"https:\/\/prosertek.com\/fr\/wp-json\/wp\/v2\/pages"}],"about":[{"href":"https:\/\/prosertek.com\/fr\/wp-json\/wp\/v2\/types\/page"}],"author":[{"embeddable":true,"href":"https:\/\/prosertek.com\/fr\/wp-json\/wp\/v2\/users\/3"}],"replies":[{"embeddable":true,"href":"https:\/\/prosertek.com\/fr\/wp-json\/wp\/v2\/comments?post=29154"}],"version-history":[{"count":5,"href":"https:\/\/prosertek.com\/fr\/wp-json\/wp\/v2\/pages\/29154\/revisions"}],"predecessor-version":[{"id":29404,"href":"https:\/\/prosertek.com\/fr\/wp-json\/wp\/v2\/pages\/29154\/revisions\/29404"}],"up":[{"embeddable":true,"href":"https:\/\/prosertek.com\/fr\/wp-json\/wp\/v2\/pages\/29269"}],"wp:featuredmedia":[{"embeddable":true,"href":"https:\/\/prosertek.com\/fr\/wp-json\/wp\/v2\/media\/28160"}],"wp:attachment":[{"href":"https:\/\/prosertek.com\/fr\/wp-json\/wp\/v2\/media?parent=29154"}],"curies":[{"name":"wp","href":"https:\/\/api.w.org\/{rel}","templated":true}]}}