{"id":29193,"date":"2023-12-07T09:57:45","date_gmt":"2023-12-07T08:57:45","guid":{"rendered":"https:\/\/prosertek.com\/?page_id=29193"},"modified":"2023-12-14T15:52:36","modified_gmt":"2023-12-14T14:52:36","slug":"telecharger-ports-en-amerique-du-nord","status":"publish","type":"page","link":"https:\/\/prosertek.com\/fr\/telechargements\/telecharger-ports-en-amerique-du-nord\/","title":{"rendered":"T\u00e9l\u00e9charger Ports en Am\u00e9rique du Nord"},"content":{"rendered":"<p>[vc_row][vc_column width=\u00a0\u00bb2\/3&Prime;][vc_column_text]<\/p>\n<p style=\"font-size: 16px;\">T\u00e9l\u00e9chargez notre guide pour d\u00e9couvrir les ports les plus importants en Am\u00e9rique du Nord.<\/p>\n<p>[\/vc_column_text]<div class=\"single_image wpb_content_element align-left   \" data-animation=\"none\" data-delay=\"0\"><img loading=\"lazy\" decoding=\"async\" width=\"575\" height=\"575\" src=\"https:\/\/prosertek.com\/wp-content\/uploads\/puertos-en-norteamerica.png\" class=\"attachment-full\" alt=\"\" \/><\/div>[\/vc_column][vc_column bg_color=\u00a0\u00bb#efefef\u00a0\u00bb column_padding=\u00a0\u00bbpadding-2&Prime; width=\u00a0\u00bb1\/3&Prime;][vc_column_text]Pour obtenir notre guide, veuillez remplir le formulaire ci-dessous, le t\u00e9l\u00e9chargement d\u00e9marrera automatiquement (si vous rencontrez un probl\u00e8me, contactez-nous \u00e0 l&rsquo;adresse <a href=\"mailto:prosertek@prosertek.com\">prosertek@prosertek.com<\/a>).<br \/>\n<script type=\"text\/javascript\" src=\"\/\/ports.prosertek.com\/form\/generate.js?id=41\"><\/script>[\/vc_column_text][\/vc_column][\/vc_row]<\/p>\n","protected":false},"excerpt":{"rendered":"<p>[vc_row][vc_column width=\u00a0\u00bb2\/3&Prime;][vc_column_text] T\u00e9l\u00e9chargez notre guide pour d\u00e9couvrir les ports les plus importants en Am\u00e9rique du Nord. [\/vc_column_text][\/vc_column][vc_column bg_color=\u00a0\u00bb#efefef\u00a0\u00bb column_padding=\u00a0\u00bbpadding-2&Prime; width=\u00a0\u00bb1\/3&Prime;][vc_column_text]Pour obtenir notre guide, veuillez remplir le formulaire ci-dessous, le t\u00e9l\u00e9chargement d\u00e9marrera automatiquement (si vous rencontrez un probl\u00e8me, contactez-nous \u00e0 l&rsquo;adresse prosertek@prosertek.com). [\/vc_column_text][\/vc_column][\/vc_row]<\/p>\n","protected":false},"author":3,"featured_media":28186,"parent":29231,"menu_order":0,"comment_status":"closed","ping_status":"closed","template":"","meta":{"_acf_changed":false,"footnotes":""},"class_list":["post-29193","page","type-page","status-publish","has-post-thumbnail","hentry"],"acf":[],"_links":{"self":[{"href":"https:\/\/prosertek.com\/fr\/wp-json\/wp\/v2\/pages\/29193","targetHints":{"allow":["GET"]}}],"collection":[{"href":"https:\/\/prosertek.com\/fr\/wp-json\/wp\/v2\/pages"}],"about":[{"href":"https:\/\/prosertek.com\/fr\/wp-json\/wp\/v2\/types\/page"}],"author":[{"embeddable":true,"href":"https:\/\/prosertek.com\/fr\/wp-json\/wp\/v2\/users\/3"}],"replies":[{"embeddable":true,"href":"https:\/\/prosertek.com\/fr\/wp-json\/wp\/v2\/comments?post=29193"}],"version-history":[{"count":3,"href":"https:\/\/prosertek.com\/fr\/wp-json\/wp\/v2\/pages\/29193\/revisions"}],"predecessor-version":[{"id":29381,"href":"https:\/\/prosertek.com\/fr\/wp-json\/wp\/v2\/pages\/29193\/revisions\/29381"}],"up":[{"embeddable":true,"href":"https:\/\/prosertek.com\/fr\/wp-json\/wp\/v2\/pages\/29231"}],"wp:featuredmedia":[{"embeddable":true,"href":"https:\/\/prosertek.com\/fr\/wp-json\/wp\/v2\/media\/28186"}],"wp:attachment":[{"href":"https:\/\/prosertek.com\/fr\/wp-json\/wp\/v2\/media?parent=29193"}],"curies":[{"name":"wp","href":"https:\/\/api.w.org\/{rel}","templated":true}]}}