{"id":29200,"date":"2023-12-07T10:01:27","date_gmt":"2023-12-07T09:01:27","guid":{"rendered":"https:\/\/prosertek.com\/?page_id=29200"},"modified":"2023-12-07T10:08:22","modified_gmt":"2023-12-07T09:08:22","slug":"prix-et-mentions-de-presse","status":"publish","type":"page","link":"https:\/\/prosertek.com\/fr\/qui-sommes-nous\/prix-et-mentions-de-presse\/","title":{"rendered":"PRIX ET MENTIONS DE PRESSE"},"content":{"rendered":"<p>[vc_row type=\u00a0\u00bbfull_width_section\u00a0\u00bb class=\u00a0\u00bbcenter-vert\u00a0\u00bb][vc_column el_class=\u00a0\u00bbserv-img\u00a0\u00bb width=\u00a0\u00bb1\/2&Prime;]<div class=\"single_image wpb_content_element align-center   \" data-animation=\"none\" data-delay=\"0\"><img loading=\"lazy\" decoding=\"async\" width=\"673\" height=\"368\" src=\"https:\/\/prosertek.com\/wp-content\/uploads\/imagen-seccion-principal.jpg\" class=\"attachment-full\" alt=\"\" srcset=\"https:\/\/prosertek.com\/wp-content\/uploads\/imagen-seccion-principal.jpg 673w, https:\/\/prosertek.com\/wp-content\/uploads\/imagen-seccion-principal-300x164.jpg 300w\" sizes=\"auto, (max-width: 673px) 100vw, 673px\" \/><\/div>[\/vc_column][vc_column width=\u00a0\u00bb1\/2&Prime;][vc_column_text]<\/p>\n<div class=\"bordes\">\n<p>Prosertek a re\u00e7u de nombreux prix et mentions dans la presse tout au long de son histoire, gr\u00e2ce \u00e0 son exp\u00e9rience de plus de 20 ans dans le secteur des \u00e9quipements portuaires et \u00e0 sa volont\u00e9 d&rsquo;innover et de relever de nouveaux d\u00e9fis.<\/p>\n<p>Fort d&rsquo;un personnel hautement qualifi\u00e9 et motiv\u00e9, Prosertek se r\u00e9invente en permanence pour am\u00e9liorer sa comp\u00e9titivit\u00e9, en d\u00e9finissant de nouveaux d\u00e9fis dans diff\u00e9rents domaines : produit, processus, march\u00e9 et organisation.<\/p>\n<\/div>\n<p>[\/vc_column_text][\/vc_column][\/vc_row][vc_row][vc_column width=\u00a0\u00bb1\/1&Prime;][vc_column_text]<\/p>\n<h2>PRIX<\/h2>\n<hr class=\"hr-titulo\" \/>\n<p>[\/vc_column_text][\/vc_column][\/vc_row][vc_row row_id=\u00a0\u00bbppu-row\u00a0\u00bb][vc_column column_center=\u00a0\u00bbtrue\u00a0\u00bb width=\u00a0\u00bb1\/2&Prime;]<div class=\"single_image wpb_content_element align-center   \" data-animation=\"none\" data-delay=\"0\"><img loading=\"lazy\" decoding=\"async\" width=\"416\" height=\"239\" src=\"https:\/\/prosertek.com\/wp-content\/uploads\/premios-imagen-1.jpg\" class=\"attachment-full\" alt=\"\" srcset=\"https:\/\/prosertek.com\/wp-content\/uploads\/premios-imagen-1.jpg 416w, https:\/\/prosertek.com\/wp-content\/uploads\/premios-imagen-1-300x172.jpg 300w\" sizes=\"auto, (max-width: 416px) 100vw, 416px\" \/><\/div>[\/vc_column][vc_column column_center=\u00a0\u00bbtrue\u00a0\u00bb width=\u00a0\u00bb1\/2&Prime;][vc_column_text]<\/p>\n<h3 style=\"text-align: left; color: #000;\">Meilleure PME 2018 | Premios PYME<\/h3>\n<p style=\"text-align: left;\">En 2018, Prosertek a re\u00e7u le prix de la meilleure PME, qui r\u00e9compense les performances des petites et moyennes entreprises dont l&rsquo;activit\u00e9 est fondamentale pour la cr\u00e9ation d&#8217;emplois et de richesses.<\/p>\n<p>[\/vc_column_text][vc_column_text]<\/p>\n<p style=\"text-align: right; font-weight: bold;\"><a href=\"https:\/\/prosertek.comes\/blog\/prosertek-mejor-pyme-2018\/\">En savoir plus <img decoding=\"async\" src=\"https:\/\/prosertek.comwp-content\/uploads\/icono-leer-mas.png\" \/><\/a><\/p>\n<p>[\/vc_column_text][\/vc_column][\/vc_row][vc_row row_id=\u00a0\u00bbppu-row\u00a0\u00bb][vc_column column_center=\u00a0\u00bbtrue\u00a0\u00bb width=\u00a0\u00bb1\/2&Prime;]<div class=\"single_image wpb_content_element align-center   \" data-animation=\"none\" data-delay=\"0\"><img loading=\"lazy\" decoding=\"async\" width=\"280\" height=\"285\" src=\"https:\/\/prosertek.com\/wp-content\/uploads\/premios-imagen-2.jpg\" class=\"attachment-full\" alt=\"\" srcset=\"https:\/\/prosertek.com\/wp-content\/uploads\/premios-imagen-2.jpg 280w, https:\/\/prosertek.com\/wp-content\/uploads\/premios-imagen-2-80x80.jpg 80w\" sizes=\"auto, (max-width: 280px) 100vw, 280px\" \/><\/div>[\/vc_column][vc_column column_center=\u00a0\u00bbtrue\u00a0\u00bb width=\u00a0\u00bb1\/2&Prime;][vc_column_text]<\/p>\n<h3 style=\"text-align: left; color: #000;\">Meilleur projet d&rsquo;innovation 2018 | Premios ON<\/h3>\n<p style=\"text-align: left;\">En 2018, Prosertek a re\u00e7u le prix ON du meilleur projet d&rsquo;innovation, qui r\u00e9compense les PME de Biscaye pour leur contribution \u00e0 la cr\u00e9ation d&rsquo;activit\u00e9s \u00e9conomiques et d&#8217;emplois.<\/p>\n<p>[\/vc_column_text][vc_column_text]<\/p>\n<p style=\"text-align: right; font-weight: bold;\"><a href=\"https:\/\/prosertek.comes\/blog\/prosertek-premio-innovacion\/\">En savoir plus <img decoding=\"async\" src=\"https:\/\/prosertek.comwp-content\/uploads\/icono-leer-mas.png\" \/><\/a><\/p>\n<p>[\/vc_column_text][\/vc_column][\/vc_row][vc_row row_id=\u00a0\u00bbppu-row\u00a0\u00bb][vc_column column_center=\u00a0\u00bbtrue\u00a0\u00bb width=\u00a0\u00bb1\/2&Prime;]<div class=\"single_image wpb_content_element align-center   \" data-animation=\"none\" data-delay=\"0\"><img loading=\"lazy\" decoding=\"async\" width=\"416\" height=\"239\" src=\"https:\/\/prosertek.com\/wp-content\/uploads\/premios-imagen-3.jpg\" class=\"attachment-full\" alt=\"\" srcset=\"https:\/\/prosertek.com\/wp-content\/uploads\/premios-imagen-3.jpg 416w, https:\/\/prosertek.com\/wp-content\/uploads\/premios-imagen-3-300x172.jpg 300w\" sizes=\"auto, (max-width: 416px) 100vw, 416px\" \/><\/div>[\/vc_column][vc_column column_center=\u00a0\u00bbtrue\u00a0\u00bb width=\u00a0\u00bb1\/2&Prime;][vc_column_text]<\/p>\n<h3 style=\"text-align: left; color: #000;\">Prix Marcelo Gangoiti | 22e \u00e9dition<\/h3>\n<p style=\"text-align: left;\">En 2018, Prosertek a re\u00e7u le prix Marcelo Gangoiti lors de la 22e \u00e9dition du prix Marcelo Gangoiti. Ce prix r\u00e9compense les entreprises qui s&rsquo;engagent \u00e0 g\u00e9n\u00e9rer de la richesse en Biscaye, que ce soit par l&rsquo;investissement, la cr\u00e9ation d&#8217;emplois, l&rsquo;innovation ou le respect de l&rsquo;environnement.<\/p>\n<p>[\/vc_column_text][vc_column_text]<\/p>\n<p style=\"text-align: right; font-weight: bold;\"><a href=\"https:\/\/prosertek.comes\/blog\/prosertek-premio-marcelo-gangoiti\/\">En savoir plus <img decoding=\"async\" src=\"https:\/\/prosertek.comwp-content\/uploads\/icono-leer-mas.png\" \/><\/a><\/p>\n<p>[\/vc_column_text][\/vc_column][\/vc_row][vc_row row_id=\u00a0\u00bbppu-row\u00a0\u00bb][vc_column column_center=\u00a0\u00bbtrue\u00a0\u00bb width=\u00a0\u00bb1\/2&Prime;]<div class=\"single_image wpb_content_element align-center   \" data-animation=\"none\" data-delay=\"0\"><img loading=\"lazy\" decoding=\"async\" width=\"320\" height=\"192\" src=\"https:\/\/prosertek.com\/wp-content\/uploads\/premios-innovacion-industrial.jpg\" class=\"attachment-full\" alt=\"\" srcset=\"https:\/\/prosertek.com\/wp-content\/uploads\/premios-innovacion-industrial.jpg 320w, https:\/\/prosertek.com\/wp-content\/uploads\/premios-innovacion-industrial-300x180.jpg 300w\" sizes=\"auto, (max-width: 320px) 100vw, 320px\" \/><\/div>[\/vc_column][vc_column column_center=\u00a0\u00bbtrue\u00a0\u00bb width=\u00a0\u00bb1\/2&Prime;][vc_column_text]<\/p>\n<h3 style=\"text-align: left; color: #000;\">Prix de l&rsquo;innovation industrielle 2017<\/h3>\n<p style=\"text-align: left;\">Le 6 avril 2017, Prosertek a re\u00e7u le prix de l&rsquo;innovation industrielle au Kursaal de Saint-S\u00e9bastien.Ce prix est d\u00e9cern\u00e9 chaque ann\u00e9e par la soci\u00e9t\u00e9 Iberm\u00e1tica, afin de r\u00e9compenser les entreprises dynamiques et innovantes ayant une vocation d&rsquo;expansion.<\/p>\n<p>[\/vc_column_text][vc_column_text]<\/p>\n<p style=\"text-align: right; font-weight: bold;\"><a href=\"https:\/\/prosertek.comes\/blog\/prosertek-premio-innovacion-industrial\">En savoir plus<img decoding=\"async\" src=\"https:\/\/prosertek.comwp-content\/uploads\/icono-leer-mas.png\" \/><\/a><\/p>\n<p>[\/vc_column_text][\/vc_column][\/vc_row][vc_row row_id=\u00a0\u00bbppu-row\u00a0\u00bb][vc_column column_center=\u00a0\u00bbtrue\u00a0\u00bb width=\u00a0\u00bb1\/2&Prime;]<div class=\"single_image wpb_content_element align-center   \" data-animation=\"none\" data-delay=\"0\"><img loading=\"lazy\" decoding=\"async\" width=\"385\" height=\"193\" src=\"https:\/\/prosertek.com\/wp-content\/uploads\/premios-imagen-4.jpg\" class=\"attachment-full\" alt=\"\" srcset=\"https:\/\/prosertek.com\/wp-content\/uploads\/premios-imagen-4.jpg 385w, https:\/\/prosertek.com\/wp-content\/uploads\/premios-imagen-4-300x150.jpg 300w\" sizes=\"auto, (max-width: 385px) 100vw, 385px\" \/><\/div>[\/vc_column][vc_column column_center=\u00a0\u00bbtrue\u00a0\u00bb width=\u00a0\u00bb1\/2&Prime;][vc_column_text]<\/p>\n<h3 style=\"text-align: left; color: #000;\">Prix Quality Innovation Award 2017<\/h3>\n<p style=\"text-align: left;\">Prosertek a re\u00e7u le prix international Quality Innovation Award (QIA) en 2017. Il s&rsquo;agit d&rsquo;un concours international cr\u00e9\u00e9 pour stimuler l&rsquo;\u00e9mergence et le d\u00e9veloppement d&rsquo;innovations de produits, de processus, d&rsquo;organisation et autres.<\/p>\n<p>[\/vc_column_text][vc_column_text]<\/p>\n<p style=\"text-align: right; font-weight: bold;\"><a href=\"https:\/\/prosertek.comes\/blog\/prosertek-premio-quality-innovation-award-2016\/\">En savoir plus <img decoding=\"async\" src=\"https:\/\/prosertek.comwp-content\/uploads\/icono-leer-mas.png\" \/><\/a><\/p>\n<p>[\/vc_column_text][\/vc_column][\/vc_row][vc_row row_id=\u00a0\u00bbppu-row\u00a0\u00bb][vc_column column_center=\u00a0\u00bbtrue\u00a0\u00bb width=\u00a0\u00bb1\/2&Prime;]<div class=\"single_image wpb_content_element align-center   \" data-animation=\"none\" data-delay=\"0\"><img loading=\"lazy\" decoding=\"async\" width=\"393\" height=\"152\" src=\"https:\/\/prosertek.com\/wp-content\/uploads\/premios-imagen-5.jpg\" class=\"attachment-full\" alt=\"\" srcset=\"https:\/\/prosertek.com\/wp-content\/uploads\/premios-imagen-5.jpg 393w, https:\/\/prosertek.com\/wp-content\/uploads\/premios-imagen-5-300x116.jpg 300w\" sizes=\"auto, (max-width: 393px) 100vw, 393px\" \/><\/div>[\/vc_column][vc_column column_center=\u00a0\u00bbtrue\u00a0\u00bb width=\u00a0\u00bb1\/2&Prime;][vc_column_text]<\/p>\n<h3 style=\"text-align: left; color: #000;\">Prix Euskalit Gesti\u00f3n Avanzada 2016<\/h3>\n<p style=\"text-align: left;\">En 2016, Prosertek a re\u00e7u le prix de gestion avanc\u00e9e du gouvernement basque, g\u00e9r\u00e9 par EUSKALIT. Ce prix vise \u00e0 reconna\u00eetre les organisations les plus avanc\u00e9es et \u00e0 identifier les meilleures m\u00e9thodes de gestion au Pays basque.<\/p>\n<p>[\/vc_column_text][vc_column_text]<\/p>\n<p style=\"text-align: right; font-weight: bold;\"><a href=\"https:\/\/prosertek.comes\/blog\/prosertek-innovacion-gestion-avanzada\/\">En savoir plus <img decoding=\"async\" src=\"https:\/\/prosertek.comwp-content\/uploads\/icono-leer-mas.png\" \/><\/a><\/p>\n<p>[\/vc_column_text][\/vc_column][\/vc_row][vc_row][vc_column width=\u00a0\u00bb1\/1&Prime;][vc_column_text]<\/p>\n<h2>MENTIONS DE PRESSE<\/h2>\n<hr class=\"hr-titulo\" \/>\n<p>[\/vc_column_text][\/vc_column][\/vc_row][vc_row][vc_column el_class=\u00a0\u00bbborde-rojo\u00a0\u00bb width=\u00a0\u00bb1\/2&Prime;]<div class=\"single_image wpb_content_element align-center   \" data-animation=\"none\" data-delay=\"0\"><img loading=\"lazy\" decoding=\"async\" width=\"229\" height=\"61\" src=\"https:\/\/prosertek.com\/wp-content\/uploads\/menciones-prensa-hempel.jpg\" class=\"attachment-full\" alt=\"\" \/><\/div>[vc_column_text el_class=\u00a0\u00bbcapa-roja\u00a0\u00bb]Hempel News | 2017[\/vc_column_text][vc_column_text]<\/p>\n<p style=\"font-size: 14px;\">Hempel News est le magazine d&rsquo;entreprise d&rsquo;Hempel, une soci\u00e9t\u00e9 internationale qui propose des produits dans les secteurs de la protection, de la marine, de la d\u00e9coration, des conteneurs et des yachts.<\/p>\n<p style=\"font-size: 14px;\">Dans le num\u00e9ro d&rsquo;automne 2017, Hempel News a d\u00e9crit notre trottoir roulant du terminal de croisi\u00e8re de Bilbao comme \u00a0\u00bb une pi\u00e8ce d&rsquo;ing\u00e9nierie de pointe \u00a0\u00bb et \u00a0\u00bb la plus moderne au monde \u00ab\u00a0.<\/p>\n<p>[\/vc_column_text][vc_column_text]<\/p>\n<p style=\"text-align: right; font-weight: bold;\"><a href=\"https:\/\/prosertek.comes\/blog\/pasarela-maritima-cruceros-bilbao\/\">En savoir plus <img decoding=\"async\" src=\"https:\/\/prosertek.comwp-content\/uploads\/icono-leer-mas.png\" \/><\/a><\/p>\n<p>[\/vc_column_text][\/vc_column][vc_column el_class=\u00a0\u00bbborde-rojo\u00a0\u00bb width=\u00a0\u00bb1\/2&Prime;]<div class=\"single_image wpb_content_element align-center   \" data-animation=\"none\" data-delay=\"0\"><img loading=\"lazy\" decoding=\"async\" width=\"215\" height=\"61\" src=\"https:\/\/prosertek.com\/wp-content\/uploads\/menciones-prensa-asepeyo.jpg\" class=\"attachment-full\" alt=\"\" \/><\/div>[vc_column_text el_class=\u00a0\u00bbcapa-roja\u00a0\u00bb]Asepeyo | 2014[\/vc_column_text][vc_column_text]<\/p>\n<p style=\"font-size: 14px;\">La mutuelle Asepeyo a accord\u00e9 un bonus \u00e0 Prosertek pour sa gestion de la pr\u00e9vention des risques professionnels au cours de l&rsquo;exercice 2014.<\/p>\n<p style=\"font-size: 14px;\">Il s&rsquo;agit d&rsquo;une incitation \u00e9conomique sur les cotisations pour les risques professionnels accord\u00e9es par la Direction g\u00e9n\u00e9rale de la s\u00e9curit\u00e9 sociale, par l&rsquo;interm\u00e9diaire de la soci\u00e9t\u00e9 d&rsquo;assurance mutuelle.<\/p>\n<p>[\/vc_column_text][vc_column_text]<\/p>\n<p style=\"text-align: right; font-weight: bold;\"><a href=\"https:\/\/prosertek.comes\/blog\/prosertek-reduce-siniestralidad\/\">En savoir plus <img decoding=\"async\" src=\"https:\/\/prosertek.comwp-content\/uploads\/icono-leer-mas.png\" \/><\/a><\/p>\n<p>[\/vc_column_text][\/vc_column][\/vc_row][vc_row bg_image=\u00a0\u00bb25469&Prime; text_color=\u00a0\u00bblight\u00a0\u00bb text_align=\u00a0\u00bbcenter\u00a0\u00bb top_padding=\u00a0\u00bb80&Prime; bottom_padding=\u00a0\u00bb40&Prime; row_id=\u00a0\u00bbcatalogo\u00a0\u00bb][vc_column width=\u00a0\u00bb1\/1&Prime;][vc_column_text]<\/p>\n<h2>Vous souhaitez conna\u00eetre nos produits ?<\/h2>\n<p style=\"font-size: 20px;\">Le groupe Prosertek est compos\u00e9 d&rsquo;une \u00e9quipe de professionnels sp\u00e9cialis\u00e9s dans la conception, la fabrication et l&rsquo;installation d&rsquo;\u00e9quipements portuaires.<\/p>\n<p>[\/vc_column_text][vc_column_text]<\/p>\n<p style=\"text-align: center; font-weight: bold;\"><a class=\"btn\" style=\"color: #000;\" href=\"ENLACE\">Voir les produits &gt;<\/a><\/p>\n<p>[\/vc_column_text][\/vc_column][\/vc_row][vc_row row_id=\u00a0\u00bbcontacto\u00a0\u00bb][vc_column width=\u00a0\u00bb1\/1&Prime;][vc_column_text]<\/p>\n<h5>CONTACTEZ NOUS<\/h5>\n<p>[\/vc_column_text][contact-form-7 id=\u00a0\u00bb17455&Prime;][\/vc_column][\/vc_row]<\/p>\n","protected":false},"excerpt":{"rendered":"<p>[vc_row type=\u00a0\u00bbfull_width_section\u00a0\u00bb class=\u00a0\u00bbcenter-vert\u00a0\u00bb][vc_column el_class=\u00a0\u00bbserv-img\u00a0\u00bb width=\u00a0\u00bb1\/2&Prime;][\/vc_column][vc_column width=\u00a0\u00bb1\/2&Prime;][vc_column_text] Prosertek a re\u00e7u de nombreux prix et mentions dans la presse tout au long de son histoire, gr\u00e2ce \u00e0 son exp\u00e9rience de plus de 20 ans dans le secteur des \u00e9quipements portuaires et \u00e0 sa volont\u00e9 d&rsquo;innover et de relever de nouveaux d\u00e9fis. Fort d&rsquo;un personnel hautement qualifi\u00e9 et motiv\u00e9, Prosertek se r\u00e9invente en permanence pour am\u00e9liorer sa comp\u00e9titivit\u00e9, en d\u00e9finissant de nouveaux d\u00e9fis dans diff\u00e9rents domaines : produit, processus, march\u00e9 et organisation. [\/vc_column_text][\/vc_column][\/vc_row][vc_row][vc_column width=\u00a0\u00bb1\/1&Prime;][vc_column_text] PRIX [\/vc_column_text][\/vc_column][\/vc_row][vc_row row_id=\u00a0\u00bbppu-row\u00a0\u00bb][vc_column column_center=\u00a0\u00bbtrue\u00a0\u00bb width=\u00a0\u00bb1\/2&Prime;][\/vc_column][vc_column column_center=\u00a0\u00bbtrue\u00a0\u00bb width=\u00a0\u00bb1\/2&Prime;][vc_column_text] Meilleure PME 2018 | Premios PYME En 2018, Prosertek a re\u00e7u le prix de la meilleure PME, qui r\u00e9compense les performances des petites et moyennes entreprises dont l&rsquo;activit\u00e9 est fondamentale pour la cr\u00e9ation d&#8217;emplois et de richesses. [\/vc_column_text][vc_column_text] En savoir plus [\/vc_column_text][\/vc_column][\/vc_row][vc_row row_id=\u00a0\u00bbppu-row\u00a0\u00bb][vc_column column_center=\u00a0\u00bbtrue\u00a0\u00bb width=\u00a0\u00bb1\/2&Prime;][\/vc_column][vc_column column_center=\u00a0\u00bbtrue\u00a0\u00bb width=\u00a0\u00bb1\/2&Prime;][vc_column_text] Meilleur projet d&rsquo;innovation 2018 | Premios ON En 2018, Prosertek a re\u00e7u le prix ON du meilleur projet d&rsquo;innovation, qui r\u00e9compense les PME de Biscaye pour leur contribution \u00e0 la cr\u00e9ation d&rsquo;activit\u00e9s \u00e9conomiques et d&#8217;emplois. [\/vc_column_text][vc_column_text] En savoir plus [\/vc_column_text][\/vc_column][\/vc_row][vc_row row_id=\u00a0\u00bbppu-row\u00a0\u00bb][vc_column column_center=\u00a0\u00bbtrue\u00a0\u00bb width=\u00a0\u00bb1\/2&Prime;][\/vc_column][vc_column column_center=\u00a0\u00bbtrue\u00a0\u00bb width=\u00a0\u00bb1\/2&Prime;][vc_column_text] Prix Marcelo Gangoiti | 22e \u00e9dition En 2018, Prosertek a re\u00e7u le prix Marcelo Gangoiti lors de la 22e \u00e9dition [&hellip;]<\/p>\n","protected":false},"author":3,"featured_media":28160,"parent":28828,"menu_order":0,"comment_status":"closed","ping_status":"closed","template":"","meta":{"_acf_changed":false,"footnotes":""},"class_list":["post-29200","page","type-page","status-publish","has-post-thumbnail","hentry"],"acf":[],"_links":{"self":[{"href":"https:\/\/prosertek.com\/fr\/wp-json\/wp\/v2\/pages\/29200","targetHints":{"allow":["GET"]}}],"collection":[{"href":"https:\/\/prosertek.com\/fr\/wp-json\/wp\/v2\/pages"}],"about":[{"href":"https:\/\/prosertek.com\/fr\/wp-json\/wp\/v2\/types\/page"}],"author":[{"embeddable":true,"href":"https:\/\/prosertek.com\/fr\/wp-json\/wp\/v2\/users\/3"}],"replies":[{"embeddable":true,"href":"https:\/\/prosertek.com\/fr\/wp-json\/wp\/v2\/comments?post=29200"}],"version-history":[{"count":3,"href":"https:\/\/prosertek.com\/fr\/wp-json\/wp\/v2\/pages\/29200\/revisions"}],"predecessor-version":[{"id":29203,"href":"https:\/\/prosertek.com\/fr\/wp-json\/wp\/v2\/pages\/29200\/revisions\/29203"}],"up":[{"embeddable":true,"href":"https:\/\/prosertek.com\/fr\/wp-json\/wp\/v2\/pages\/28828"}],"wp:featuredmedia":[{"embeddable":true,"href":"https:\/\/prosertek.com\/fr\/wp-json\/wp\/v2\/media\/28160"}],"wp:attachment":[{"href":"https:\/\/prosertek.com\/fr\/wp-json\/wp\/v2\/media?parent=29200"}],"curies":[{"name":"wp","href":"https:\/\/api.w.org\/{rel}","templated":true}]}}