{"id":29228,"date":"2023-12-07T10:53:31","date_gmt":"2023-12-07T09:53:31","guid":{"rendered":"https:\/\/prosertek.com\/?page_id=29228"},"modified":"2023-12-14T15:53:22","modified_gmt":"2023-12-14T14:53:22","slug":"telecharger-le-guide-de-prevention-des-accidents-portuaires","status":"publish","type":"page","link":"https:\/\/prosertek.com\/fr\/telechargements\/telecharger-le-guide-de-prevention-des-accidents-portuaires\/","title":{"rendered":"T\u00e9l\u00e9charger le guide de pr\u00e9vention des accidents portuaires"},"content":{"rendered":"<p>[vc_row][vc_column width=\u00a0\u00bb2\/3&Prime;][vc_column_text]<\/p>\n<p style=\"font-size: 16px;\">T\u00e9l\u00e9chargez notre guide pour savoir quels sont les accidents les plus fr\u00e9quents dans les ports et comment les pr\u00e9venir.<\/p>\n<p>[\/vc_column_text]<div class=\"single_image wpb_content_element align-left   \" data-animation=\"none\" data-delay=\"0\"><img loading=\"lazy\" decoding=\"async\" width=\"575\" height=\"575\" src=\"https:\/\/prosertek.com\/wp-content\/uploads\/guia-prevencion-accidentes-puertos.png\" class=\"attachment-full\" alt=\"\" srcset=\"https:\/\/prosertek.com\/wp-content\/uploads\/guia-prevencion-accidentes-puertos.png 575w, https:\/\/prosertek.com\/wp-content\/uploads\/guia-prevencion-accidentes-puertos-150x150.png 150w, https:\/\/prosertek.com\/wp-content\/uploads\/guia-prevencion-accidentes-puertos-300x300.png 300w, https:\/\/prosertek.com\/wp-content\/uploads\/guia-prevencion-accidentes-puertos-80x80.png 80w, https:\/\/prosertek.com\/wp-content\/uploads\/guia-prevencion-accidentes-puertos-500x500.png 500w\" sizes=\"auto, (max-width: 575px) 100vw, 575px\" \/><\/div>[\/vc_column][vc_column bg_color=\u00a0\u00bb#efefef\u00a0\u00bb column_padding=\u00a0\u00bbpadding-2&Prime; width=\u00a0\u00bb1\/3&Prime;][vc_column_text]Pour obtenir notre guide, veuillez remplir le formulaire ci-dessous, le t\u00e9l\u00e9chargement d\u00e9marrera automatiquement (si vous rencontrez un probl\u00e8me, contactez-nous \u00e0 l&rsquo;adresse <a href=\"mailto:prosertek@prosertek.com\">prosertek@prosertek.com<\/a>).<br \/>\n<script type=\"text\/javascript\" src=\"\/\/ports.prosertek.com\/form\/generate.js?id=42\"><\/script>[\/vc_column_text][\/vc_column][\/vc_row]<\/p>\n","protected":false},"excerpt":{"rendered":"<p>[vc_row][vc_column width=\u00a0\u00bb2\/3&Prime;][vc_column_text] T\u00e9l\u00e9chargez notre guide pour savoir quels sont les accidents les plus fr\u00e9quents dans les ports et comment les pr\u00e9venir. [\/vc_column_text][\/vc_column][vc_column bg_color=\u00a0\u00bb#efefef\u00a0\u00bb column_padding=\u00a0\u00bbpadding-2&Prime; width=\u00a0\u00bb1\/3&Prime;][vc_column_text]Pour obtenir notre guide, veuillez remplir le formulaire ci-dessous, le t\u00e9l\u00e9chargement d\u00e9marrera automatiquement (si vous rencontrez un probl\u00e8me, contactez-nous \u00e0 l&rsquo;adresse prosertek@prosertek.com). [\/vc_column_text][\/vc_column][\/vc_row]<\/p>\n","protected":false},"author":3,"featured_media":0,"parent":29231,"menu_order":0,"comment_status":"closed","ping_status":"closed","template":"","meta":{"_acf_changed":false,"footnotes":""},"class_list":["post-29228","page","type-page","status-publish","hentry"],"acf":[],"_links":{"self":[{"href":"https:\/\/prosertek.com\/fr\/wp-json\/wp\/v2\/pages\/29228","targetHints":{"allow":["GET"]}}],"collection":[{"href":"https:\/\/prosertek.com\/fr\/wp-json\/wp\/v2\/pages"}],"about":[{"href":"https:\/\/prosertek.com\/fr\/wp-json\/wp\/v2\/types\/page"}],"author":[{"embeddable":true,"href":"https:\/\/prosertek.com\/fr\/wp-json\/wp\/v2\/users\/3"}],"replies":[{"embeddable":true,"href":"https:\/\/prosertek.com\/fr\/wp-json\/wp\/v2\/comments?post=29228"}],"version-history":[{"count":4,"href":"https:\/\/prosertek.com\/fr\/wp-json\/wp\/v2\/pages\/29228\/revisions"}],"predecessor-version":[{"id":29383,"href":"https:\/\/prosertek.com\/fr\/wp-json\/wp\/v2\/pages\/29228\/revisions\/29383"}],"up":[{"embeddable":true,"href":"https:\/\/prosertek.com\/fr\/wp-json\/wp\/v2\/pages\/29231"}],"wp:attachment":[{"href":"https:\/\/prosertek.com\/fr\/wp-json\/wp\/v2\/media?parent=29228"}],"curies":[{"name":"wp","href":"https:\/\/api.w.org\/{rel}","templated":true}]}}