{"id":29251,"date":"2023-12-07T11:46:53","date_gmt":"2023-12-07T10:46:53","guid":{"rendered":"https:\/\/prosertek.com\/?page_id=29251"},"modified":"2023-12-13T12:46:48","modified_gmt":"2023-12-13T11:46:48","slug":"merci-4","status":"publish","type":"page","link":"https:\/\/prosertek.com\/fr\/contactez-nous\/merci-4\/","title":{"rendered":"Merci"},"content":{"rendered":"<p>[vc_row][vc_column width=\u00a0\u00bb1\/1&Prime;][vc_column_text]<\/p>\n<h1 style=\"text-align: center; font-family: Montserrat; font-weight: bold; font-size: 54px; margin-top: 100px;\">MERCI!<\/h1>\n<p>[\/vc_column_text][vc_column_text]<\/p>\n<p style=\"text-align: center;\">Merci d&rsquo;avoir t\u00e9l\u00e9charg\u00e9 notre catalogue.<\/p>\n<p>[\/vc_column_text][\/vc_column][\/vc_row][vc_row][vc_column][vc_column_text]<\/p>\n<h2 style=\"text-align: center;\">Nos produits les plus recherch\u00e9s<\/h2>\n<p>[\/vc_column_text][vc_column_text]<\/p>\n<ul class=\"lista productos\">\n<li><a href=\"https:\/\/prosertek.com\/fr\/equipements-portuaires\/bas-systeme-daide-a-laccostage\/\"><span class=\"lista-span\">Syst\u00e8me<br \/>\nAide \u00e0 l&rsquo;accostage<\/span><\/a><a href=\"https:\/\/prosertek.comes\/equipamiento-portuario\/bas\/\"><img loading=\"lazy\" decoding=\"async\" class=\"aligncenter wp-image-22281 size-medium\" src=\"https:\/\/prosertek.com\/wp-content\/uploads\/bas-3-300x213.jpg\" alt=\"BAS: Syst\u00e8me d'aide \u00e0 l'accostage\" width=\"300\" height=\"213\" srcset=\"https:\/\/prosertek.com\/wp-content\/uploads\/bas-3-300x213.jpg 300w, https:\/\/prosertek.com\/wp-content\/uploads\/bas-3.jpg 696w\" sizes=\"auto, (max-width: 300px) 100vw, 300px\" \/><\/a><\/li>\n<li><a href=\"https:\/\/prosertek.com\/fr\/equipements-portuaires\/crocs\/\"><span class=\"lista-span\">Crocs d\u2019amarrage \u00e0 largage rapide <\/span><\/a><a href=\"https:\/\/prosertek.comes\/equipamiento-portuario\/ganchos-escape-rapido\/\"><img loading=\"lazy\" decoding=\"async\" class=\"aligncenter wp-image-22284 size-medium\" src=\"https:\/\/prosertek.comwp-content\/uploads\/ganchos-300x213.jpg\" alt=\"Crocs\" width=\"300\" height=\"213\" srcset=\"https:\/\/prosertek.com\/wp-content\/uploads\/ganchos-300x213.jpg 300w, https:\/\/prosertek.com\/wp-content\/uploads\/ganchos.jpg 696w\" sizes=\"auto, (max-width: 300px) 100vw, 300px\" \/><\/a><\/li>\n<li><a href=\"https:\/\/prosertek.com\/fr\/equipements-portuaires\/passerelles-dembarquement-des-passagers-pour-les-ports\/\"><span class=\"lista-span\">Passerelles d&#8217;embarquement des passagers<\/span><\/a><a href=\"https:\/\/prosertek.comes\/equipamiento-portuario\/pasarelas-embarque\/\"><img loading=\"lazy\" decoding=\"async\" class=\"aligncenter wp-image-22286 size-medium\" src=\"https:\/\/prosertek.comwp-content\/uploads\/pasarelas-embarque-300x213.jpg\" alt=\"Passerelles d'embarquement des passagers\" width=\"300\" height=\"213\" srcset=\"https:\/\/prosertek.com\/wp-content\/uploads\/pasarelas-embarque-300x213.jpg 300w, https:\/\/prosertek.com\/wp-content\/uploads\/pasarelas-embarque.jpg 696w\" sizes=\"auto, (max-width: 300px) 100vw, 300px\" \/><\/a><\/li>\n<li><a href=\"https:\/\/prosertek.com\/fr\/equipements-portuaires\/equipement-portuaire\/\"><span class=\"lista-span\">Grues portuaires<\/span><\/a><a href=\"https:\/\/prosertek.comes\/equipamiento-portuario\/gruas\/\"><img loading=\"lazy\" decoding=\"async\" class=\"aligncenter wp-image-22285 size-medium\" src=\"https:\/\/prosertek.comwp-content\/uploads\/gruas-300x213.jpg\" alt=\"Grues portuaires\" width=\"300\" height=\"213\" srcset=\"https:\/\/prosertek.com\/wp-content\/uploads\/gruas-300x213.jpg 300w, https:\/\/prosertek.com\/wp-content\/uploads\/gruas.jpg 696w\" sizes=\"auto, (max-width: 300px) 100vw, 300px\" \/><\/a><\/li>\n<li><a href=\"https:\/\/prosertek.com\/fr\/equipements-portuaires\/defenses\/\"><span class=\"lista-span\">Defensas marinas<\/span><\/a><a href=\"https:\/\/prosertek.comes\/equipamiento-portuario\/defensas\/\"><img loading=\"lazy\" decoding=\"async\" class=\"aligncenter wp-image-22283 size-medium\" src=\"https:\/\/prosertek.comwp-content\/uploads\/defensas-1-300x213.jpg\" alt=\"D\u00e9fenses\" width=\"300\" height=\"213\" srcset=\"https:\/\/prosertek.com\/wp-content\/uploads\/defensas-1-300x213.jpg 300w, https:\/\/prosertek.com\/wp-content\/uploads\/defensas-1.jpg 696w\" sizes=\"auto, (max-width: 300px) 100vw, 300px\" \/><\/a><\/li>\n<li><a href=\"https:\/\/prosertek.com\/fr\/equipements-portuaires\/bollards\/\"><span class=\"lista-span\">Bollards<\/span><\/a><a href=\"https:\/\/prosertek.comes\/equipamiento-portuario\/bolardos\/\"><img loading=\"lazy\" decoding=\"async\" class=\"aligncenter wp-image-22297 size-medium\" src=\"https:\/\/prosertek.comwp-content\/uploads\/bolardos-1-300x213.jpg\" alt=\"Bollards\" width=\"300\" height=\"213\" srcset=\"https:\/\/prosertek.com\/wp-content\/uploads\/bolardos-1-300x213.jpg 300w, https:\/\/prosertek.com\/wp-content\/uploads\/bolardos-1.jpg 696w\" sizes=\"auto, (max-width: 300px) 100vw, 300px\" \/><\/a><\/li>\n<\/ul>\n<p>[\/vc_column_text][vc_column_text]<\/p>\n<p style=\"text-align: center;\"><a class=\"btn\" href=\"https:\/\/prosertek.com\/fr\/equipements-portuaires\/\">Voir tous les produitsV<\/a><\/p>\n<p>[\/vc_column_text][vc_column_text]<\/p>\n<p>[\/vc_column_text][\/vc_column][\/vc_row][vc_row type=\u00a0\u00bbfull_width_section\u00a0\u00bb][vc_column][vc_widget_sidebar sidebar_id=\u00a0\u00bbnewsletter\u00a0\u00bb][\/vc_column][\/vc_row][vc_row type=\u00a0\u00bbfull_width_section\u00a0\u00bb][vc_column][vc_column_text]<\/p>\n<h2 style=\"text-align: center;\">Nos t\u00e9l\u00e9chargements<\/h2>\n<p>[\/vc_column_text][vc_column_text]<\/p>\n<p>[\/vc_column_text][\/vc_column][\/vc_row][vc_row][vc_column width=\u00a0\u00bb1\/3&Prime;][vc_column_text]<\/p>\n<h3 style=\"text-align: center;\">Guide des ports d&rsquo;Am\u00e9rique du Nord<\/h3>\n<p>[\/vc_column_text]<div class=\"single_image wpb_content_element align-left   \" data-animation=\"none\" data-delay=\"0\"><a href=\"https:\/\/prosertek.comes\/descargas\/descargar-puertos-en-norteamerica\/\" target=\"_self\"><img loading=\"lazy\" decoding=\"async\" width=\"575\" height=\"575\" src=\"https:\/\/prosertek.com\/wp-content\/uploads\/puertos-en-norteamerica.png\" class=\"attachment-full\" alt=\"\" \/><\/a><\/div>[vc_column_text]<\/p>\n<p style=\"text-align: center;\"><a class=\"btn\" href=\"https:\/\/prosertek.com\/fr\/telechargements\/telecharger-ports-en-amerique-du-nord\/\">T\u00e9l\u00e9charger<br \/>\n<\/a><\/p>\n<p>[\/vc_column_text][\/vc_column][vc_column width=\u00a0\u00bb1\/3&Prime;][vc_column_text]<\/p>\n<h3 style=\"text-align: center;\">Guide des nouvelles technologies des \u00e9quipements portuaires<\/h3>\n<p>[\/vc_column_text]<div class=\"single_image wpb_content_element align-left   \" data-animation=\"none\" data-delay=\"0\"><a href=\"https:\/\/prosertek.comes\/descargas\/descargar-nuevas-tecnologias-en-equipamiento-portuario\/\" target=\"_self\"><img loading=\"lazy\" decoding=\"async\" width=\"575\" height=\"575\" src=\"https:\/\/prosertek.com\/wp-content\/uploads\/nuevas-tecnologias-equipamiento-portuario.png\" class=\"attachment-full\" alt=\"\" srcset=\"https:\/\/prosertek.com\/wp-content\/uploads\/nuevas-tecnologias-equipamiento-portuario.png 575w, https:\/\/prosertek.com\/wp-content\/uploads\/nuevas-tecnologias-equipamiento-portuario-150x150.png 150w, https:\/\/prosertek.com\/wp-content\/uploads\/nuevas-tecnologias-equipamiento-portuario-300x300.png 300w, https:\/\/prosertek.com\/wp-content\/uploads\/nuevas-tecnologias-equipamiento-portuario-80x80.png 80w, https:\/\/prosertek.com\/wp-content\/uploads\/nuevas-tecnologias-equipamiento-portuario-500x500.png 500w\" sizes=\"auto, (max-width: 575px) 100vw, 575px\" \/><\/a><\/div>[vc_column_text]<\/p>\n<p style=\"text-align: center;\"><a class=\"btn\" href=\"https:\/\/prosertek.com\/fr\/telechargements\/telecharger-les-nouvelles-technologies-dans-les-equipments-portuaries\/\">T\u00e9l\u00e9charger<br \/>\n<\/a><\/p>\n<p>[\/vc_column_text][\/vc_column][vc_column width=\u00a0\u00bb1\/3&Prime;][vc_column_text]<\/p>\n<h3 style=\"text-align: center;\">Guide de pr\u00e9vention des accidents portuaires<\/h3>\n<p>[\/vc_column_text]<div class=\"single_image wpb_content_element align-left   \" data-animation=\"none\" data-delay=\"0\"><a href=\"https:\/\/prosertek.comes\/descargas\/descargar-guia-prevencion-accidentes-puertos\/\" target=\"_self\"><img loading=\"lazy\" decoding=\"async\" width=\"575\" height=\"575\" src=\"https:\/\/prosertek.com\/wp-content\/uploads\/guia-prevencion-accidentes-puertos.png\" class=\"attachment-full\" alt=\"\" srcset=\"https:\/\/prosertek.com\/wp-content\/uploads\/guia-prevencion-accidentes-puertos.png 575w, https:\/\/prosertek.com\/wp-content\/uploads\/guia-prevencion-accidentes-puertos-150x150.png 150w, https:\/\/prosertek.com\/wp-content\/uploads\/guia-prevencion-accidentes-puertos-300x300.png 300w, https:\/\/prosertek.com\/wp-content\/uploads\/guia-prevencion-accidentes-puertos-80x80.png 80w, https:\/\/prosertek.com\/wp-content\/uploads\/guia-prevencion-accidentes-puertos-500x500.png 500w\" sizes=\"auto, (max-width: 575px) 100vw, 575px\" \/><\/a><\/div>[vc_column_text]<\/p>\n<p style=\"text-align: center;\"><a class=\"btn\" href=\"https:\/\/prosertek.com\/fr\/telechargements\/telecharger-le-guide-de-prevention-des-accidents-portuaires\/\">T\u00e9l\u00e9charger<br \/>\n<\/a><\/p>\n<p>[\/vc_column_text][\/vc_column][\/vc_row][vc_row type=\u00a0\u00bbfull_width_section\u00a0\u00bb][vc_column][vc_column_text]<\/p>\n<p style=\"text-align: center;\"><a class=\"btn\" href=\"https:\/\/prosertek.com\/fr\/blog\/\">Voir plus de t\u00e9l\u00e9chargements<\/a><\/p>\n<p>[\/vc_column_text][vc_column_text]<\/p>\n<p>[\/vc_column_text][\/vc_column][\/vc_row][vc_row][vc_column][vc_column_text]<\/p>\n<h2 style=\"text-align: center;\">Articles en vedette<\/h2>\n<p>[\/vc_column_text][vc_column_text]<\/p>\n<p>[\/vc_column_text][vc_column_text]<\/p>\n<p style=\"text-align: center;\"><a class=\"btn\" href=\"https:\/\/prosertek.com\/fr\/blog\/\">Aller au blog<\/a><\/p>\n<p>[\/vc_column_text][\/vc_column][\/vc_row]<\/p>\n","protected":false},"excerpt":{"rendered":"<p>[vc_row][vc_column width=\u00a0\u00bb1\/1&Prime;][vc_column_text] MERCI! [\/vc_column_text][vc_column_text] Merci d&rsquo;avoir t\u00e9l\u00e9charg\u00e9 notre catalogue. [\/vc_column_text][\/vc_column][\/vc_row][vc_row][vc_column][vc_column_text] Nos produits les plus recherch\u00e9s [\/vc_column_text][vc_column_text] Syst\u00e8me Aide \u00e0 l&rsquo;accostage Crocs d\u2019amarrage \u00e0 largage rapide Passerelles d&#8217;embarquement des passagers Grues portuaires Defensas marinas Bollards [\/vc_column_text][vc_column_text] Voir tous les produitsV [\/vc_column_text][vc_column_text] [\/vc_column_text][\/vc_column][\/vc_row][vc_row type=\u00a0\u00bbfull_width_section\u00a0\u00bb][vc_column][vc_widget_sidebar sidebar_id=\u00a0\u00bbnewsletter\u00a0\u00bb][\/vc_column][\/vc_row][vc_row type=\u00a0\u00bbfull_width_section\u00a0\u00bb][vc_column][vc_column_text] Nos t\u00e9l\u00e9chargements [\/vc_column_text][vc_column_text] [\/vc_column_text][\/vc_column][\/vc_row][vc_row][vc_column width=\u00a0\u00bb1\/3&Prime;][vc_column_text] Guide des ports d&rsquo;Am\u00e9rique du Nord [\/vc_column_text][vc_column_text] T\u00e9l\u00e9charger [\/vc_column_text][\/vc_column][vc_column width=\u00a0\u00bb1\/3&Prime;][vc_column_text] Guide des nouvelles technologies des \u00e9quipements portuaires [\/vc_column_text][vc_column_text] T\u00e9l\u00e9charger [\/vc_column_text][\/vc_column][vc_column width=\u00a0\u00bb1\/3&Prime;][vc_column_text] Guide de pr\u00e9vention des accidents portuaires [\/vc_column_text][vc_column_text] T\u00e9l\u00e9charger [\/vc_column_text][\/vc_column][\/vc_row][vc_row type=\u00a0\u00bbfull_width_section\u00a0\u00bb][vc_column][vc_column_text] Voir plus de t\u00e9l\u00e9chargements [\/vc_column_text][vc_column_text] [\/vc_column_text][\/vc_column][\/vc_row][vc_row][vc_column][vc_column_text] Articles en vedette [\/vc_column_text][vc_column_text] [\/vc_column_text][vc_column_text] Aller au blog [\/vc_column_text][\/vc_column][\/vc_row]<\/p>\n","protected":false},"author":3,"featured_media":0,"parent":29208,"menu_order":0,"comment_status":"closed","ping_status":"closed","template":"","meta":{"_acf_changed":false,"footnotes":""},"class_list":["post-29251","page","type-page","status-publish","hentry"],"acf":[],"_links":{"self":[{"href":"https:\/\/prosertek.com\/fr\/wp-json\/wp\/v2\/pages\/29251","targetHints":{"allow":["GET"]}}],"collection":[{"href":"https:\/\/prosertek.com\/fr\/wp-json\/wp\/v2\/pages"}],"about":[{"href":"https:\/\/prosertek.com\/fr\/wp-json\/wp\/v2\/types\/page"}],"author":[{"embeddable":true,"href":"https:\/\/prosertek.com\/fr\/wp-json\/wp\/v2\/users\/3"}],"replies":[{"embeddable":true,"href":"https:\/\/prosertek.com\/fr\/wp-json\/wp\/v2\/comments?post=29251"}],"version-history":[{"count":3,"href":"https:\/\/prosertek.com\/fr\/wp-json\/wp\/v2\/pages\/29251\/revisions"}],"predecessor-version":[{"id":29351,"href":"https:\/\/prosertek.com\/fr\/wp-json\/wp\/v2\/pages\/29251\/revisions\/29351"}],"up":[{"embeddable":true,"href":"https:\/\/prosertek.com\/fr\/wp-json\/wp\/v2\/pages\/29208"}],"wp:attachment":[{"href":"https:\/\/prosertek.com\/fr\/wp-json\/wp\/v2\/media?parent=29251"}],"curies":[{"name":"wp","href":"https:\/\/api.w.org\/{rel}","templated":true}]}}