{"id":29319,"date":"2023-12-12T16:00:19","date_gmt":"2023-12-12T15:00:19","guid":{"rendered":"https:\/\/prosertek.com\/?page_id=29319"},"modified":"2023-12-12T16:04:10","modified_gmt":"2023-12-12T15:04:10","slug":"avis-juridique","status":"publish","type":"page","link":"https:\/\/prosertek.com\/fr\/avis-juridique\/","title":{"rendered":"AVIS JURIDIQUE"},"content":{"rendered":"<h2>POLITIQUE DE CONFIDENTIALIT\u00c9<\/h2>\r\n<p>Politique de confidentialit\u00e9 &#8211; Notre politique de confidentialit\u00e9 est con\u00e7ue conform\u00e9ment au R\u00e8glement g\u00e9n\u00e9ral sur la protection des donn\u00e9es 2016\/679 de l&rsquo;UE relatif \u00e0 la protection des personnes physiques \u00e0 l&rsquo;\u00e9gard du traitement des donn\u00e9es \u00e0 caract\u00e8re personnel et \u00e0 la libre circulation de ces donn\u00e9es. En nous fournissant vos donn\u00e9es, vous d\u00e9clarez avoir lu et compris la pr\u00e9sente politique de confidentialit\u00e9, en donnant votre consentement explicite et sans \u00e9quivoque au traitement de vos donn\u00e9es personnelles conform\u00e9ment aux objectifs et aux termes exprim\u00e9s ici. L&rsquo;entreprise peut modifier cette politique de confidentialit\u00e9 afin de l&rsquo;adapter \u00e0 la nouvelle l\u00e9gislation, \u00e0 la jurisprudence ou \u00e0 l&rsquo;interpr\u00e9tation de l&rsquo;Agence espagnole de protection des donn\u00e9es.<\/p>\r\n<h3><strong>1.\u00a0\u00a0\u00a0 Coordonn\u00e9es du responsable du traitement<\/strong><\/h3>\r\n<p>PROSERTEK, S.L. TVA : B95695417 Adresse postale : Iparraguirre, 59, 5\u00ba &#8211; 48980 Santurtzi (Bizkaia) &#8211; Espagne T\u00e9l\u00e9phoneCourriel : prosertek@prosertek.co<\/p>\r\n<h3><strong>2.\u00a0\u00a0\u00a0 Objectif<\/strong><\/h3>\r\n<p><strong>\u00c0 quelles fins traitons-nous vos donn\u00e9es \u00e0 caract\u00e8re personnel ?<\/strong> PROSERTEK, S.L. traite les informations fournies par les parties int\u00e9ress\u00e9es afin de vous offrir des informations sur les produits qui vous int\u00e9ressent et de g\u00e9rer la relation commerciale. <strong>Combien de temps conserverons-nous vos donn\u00e9es ?<\/strong> Les donn\u00e9es personnelles fournies sont conserv\u00e9es aussi longtemps que la relation commerciale est maintenue ou que leur suppression n&rsquo;est pas demand\u00e9e par la personne concern\u00e9e.<\/p>\r\n<h3><strong>3.\u00a0\u00a0\u00a0 L\u00e9gitimation<\/strong><\/h3>\r\n<p><strong>Quelle est la l\u00e9gitimit\u00e9 du traitement de vos donn\u00e9es ?<\/strong> La base juridique du traitement de vos donn\u00e9es est de demander votre consentement au traitement de vos donn\u00e9es personnelles conform\u00e9ment aux dispositions du r\u00e8glement europ\u00e9en (UE) 2016\/279 sur la protection des donn\u00e9es personnelles. Dans le cas de nos clients et fournisseurs, le traitement est l\u00e9gitim\u00e9 par l&rsquo;ex\u00e9cution d&rsquo;un contrat de fourniture de produits.<\/p>\r\n<h3><strong>4.\u00a0\u00a0\u00a0 Destinataires<\/strong><\/h3>\r\n<p><strong>\u00c0 quels destinataires vos donn\u00e9es seront-elles communiqu\u00e9es ?<\/strong> Les donn\u00e9es fournies ne seront pas communiqu\u00e9es ou transf\u00e9r\u00e9es \u00e0 des tiers, sauf dans les cas de conformit\u00e9 l\u00e9gale ou ceux n\u00e9cessaires pour respecter nos obligations envers les autorit\u00e9s fiscales, la s\u00e9curit\u00e9 sociale et les institutions financi\u00e8res.<\/p>\r\n<h3><strong>5.\u00a0\u00a0\u00a0 Droits<\/strong><\/h3>\r\n<p><strong>Quels sont vos droits lorsque vous nous fournissez vos donn\u00e9es ?<\/strong> Toute personne a le droit d&rsquo;obtenir la confirmation que PROSERTEK, S.L. traite ou non des donn\u00e9es personnelles la concernant. Les personnes concern\u00e9es ont le droit d&rsquo;acc\u00e9der \u00e0 leurs donn\u00e9es personnelles, de demander la rectification des donn\u00e9es inexactes ou, le cas \u00e9ch\u00e9ant, de demander leur suppression lorsque, entre autres raisons, les donn\u00e9es ne sont plus n\u00e9cessaires aux fins pour lesquelles elles ont \u00e9t\u00e9 collect\u00e9es. Dans certaines circonstances, les personnes concern\u00e9es peuvent nous demander de limiter le traitement de leurs donn\u00e9es, auquel cas nous ne conserverons les donn\u00e9es qu&rsquo;aux fins de l&rsquo;exercice ou de la d\u00e9fense des r\u00e9clamations. Dans certaines circonstances et pour des raisons tenant \u00e0 leur situation particuli\u00e8re, les personnes concern\u00e9es peuvent s&rsquo;opposer au traitement de leurs donn\u00e9es. PROSERTEK, S.L. cessera de traiter les donn\u00e9es, sauf pour des raisons l\u00e9gitimes imp\u00e9rieuses ou pour l&rsquo;exercice ou la d\u00e9fense d&rsquo;\u00e9ventuelles r\u00e9clamations. Pour exercer vos droits, vous devez indiquer dans votre demande votre nom complet et le droit que vous exercez, ainsi qu&rsquo;une copie de votre carte d&rsquo;identit\u00e9 ou d&rsquo;un document \u00e9quivalent prouvant votre identit\u00e9. En outre, vous aurez le droit de d\u00e9poser une plainte aupr\u00e8s de l&rsquo;Agence espagnole de protection des donn\u00e9es si vous n&rsquo;avez pas obtenu satisfaction dans l&rsquo;exercice de vos droits.<\/p>\r\n\r\n<h2 class=\"wp-block-heading\"><strong>SOUTIEN AU D\u00c9VELOPPEMENT INTERNATIONAL ET \u00c0 L&rsquo;ENVIRONNEMENT<\/strong><\/h2>\r\n\r\n\r\n\r\n<p>PROSERTEK SL, dans le cadre du programme ICEX Next, a \u00e9t\u00e9 soutenu par l&rsquo;ICEX et cofinanc\u00e9 par le fonds europ\u00e9en FEDER. L&rsquo;objectif de ce soutien est de contribuer au d\u00e9veloppement international de l&rsquo;entreprise et de son environnement.<\/p>\r\n\r\n\r\n\r\n<figure class=\"wp-block-gallery has-nested-images columns-default is-cropped wp-block-gallery-1 is-layout-flex wp-block-gallery-is-layout-flex\">\r\n<figure class=\"wp-block-image size-large\"><img loading=\"lazy\" decoding=\"async\" width=\"400\" height=\"319\" data-id=\"28972\" class=\"wp-image-28972\" src=\"https:\/\/prosertek.com\/wp-content\/uploads\/logotipo-union-europea.webp\" alt=\"\" srcset=\"https:\/\/prosertek.com\/wp-content\/uploads\/logotipo-union-europea.webp 400w, https:\/\/prosertek.com\/wp-content\/uploads\/logotipo-union-europea-300x239.webp 300w\" sizes=\"auto, (max-width: 400px) 100vw, 400px\" \/><\/figure>\r\n<\/figure>\r\n\r\n\r\n\r\n<h2 class=\"wp-block-heading\"><strong>POLITIQUE EN MATI\u00c8RE DE COOKIES<\/strong><\/h2>\r\n\r\n\r\n\r\n<p>Chez PROSERTEK, S.L., nous utilisons des cookies afin de vous offrir un meilleur service et une meilleure exp\u00e9rience de navigation. Nous souhaitons vous informer de mani\u00e8re claire et pr\u00e9cise sur les cookies que nous utilisons, en d\u00e9taillant ci-dessous ce qu&rsquo;est un cookie, \u00e0 quoi il sert, quels types de cookies nous utilisons, quelle est leur finalit\u00e9 et comment vous pouvez les configurer ou les d\u00e9sactiver si vous le souhaitez. <strong>Qu&rsquo;est-ce qu&rsquo;un cookie et \u00e0 quoi sert-il ?<\/strong> Un cookie est un petit fichier qui est stock\u00e9 sur l&rsquo;ordinateur, la tablette, le smartphone ou tout autre appareil de l&rsquo;utilisateur avec des informations de navigation. La collecte de cookies aupr\u00e8s de tous nos utilisateurs nous aide \u00e0 am\u00e9liorer la qualit\u00e9 de notre site web, en nous permettant de contr\u00f4ler les pages qui sont utiles, celles qui ne le sont pas et celles qui peuvent \u00eatre am\u00e9lior\u00e9es. Les cookies sont essentiels au fonctionnement de l&rsquo;internet, offrant d&rsquo;innombrables avantages dans la fourniture de services interactifs, facilitant la navigation et l&rsquo;utilisation de notre site web. Les cookies ne peuvent en aucun cas endommager votre ordinateur. En revanche, le fait qu&rsquo;ils soient actifs nous aide \u00e0 identifier et \u00e0 r\u00e9soudre les erreurs. <strong>Quels types de cookies utilisons-nous ?<\/strong> Selon l&rsquo;entit\u00e9 qui le g\u00e8re :<\/p>\r\n<ul>\r\n<li>Cookies de premi\u00e8re partie : ce sont ceux qui sont envoy\u00e9s \u00e0 votre ordinateur \u00e0 partir de nos propres \u00e9quipements ou domaines et \u00e0 partir desquels nous fournissons le service demand\u00e9 par les utilisateurs.<\/li>\r\n<li>Cookies de tiers : ceux qui sont envoy\u00e9s \u00e0 votre ordinateur \u00e0 partir d&rsquo;un ordinateur ou d&rsquo;un domaine qui n&rsquo;est pas g\u00e9r\u00e9 par nous, mais par une autre entit\u00e9 collaboratrice. Par exemple, ceux utilis\u00e9s par les r\u00e9seaux sociaux, ou par des contenus externes, tels que Google Maps.<\/li>\r\n<\/ul>\r\n<p>En fonction de la dur\u00e9e de leur activation :<\/p>\r\n<ul>\r\n<li>Cookies de session : il s&rsquo;agit de cookies temporaires qui restent dans le fichier de cookies de votre navigateur jusqu&rsquo;\u00e0 ce que vous quittiez le site web, de sorte qu&rsquo;aucun d&rsquo;entre eux ne reste enregistr\u00e9 sur le disque dur de votre ordinateur. Les informations obtenues gr\u00e2ce \u00e0 ces cookies sont utilis\u00e9es pour analyser les sch\u00e9mas de trafic sur le web. En fin de compte, cela nous permet de fournir une meilleure exp\u00e9rience pour am\u00e9liorer le contenu et le rendre plus facile \u00e0 utiliser.<\/li>\r\n<li>Cookies persistants : ils sont stock\u00e9s sur le disque dur et notre site web les lit chaque fois que vous le visitez \u00e0 nouveau. Un cookie persistant a une date d&rsquo;expiration fixe. Le cookie cessera de fonctionner apr\u00e8s cette date.<\/li>\r\n<\/ul>\r\n<p>En fonction de leur objectif :<\/p>\r\n<ul>\r\n<li>Cookies techniques : il s&rsquo;agit des cookies n\u00e9cessaires \u00e0 la navigation et au bon fonctionnement de notre site web. Ils permettent, par exemple, de contr\u00f4ler le trafic et la communication de donn\u00e9es, d&rsquo;acc\u00e9der \u00e0 des zones restreintes, d&rsquo;utiliser des fonctions de s\u00e9curit\u00e9, de stocker du contenu afin de diffuser des vid\u00e9os ou de partager du contenu sur les r\u00e9seaux sociaux.<\/li>\r\n<li>Cookies de personnalisation : ils permettent d&rsquo;acc\u00e9der au service avec des caract\u00e9ristiques pr\u00e9d\u00e9finies en fonction d&rsquo;une s\u00e9rie de crit\u00e8res, tels que la langue, le type de navigateur utilis\u00e9 pour acc\u00e9der au service, la configuration r\u00e9gionale \u00e0 partir de laquelle on acc\u00e8de au service, etc.<\/li>\r\n<li>Cookies d&rsquo;analyse : il s&rsquo;agit de cookies qui nous permettent de quantifier le nombre d&rsquo;utilisateurs et de proc\u00e9der ainsi \u00e0 la mesure et \u00e0 l&rsquo;analyse statistique de l&rsquo;utilisation faite par les utilisateurs des services fournis. A cette fin, votre navigation sur notre site est analys\u00e9e afin d&rsquo;am\u00e9liorer la gamme de produits et de services que nous proposons.<\/li>\r\n<li>Cookies publicitaires : ce sont ceux qui permettent de g\u00e9rer, de la mani\u00e8re la plus efficace possible, les espaces publicitaires qui peuvent \u00eatre inclus sur notre site web.<\/li>\r\n<li>Cookies de publicit\u00e9 comportementale : ces cookies stockent des informations sur le comportement de l&rsquo;utilisateur obtenues par une observation continue. Gr\u00e2ce \u00e0 eux, nous pouvons conna\u00eetre vos habitudes de navigation sur internet et afficher de la publicit\u00e9 li\u00e9e \u00e0 votre profil de navigation.<\/li>\r\n<\/ul>\r\n\r\n\r\n\r\n<p><strong>Finalit\u00e9 de chacun des cookies utilis\u00e9s<\/strong><\/p>\r\n\r\n\r\n\r\n<p>Nous d\u00e9taillons ci-dessous les cookies utilis\u00e9s sur notre site web et leur finalit\u00e9.<\/p>\r\n\r\n\r\n\r\n<p><strong>La liste des cookies utilis\u00e9s par le domaine Prosertek.com<\/strong><\/p>\r\n<table>\r\n<tbody>\r\n<tr>\r\n<th><strong>PR\u00c9NOM<\/strong><\/th>\r\n<th><strong>SERVEUR D&rsquo;ENVOI<\/strong><\/th>\r\n<th><strong>EXPLICATION<\/strong><\/th>\r\n<th><strong>OBJECTIF<\/strong><\/th>\r\n<th><strong>PROPRES\/ TIERS<\/strong><\/th>\r\n<\/tr>\r\n<tr>\r\n<td>_dc_gtm_UA<\/td>\r\n<td>prosertek.com<\/td>\r\n<td>Cookies utilis\u00e9s par Google Analytics lorsqu&rsquo;ils sont d\u00e9ploy\u00e9s via Google Tag Manager.<\/td>\r\n<td>Analyses<\/td>\r\n<td>Propre \u00e0 l&rsquo;entreprise<\/td>\r\n<\/tr>\r\n<tr>\r\n<td>_ga<\/td>\r\n<td>.gstatic.com<\/td>\r\n<td>Cookies utilis\u00e9s par Google Analytics qui contiennent un identifiant anonyme utilis\u00e9 pour distinguer les utilisateurs.<\/td>\r\n<td>Analyses<\/td>\r\n<td>Tiers<\/td>\r\n<\/tr>\r\n<tr>\r\n<td>_ga<\/td>\r\n<td>.prosertek.com<\/td>\r\n<td>Cookies utilis\u00e9s par Google Analytics qui contiennent un identifiant anonyme utilis\u00e9 pour distinguer les utilisateurs.<\/td>\r\n<td>Analyses<\/td>\r\n<td>Propre \u00e0 l&rsquo;entreprise<\/td>\r\n<\/tr>\r\n<tr>\r\n<td>_gat_UA<\/td>\r\n<td>.prosertek.com<\/td>\r\n<td>Utilis\u00e9 pour diff\u00e9rencier les diff\u00e9rents objets de suivi cr\u00e9\u00e9s au cours de la session. Le cookie est cr\u00e9\u00e9 lors du chargement de la biblioth\u00e8que javascript et il n&rsquo;existe pas de version ant\u00e9rieure du cookie _gat. Le cookie est mis \u00e0 jour chaque fois que vous envoyez des donn\u00e9es \u00e0 Google Analytics.<\/td>\r\n<td>Strictement n\u00e9cessaire<\/td>\r\n<td>Propre \u00e0 l&rsquo;entreprise<\/td>\r\n<\/tr>\r\n<tr>\r\n<td>_gid<\/td>\r\n<td>.prosertek.com<\/td>\r\n<td>Google Analytics utilise ce cookie pour stocker et mettre \u00e0 jour une valeur unique pour chaque page visit\u00e9e. Le cookie est mis \u00e0 jour chaque fois que vous envoyez des donn\u00e9es \u00e0 Google Analytics.<\/td>\r\n<td>Analyses<\/td>\r\n<td>Propre \u00e0 l&rsquo;entreprise<\/td>\r\n<\/tr>\r\n<tr>\r\n<td>_icl_current_language<\/td>\r\n<td>.prosertek.com<\/td>\r\n<td>Identifie la langue de l&rsquo;utilisateur<\/td>\r\n<td>Technique<\/td>\r\n<td>Propre \u00e0 l&rsquo;entreprise<\/td>\r\n<\/tr>\r\n<tr>\r\n<td>_ym_isad<\/td>\r\n<td>.prosertek.com<\/td>\r\n<td>Ils sont utilis\u00e9s pour mesurer et analyser le trafic de ce site web. Il s&rsquo;agit des cookies utilis\u00e9s par le script Yandex Metrica appartenant \u00e0 la soci\u00e9t\u00e9 Yandex.<\/td>\r\n<td>Analyses<\/td>\r\n<td>Propre \u00e0 l&rsquo;entreprise<\/td>\r\n<\/tr>\r\n<tr>\r\n<td>_ym_uid<\/td>\r\n<td>.yandex.ru<\/td>\r\n<td>Analyse du trafic web.<\/td>\r\n<td>Analyses<\/td>\r\n<td>Tiers<\/td>\r\n<\/tr>\r\n<tr>\r\n<td>_ym_uid<\/td>\r\n<td>.prosertek.com<\/td>\r\n<td>Analyse du trafic web.<\/td>\r\n<td>Analyses<\/td>\r\n<td>Propre \u00e0 l&rsquo;entreprise<\/td>\r\n<\/tr>\r\n<tr>\r\n<td>_ym_visorc<\/td>\r\n<td>.prosertek.com<\/td>\r\n<td>Analyse du trafic web.<\/td>\r\n<td>Analyses<\/td>\r\n<td>Propre \u00e0 l&rsquo;entreprise<\/td>\r\n<\/tr>\r\n<tr>\r\n<td>gtm_auth<\/td>\r\n<td>www.googletagmanager.com<\/td>\r\n<td>Utilis\u00e9 pour tester Google Tag Manager<\/td>\r\n<td>Analyses<\/td>\r\n<td>Tiers<\/td>\r\n<\/tr>\r\n<tr>\r\n<td>gtm_debug<\/td>\r\n<td>www.googletagmanager.com<\/td>\r\n<td>Utilis\u00e9 pour tester Google Tag Manager<\/td>\r\n<td>Analyses<\/td>\r\n<td>Tiers<\/td>\r\n<\/tr>\r\n<tr>\r\n<td>gtm_preview<\/td>\r\n<td>www.googletagmanager.com<\/td>\r\n<td>Utilis\u00e9 pour tester Google Tag Manager<\/td>\r\n<td>Analyses<\/td>\r\n<td>Tiers<\/td>\r\n<\/tr>\r\n<tr>\r\n<td>i<\/td>\r\n<td>.yandex.ru<\/td>\r\n<td>Ils sont utilis\u00e9s pour mesurer et analyser le trafic de ce site web. Il s&rsquo;agit des cookies utilis\u00e9s par le script Yandex Metrica appartenant \u00e0 la soci\u00e9t\u00e9 Yandex.<\/td>\r\n<td>Analyses<\/td>\r\n<td>Tiers<\/td>\r\n<\/tr>\r\n<tr>\r\n<td>yabs-sid<\/td>\r\n<td>mc.yandex.ru<\/td>\r\n<td>Ils sont utilis\u00e9s pour mesurer et analyser le trafic de ce site web. Il s&rsquo;agit des cookies utilis\u00e9s par le script Yandex Metrica appartenant \u00e0 la soci\u00e9t\u00e9 Yandex.<\/td>\r\n<td>Analyses<\/td>\r\n<td>Tiers<\/td>\r\n<\/tr>\r\n<tr>\r\n<td>yandexuid<\/td>\r\n<td>.yandex.ru<\/td>\r\n<td>Ils sont utilis\u00e9s pour mesurer et analyser le trafic de ce site web. Il s&rsquo;agit des cookies utilis\u00e9s par le script Yandex Metrica appartenant \u00e0 la soci\u00e9t\u00e9 Yandex.<\/td>\r\n<td>Analyses<\/td>\r\n<td>Tiers<\/td>\r\n<\/tr>\r\n<tr>\r\n<td>yp<\/td>\r\n<td>.yandex.ru<\/td>\r\n<td>Ils sont utilis\u00e9s pour mesurer et analyser le trafic de ce site web. Il s&rsquo;agit des cookies utilis\u00e9s par le script Yandex Metrica appartenant \u00e0 la soci\u00e9t\u00e9 Yandex.<\/td>\r\n<td>Analyses<\/td>\r\n<td>Tiers<\/td>\r\n<\/tr>\r\n<\/tbody>\r\n<\/table>\r\n\r\n\r\n\r\n<p><strong>Comment les utilisateurs peuvent-ils configurer ou d\u00e9sactiver leurs cookies ?<\/strong><\/p>\r\n\r\n\r\n\r\n<p>Vous pouvez autoriser, bloquer ou supprimer les cookies install\u00e9s sur votre ordinateur en configurant les options de votre navigateur Internet. Si vous n&rsquo;autorisez pas l&rsquo;installation de cookies dans votre navigateur, il se peut que vous ne puissiez pas acc\u00e9der \u00e0 certains services et que votre exp\u00e9rience sur notre site web soit moins satisfaisante. Dans les liens suivants, vous disposez de toutes les informations n\u00e9cessaires pour configurer ou d\u00e9sactiver vos cookies dans chaque navigateur :<\/p>\r\n\r\n\r\n\r\n<ul class=\"wp-block-list\">\r\n<li><a href=\"https:\/\/support.google.com\/chrome\/answer\/95647?hl=es\" target=\"_blank\" rel=\"noreferrer noopener\">Google Chrome<\/a><\/li>\r\n<li><a href=\"https:\/\/support.mozilla.org\/es\/kb\/habilitar-y-deshabilitar-cookies-que-los-sitios-we\" target=\"_blank\" rel=\"noreferrer noopener\">Mozilla Firefox<\/a><\/li>\r\n<li><a href=\"http:\/\/windows.microsoft.com\/es-es\/windows-vista\/block-or-allow-cookies\" target=\"_blank\" rel=\"noreferrer noopener\">Internet Explorer<\/a><\/li>\r\n<li><a href=\"https:\/\/support.apple.com\/kb\/PH21411?viewlocale=es_ES&amp;locale=es_ES\" target=\"_blank\" rel=\"noreferrer noopener\">Safari<\/a><\/li>\r\n<li><a href=\"http:\/\/support.apple.com\/kb\/ht1677?viewlocale=es_es\" target=\"_blank\" rel=\"noreferrer noopener\">Safari pour IOS (iPhone et iPad)<\/a><\/li>\r\n<li><a href=\"https:\/\/support.google.com\/chrome\/answer\/2392971?hl=es\" target=\"_blank\" rel=\"noreferrer noopener\">Chrome pour Android<\/a><\/li>\r\n<\/ul>\r\n","protected":false},"excerpt":{"rendered":"<p>POLITIQUE DE CONFIDENTIALIT\u00c9 Politique de confidentialit\u00e9 &#8211; Notre politique de confidentialit\u00e9 est con\u00e7ue conform\u00e9ment au R\u00e8glement g\u00e9n\u00e9ral sur la protection des donn\u00e9es 2016\/679 de l&rsquo;UE relatif \u00e0 la protection des personnes physiques \u00e0 l&rsquo;\u00e9gard du traitement des donn\u00e9es \u00e0 caract\u00e8re personnel et \u00e0 la libre circulation de ces donn\u00e9es. En nous fournissant vos donn\u00e9es, vous d\u00e9clarez avoir lu et compris la pr\u00e9sente politique de confidentialit\u00e9, en donnant votre consentement explicite et sans \u00e9quivoque au traitement de vos donn\u00e9es personnelles conform\u00e9ment aux objectifs et aux termes exprim\u00e9s ici. L&rsquo;entreprise peut modifier cette politique de confidentialit\u00e9 afin de l&rsquo;adapter \u00e0 la nouvelle l\u00e9gislation, \u00e0 la jurisprudence ou \u00e0 l&rsquo;interpr\u00e9tation de l&rsquo;Agence espagnole de protection des donn\u00e9es. 1.\u00a0\u00a0\u00a0 Coordonn\u00e9es du responsable du traitement PROSERTEK, S.L. TVA : B95695417 Adresse postale : Iparraguirre, 59, 5\u00ba &#8211; 48980 Santurtzi (Bizkaia) &#8211; Espagne T\u00e9l\u00e9phoneCourriel : prosertek@prosertek.co 2.\u00a0\u00a0\u00a0 Objectif \u00c0 quelles fins traitons-nous vos donn\u00e9es \u00e0 caract\u00e8re personnel ? PROSERTEK, S.L. traite les informations fournies par les parties int\u00e9ress\u00e9es afin de vous offrir des informations sur les produits qui vous int\u00e9ressent et de g\u00e9rer la relation commerciale. Combien de temps conserverons-nous vos donn\u00e9es ? Les donn\u00e9es personnelles fournies sont conserv\u00e9es aussi longtemps que la relation commerciale est [&hellip;]<\/p>\n","protected":false},"author":3,"featured_media":0,"parent":0,"menu_order":0,"comment_status":"closed","ping_status":"closed","template":"","meta":{"_acf_changed":false,"footnotes":""},"class_list":["post-29319","page","type-page","status-publish","hentry"],"acf":[],"_links":{"self":[{"href":"https:\/\/prosertek.com\/fr\/wp-json\/wp\/v2\/pages\/29319","targetHints":{"allow":["GET"]}}],"collection":[{"href":"https:\/\/prosertek.com\/fr\/wp-json\/wp\/v2\/pages"}],"about":[{"href":"https:\/\/prosertek.com\/fr\/wp-json\/wp\/v2\/types\/page"}],"author":[{"embeddable":true,"href":"https:\/\/prosertek.com\/fr\/wp-json\/wp\/v2\/users\/3"}],"replies":[{"embeddable":true,"href":"https:\/\/prosertek.com\/fr\/wp-json\/wp\/v2\/comments?post=29319"}],"version-history":[{"count":3,"href":"https:\/\/prosertek.com\/fr\/wp-json\/wp\/v2\/pages\/29319\/revisions"}],"predecessor-version":[{"id":29323,"href":"https:\/\/prosertek.com\/fr\/wp-json\/wp\/v2\/pages\/29319\/revisions\/29323"}],"wp:attachment":[{"href":"https:\/\/prosertek.com\/fr\/wp-json\/wp\/v2\/media?parent=29319"}],"curies":[{"name":"wp","href":"https:\/\/api.w.org\/{rel}","templated":true}]}}